{"id":43,"date":"2014-10-28T22:48:35","date_gmt":"2014-10-28T21:48:35","guid":{"rendered":"http:\/\/www.auzouvillesurry.fr\/wordpress\/?page_id=43"},"modified":"2020-06-10T07:43:05","modified_gmt":"2020-06-10T06:43:05","slug":"le-ccas-centre-communal-daction-social","status":"publish","type":"page","link":"https:\/\/www.auzouvillesurry.fr\/wordpress\/vie-municipale-2\/le-ccas-centre-communal-daction-social\/","title":{"rendered":"Le CCAS Centre Communal d&rsquo;Action Sociale"},"content":{"rendered":"<p>Annie JEGAT, Pr\u00e9sidente.<\/p>\n<p>Philippe DURIN, Annick GUERARD, Dominique QUIESSE, Fran\u00e7oise DESOMBRE, Jocelyne FRESSARD (membre association ADMR), Catherine NADAU, Catherine BETON (membres association Animation Village), Christine PANCHOUT (repr\u00e9sentant Insertion sociale)<br \/>\nMaryvonne LECONTE, Henri HONNET (\u00e0 titre consultatif).<\/p>\n<p>Le CCAS peut intervenir en cas de difficult\u00e9s passag\u00e8res, n&rsquo;h\u00e9sitez pas \u00e0 contacter la Mairie.<\/p>\n<p align=\"justify\">&nbsp;<span style=\"font-size: medium;\"><u><b>Conditions d\u2019attribution des aides&nbsp;:<\/b><\/u><br \/>\nPour l\u2019ann\u00e9e 2016, l\u2019attribution des aides sera accord\u00e9e si les ressources mensuelles sont inf\u00e9rieures \u00e0&nbsp;: <\/span><\/p>\n<p style=\"padding-left: 60px;\" align=\"justify\"><span style=\"font-size: medium;\">900 \u20ac par mois pour une personne seule<br \/>\n1300 \u20ac par mois pour un couple<br \/>\nAuxquelles on ajoute&nbsp;:<br \/>\n350 \u20ac par mois pour l\u2019a\u00een\u00e9 des enfants<br \/>\n300 \u20ac par mois pour chacun des enfants suivants<\/span><\/p>\n<p align=\"justify\"><span style=\"font-size: medium;\">Les aides sont accord\u00e9es aux familles qui en font la demande apr\u00e8s examen des conditions de ressources,&nbsp;:<\/span><\/p>\n<p align=\"justify\"><span style=\"font-size: medium;\"><u><b>Aides aux voyages scolaires&nbsp;:<br \/>\n<\/b><\/u>apr\u00e8s examen des modalit\u00e9s et du co\u00fbt du voyage. Le montant de l\u2019aide sera \u00e9gal au tiers de la somme restant due par la famille.<\/span><\/p>\n<p align=\"justify\"><span style=\"font-size: medium;\"><u><b>Bons d\u2019alimentation et bons d\u2019\u00e9nergie :<\/b><\/u><b><br \/>\n<\/b>en juillet et d\u00e9cembre d\u2019une valeur de 120 \u20ac par personne sous forme de 3 bons <\/span><span style=\"font-size: medium;\">d&rsquo;alimentation <\/span><span style=\"font-size: medium;\">de 40 \u20ac.<br \/>\nen d\u00e9cembre d\u2019une valeur d\u2019environ 280.00 \u20ac en fuel, charbon, bois ou gaz.<\/span><\/p>\n<p align=\"justify\"><span style=\"font-size: medium;\"><u><b>Aide pour les \u00e9tudiants :<\/b><\/u><br \/>\nune aide aux \u00e9tudiants pour les frais d\u2019inscription aux concours. <\/span><\/p>\n<p align=\"justify\"><span style=\"font-size: medium;\"><u><b>Accueil de loisirs sans h\u00e9bergement (ALSH) :<\/b><\/u><br \/>\nune aide de 10 \u20ac par semaine, par enfant inscrit \u00e0 un centre d\u2019accueil de loisirs sans h\u00e9bergement de la Communaut\u00e9 de Communes, qu\u2019elle que soit la p\u00e9riode.<\/span><\/p>\n<p align=\"justify\">Le CCAS organise \u00e0 l&rsquo;attention des personnes \u00e2g\u00e9es de plus de 62 ans un repas en g\u00e9n\u00e9ral dans le courant du 1er trimestre et une distribution de colis lors de la semaine des retrait\u00e9s en octobre<\/p>\n<p><span style=\"color: #ff6600;\"><strong><span style=\"text-decoration: underline;\">Repas du CCAS le 9 mars 2019<\/span><\/strong><\/span><\/p>ngg_shortcode_0_placeholder<p>&nbsp;<\/p>\n","protected":false},"excerpt":{"rendered":"<p>Annie JEGAT, Pr\u00e9sidente. Philippe DURIN, Annick GUERARD, Dominique QUIESSE, Fran\u00e7oise DESOMBRE, Jocelyne FRESSARD (membre association ADMR), Catherine NADAU, Catherine BETON (membres association Animation Village), Christine PANCHOUT (repr\u00e9sentant Insertion sociale) Maryvonne LECONTE, Henri HONNET (\u00e0 titre consultatif). Le CCAS peut intervenir en cas de difficult\u00e9s passag\u00e8res, n&rsquo;h\u00e9sitez pas \u00e0 contacter la Mairie. &nbsp;Conditions d\u2019attribution des aides&nbsp;: [&hellip;]<\/p>\n","protected":false},"author":1,"featured_media":0,"parent":145,"menu_order":1,"comment_status":"closed","ping_status":"open","template":"","meta":{"ngg_post_thumbnail":0,"footnotes":""},"class_list":["post-43","page","type-page","status-publish","hentry"],"_links":{"self":[{"href":"https:\/\/www.auzouvillesurry.fr\/wordpress\/wp-json\/wp\/v2\/pages\/43","targetHints":{"allow":["GET"]}}],"collection":[{"href":"https:\/\/www.auzouvillesurry.fr\/wordpress\/wp-json\/wp\/v2\/pages"}],"about":[{"href":"https:\/\/www.auzouvillesurry.fr\/wordpress\/wp-json\/wp\/v2\/types\/page"}],"author":[{"embeddable":true,"href":"https:\/\/www.auzouvillesurry.fr\/wordpress\/wp-json\/wp\/v2\/users\/1"}],"replies":[{"embeddable":true,"href":"https:\/\/www.auzouvillesurry.fr\/wordpress\/wp-json\/wp\/v2\/comments?post=43"}],"version-history":[{"count":22,"href":"https:\/\/www.auzouvillesurry.fr\/wordpress\/wp-json\/wp\/v2\/pages\/43\/revisions"}],"predecessor-version":[{"id":9981,"href":"https:\/\/www.auzouvillesurry.fr\/wordpress\/wp-json\/wp\/v2\/pages\/43\/revisions\/9981"}],"up":[{"embeddable":true,"href":"https:\/\/www.auzouvillesurry.fr\/wordpress\/wp-json\/wp\/v2\/pages\/145"}],"wp:attachment":[{"href":"https:\/\/www.auzouvillesurry.fr\/wordpress\/wp-json\/wp\/v2\/media?parent=43"}],"curies":[{"name":"wp","href":"https:\/\/api.w.org\/{rel}","templated":true}]}}