{"id":310,"date":"2014-12-20T16:16:26","date_gmt":"2014-12-20T15:16:26","guid":{"rendered":"http:\/\/www.auzouvillesurry.fr\/wordpress\/?page_id=310"},"modified":"2026-02-01T18:13:51","modified_gmt":"2026-02-01T17:13:51","slug":"les-bons-amis","status":"publish","type":"page","link":"https:\/\/www.auzouvillesurry.fr\/wordpress\/vie-associative\/les-bons-amis\/","title":{"rendered":"Club des Bons Amis"},"content":{"rendered":"<p>Pr\u00e9sidente : Dominique QUIESSE<br \/>\nVice pr\u00e9sidente : Fran\u00e7oise DESOMBRE<br \/>\nSecr\u00e9taire : Dani\u00e8le PILLON,<br \/>\nTr\u00e9soriers :&nbsp; William PILLON, Dominique BODOT<\/p>\n<p>Le club se r\u00e9unit un jeudi sur 2 \u00e0 la salle polyvalente pour un apr\u00e8s-midi convivial: jeux de cartes, scrabble,&#8230;. et une petite collation.<\/p>\n<p>En partenariat avec les a\u00een\u00e9s ruraux le mercredi matin de 10h \u00e0 11h \u00e0 la salle polyvalente: <a href=\"https:\/\/www.auzouvillesurry.fr\/wordpress\/wp-content\/uploads\/affiches\/gym-s\u00e9niors-article.pdf\" target=\"_blank\" rel=\"noopener\">gymnastique s\u00e9niors<\/a>&nbsp;<\/p>\n<p>&nbsp;<\/p>\n<p><strong><span style=\"color: #ff6600;\">2019<\/span><\/strong><br \/>\n<a href=\"https:\/\/www.auzouvillesurry.fr\/wordpress\/?page_id=9623\">Spectacle et repas 2019<\/a><\/p>\n<p><strong><span style=\"color: #ff6600;\">2018<br \/>\n<\/span><\/strong><a href=\"https:\/\/www.auzouvillesurry.fr\/wordpress\/?page_id=8226\">Spectacle et repas 2018<\/a><br \/>\n<a href=\"https:\/\/www.auzouvillesurry.fr\/wordpress\/?page_id=7582\">Th\u00e9 dansant 15 avril 2018<\/a><\/p>\n<p><strong><span style=\"color: #ff6600;\">2017<\/span><\/strong><\/p>\n<p><a href=\"https:\/\/www.auzouvillesurry.fr\/wordpress\/?page_id=9379\">Spectacle et repas 2017<\/a><\/p>\n<p>&nbsp;<strong><span style=\"color: #ff6600;\">2016<br \/>\n<\/span><\/strong><a href=\"https:\/\/www.auzouvillesurry.fr\/wordpress\/?page_id=5619\" target=\"_blank\" rel=\"noopener\">Spectacle du club 2016<\/a><br \/>\n<a href=\"https:\/\/www.auzouvillesurry.fr\/wordpress\/?page_id=5710\" target=\"_blank\" rel=\"noopener\">Repas du club 2016&nbsp;<\/a><\/p>\n<p><span style=\"color: #ff6600;\"><strong>2015<br \/>\n<\/strong><\/span><a href=\"https:\/\/www.auzouvillesurry.fr\/wordpress\/?page_id=5623\" target=\"_blank\" rel=\"noopener\">Repas du club 2015<\/a><\/p>\n<p><strong><span style=\"color: #ff6600;\">2014<br \/>\n<\/span><\/strong><a href=\"https:\/\/www.auzouvillesurry.fr\/wordpress\/?page_id=2043\">Spectacle du 23 novembre 2014<\/a><br \/>\n<a href=\"https:\/\/www.auzouvillesurry.fr\/wordpress\/?page_id=2045\">Repas du club du 29 novembre 2014<\/a><\/p>\n","protected":false},"excerpt":{"rendered":"<p>Pr\u00e9sidente : Dominique QUIESSE Vice pr\u00e9sidente : Fran\u00e7oise DESOMBRE Secr\u00e9taire : Dani\u00e8le PILLON, Tr\u00e9soriers :&nbsp; William PILLON, Dominique BODOT Le club se r\u00e9unit un jeudi sur 2 \u00e0 la salle polyvalente pour un apr\u00e8s-midi convivial: jeux de cartes, scrabble,&#8230;. et une petite collation. En partenariat avec les a\u00een\u00e9s ruraux le mercredi matin de 10h \u00e0 [&hellip;]<\/p>\n","protected":false},"author":6,"featured_media":0,"parent":7,"menu_order":1,"comment_status":"closed","ping_status":"open","template":"","meta":{"ngg_post_thumbnail":0,"footnotes":""},"class_list":["post-310","page","type-page","status-publish","hentry"],"_links":{"self":[{"href":"https:\/\/www.auzouvillesurry.fr\/wordpress\/wp-json\/wp\/v2\/pages\/310","targetHints":{"allow":["GET"]}}],"collection":[{"href":"https:\/\/www.auzouvillesurry.fr\/wordpress\/wp-json\/wp\/v2\/pages"}],"about":[{"href":"https:\/\/www.auzouvillesurry.fr\/wordpress\/wp-json\/wp\/v2\/types\/page"}],"author":[{"embeddable":true,"href":"https:\/\/www.auzouvillesurry.fr\/wordpress\/wp-json\/wp\/v2\/users\/6"}],"replies":[{"embeddable":true,"href":"https:\/\/www.auzouvillesurry.fr\/wordpress\/wp-json\/wp\/v2\/comments?post=310"}],"version-history":[{"count":35,"href":"https:\/\/www.auzouvillesurry.fr\/wordpress\/wp-json\/wp\/v2\/pages\/310\/revisions"}],"predecessor-version":[{"id":13696,"href":"https:\/\/www.auzouvillesurry.fr\/wordpress\/wp-json\/wp\/v2\/pages\/310\/revisions\/13696"}],"up":[{"embeddable":true,"href":"https:\/\/www.auzouvillesurry.fr\/wordpress\/wp-json\/wp\/v2\/pages\/7"}],"wp:attachment":[{"href":"https:\/\/www.auzouvillesurry.fr\/wordpress\/wp-json\/wp\/v2\/media?parent=310"}],"curies":[{"name":"wp","href":"https:\/\/api.w.org\/{rel}","templated":true}]}}