{"id":287,"date":"2014-12-18T10:21:17","date_gmt":"2014-12-18T09:21:17","guid":{"rendered":"http:\/\/www.auzouvillesurry.fr\/wordpress\/?page_id=287"},"modified":"2024-10-19T15:07:17","modified_gmt":"2024-10-19T14:07:17","slug":"histoire-et-patrimoine","status":"publish","type":"page","link":"https:\/\/www.auzouvillesurry.fr\/wordpress\/histoire-et-patrimoine\/","title":{"rendered":"Tourisme et patrimoine"},"content":{"rendered":"<p align=\"JUSTIFY\"><span style=\"font-family: Times New Roman,serif;\"><span style=\"font-size: medium;\">La commune d&rsquo;Auzouville sur Ry situ\u00e9e sur le plateau est de ROUEN, \u00e0 140 m\u00e8tres d&rsquo;altitude environ, \u00e0 la limite du d\u00e9partement de la Seine Maritime,&nbsp; s&rsquo;\u00e9tend sur 799 hectares. Proche du <a href=\"http:\/\/www.chateaudemartainville.fr\/\" class=\"external external_icon\" rel=\"nofollow\" target=\"_blank\">ch\u00e2teau de Martainville<\/a>, joyaux de la renaissance. A l&rsquo;ouest de la vall\u00e9e de l&rsquo;Andelle et de la for\u00eat domaniale de Lyons la For\u00eat. Proche de Ry, village qui inspira Gustave Flaubert pour son roman Madame Bovary.<\/span><\/span><\/p>\n<p align=\"JUSTIFY\"><span style=\"font-family: Times New Roman,serif;\"><span style=\"font-size: medium;\">Auzouville tire son nom du latin <i>villa <\/i>domaine rural et du patronyme Normand <i>Ozull<\/i> ou <i>Auzou.<\/i> <\/span><\/span><\/p>\n<p align=\"JUSTIFY\"><span style=\"font-family: Times New Roman,serif;\"><span style=\"font-size: medium;\">Pour le tourisme, la commune d\u2019Auzouville-sur-Ry dispose du <a href=\"http:\/\/lejardinplume.com\/\" class=\"external external_icon\" rel=\"nofollow\" target=\"_blank\">Jardin de Plume<\/a>. Ce jardin, qui a re\u00e7u le label de jardin remarquable <\/span><\/span><\/p>\n<p align=\"JUSTIFY\"><span style=\"font-family: Times New Roman,serif;\"><span style=\"font-size: medium;\">Auzouville sur Ry fait partie du circuit Bovary qui comporte quinze \u00e9tapes et s&rsquo;\u00e9tend sur une soixantaine de kilom\u00e8tres. Il permet de d\u00e9couvrir le patrimoine des villages et les sites et paysages qui auraient servi de cadre au roman de Gustave Flaubert <i>Madame Bovary<\/i>. Ce circuit part de Ry et passe par Blainville Crevon, St-Germain-des-Essourts, Ste-Croix-sur-Buchy, Buchy, Bois H\u00e9roult, Bois Guilbert, H\u00e9ronchelles, Rebets, Le H\u00e9ron, St-Denis-le-Thiboult, Auzouville-sur-Ry et Martainville-Epreville. <\/span><\/span><\/p>\n<p align=\"JUSTIFY\"><span style=\"font-family: Times New Roman,serif;\"><span style=\"font-size: medium;\">Les coordonn\u00e9es GPS de Auzouville-sur-Ry sont : <b>49.4419 (latitude)<\/b> et <b>1.3125 (longitude)<\/b>. <\/span><\/span><\/p>ngg_shortcode_0_placeholder<p><a href=\"https:\/\/www.normandie-caux-vexin.com\/fr\/\" class=\"external external_icon\" rel=\"nofollow\" target=\"_blank\">Office de tourisme Normandie Caux Vexin<\/a><\/p>\n<p style=\"padding-left: 30px;\">42 place du G\u00e9n\u00e9ral de Gaulle &#8211;<\/p>\n<p style=\"padding-left: 30px;\">76750 BUCHY<\/p>\n<p style=\"padding-left: 30px;\">02.35.23.19.90.<\/p>\n<p>&nbsp;<\/p>\n<p style=\"padding-left: 30px;\"><span style=\"color: #222222;\"><span style=\"font-family: Times New Roman,serif;\"><span style=\"font-size: medium;\">L\u2019Office de Tourisme vous accueille tout au long de l\u2019ann\u00e9e pour vous informer sur les diff\u00e9rentes activit\u00e9s propos\u00e9es dans la r\u00e9gion. A disposition, une documentation qui vous permettra de fl\u00e2ner sur les routes qui ont inspir\u00e9 le roman \u00ab Madame Bovary \u00bb. Randonn\u00e9es, patrimoine, nature, gastronomie sont au rendez-vous !<\/span><\/span><\/span><\/p>\n<p style=\"padding-left: 30px;\"><span style=\"color: #222222;\"><span style=\"font-family: Times New Roman,serif;\"><span style=\"font-size: medium;\">Ouverture&nbsp;:<\/span><\/span><\/span><\/p>\n<p style=\"padding-left: 60px;\"><span style=\"font-family: Times New Roman,serif;\"><span style=\"color: #222222;\"><span style=\"font-size: medium;\">&nbsp;lundi au samedi de 9h30 \u00e0 12h30 et&nbsp; de 14h \u00e0 17h30 .<\/span><\/span><\/span><\/p>\n<p><span style=\"color: #7030a0;\"><span style=\"font-family: Times New Roman,serif;\"><span style=\"font-size: medium;\">A d\u00e9couvrir dans les environs\u2026<\/span><\/span><\/span><\/p>\n<p style=\"padding-left: 30px;\"><span style=\"font-family: Times New Roman,serif;\"><span style=\"font-size: medium;\"><b>Le ch\u00e2teau de Martainville<\/b><\/span><\/span><span style=\"font-family: Times New Roman,serif;\"><span style=\"font-size: medium;\">, <\/span><\/span><a href=\"http:\/\/www.chateaudemartainville.fr\/\" class=\"external external_icon\" rel=\"nofollow\" target=\"_blank\"><span style=\"color: #0000ff;\"><span style=\"font-family: Times New Roman,serif;\"><span style=\"font-size: medium;\"><span style=\"text-decoration: underline;\">Mus\u00e9e des Traditions et Arts Normands&nbsp; <\/span><\/span><\/span><\/span><\/a><span style=\"font-family: Times New Roman,serif;\"><span style=\"font-size: medium;\"><br \/>\n<a href=\"http:\/\/www.chateaudemartainville.fr\/\" target=\"_blank\" rel=\"noopener nofollow\" class=\"external external_icon\">www.chateaudemartainville.fr<\/a><br \/>\nLe ch\u00e2teau fait l\u2019objet d\u2019un classement au titre des monuments historiques depuis 1889.<\/span><\/span><\/p>\n<p style=\"padding-left: 30px;\"><span style=\"font-family: Times New Roman,serif;\"><span style=\"font-size: medium;\"><b>Le ch\u00e2teau de Vascoeuil<\/b><\/span><\/span><span style=\"font-family: Times New Roman,serif;\"><span style=\"font-size: medium;\">&nbsp;: <\/span><\/span><a href=\"http:\/\/www.chateauvascoeuil.com\/\" target=\"_blank\" rel=\"noopener nofollow\" class=\"external external_icon\"><span style=\"font-family: Times New Roman,serif;\"><span style=\"font-size: medium;\"><span style=\"font-size: medium;\"><span style=\"text-decoration: underline;\">Centre d&rsquo;Art et d&rsquo;Histoire<\/span><\/span><br \/>\nwww.chateauvascoeuil.com<\/span><\/span><\/a><br \/>\n<span style=\"font-family: Times New Roman,serif;\"><span style=\"font-size: medium;\">8 rue Jules Michelet 27910 VASCOEUIL<br \/>\nT\u00e9l: 02 35 23 62 35 <\/span><\/span><\/p>\n<p style=\"padding-left: 30px;\"><b><span style=\"font-family: Times New Roman,serif;\"><span style=\"font-size: medium;\">Le ch\u00e2teau de Blainville-Crevon&nbsp;:<\/span><\/span><\/b><br \/>\n<a href=\"http:\/\/www.chateau-blainville-76.com\/\" target=\"_blank\" rel=\"noopener nofollow\" class=\"external external_icon\"><span style=\"color: #000000;\"><span style=\"font-family: Times New Roman,serif;\"><span style=\"font-size: medium;\">http:\/\/www.chateau-blainville-76.com\/<\/span><\/span><\/span><\/a><br \/>\n<span style=\"font-family: Times New Roman,serif;\"><span style=\"font-size: medium;\">Route de Buchy<br \/>\nBlainville-Crevon<br \/>\n02 35 34 24 82<\/span><\/span><\/p>\n<p style=\"padding-left: 30px;\"><span style=\"color: #000000;\"><span style=\"font-family: Times New Roman,serif;\"><span style=\"font-size: medium;\"><b>Le ch\u00e2teau de Bois-Guilbert&nbsp;:<\/b><\/span><\/span><\/span><span style=\"color: #0000ff;\"><span style=\"font-family: Times New Roman,serif;\"><span style=\"font-size: medium;\"><span style=\"text-decoration: underline;\"><b> <a href=\"https:\/\/www.lejardindessculptures.com\/fr\/\" class=\"external external_icon\" rel=\"nofollow\" target=\"_blank\">Le jardin des sculptures<\/a><\/b><\/span><\/span><\/span><\/span><br \/>\n<span style=\"font-family: Times New Roman,serif;\"><span style=\"font-size: medium;\">le Jardin des sculptures, ch\u00e2teau de Bois-Guilbert vous invite \u00e0 une promenade po\u00e9tique dans un parc paysag\u00e9 de 7 ha, o\u00f9 jalonnent 70 \u0153uvres du sculpteur Jean Marc de Pas, propri\u00e9taire et cr\u00e9ateur du jardin. <\/span><\/span><\/p>\n","protected":false},"excerpt":{"rendered":"<p>La commune d&rsquo;Auzouville sur Ry situ\u00e9e sur le plateau est de ROUEN, \u00e0 140 m\u00e8tres d&rsquo;altitude environ, \u00e0 la limite du d\u00e9partement de la Seine Maritime,&nbsp; s&rsquo;\u00e9tend sur 799 hectares. Proche du ch\u00e2teau de Martainville, joyaux de la renaissance. A l&rsquo;ouest de la vall\u00e9e de l&rsquo;Andelle et de la for\u00eat domaniale de Lyons la For\u00eat. [&hellip;]<\/p>\n","protected":false},"author":1,"featured_media":0,"parent":0,"menu_order":3,"comment_status":"closed","ping_status":"open","template":"","meta":{"ngg_post_thumbnail":0,"footnotes":""},"class_list":["post-287","page","type-page","status-publish","hentry"],"_links":{"self":[{"href":"https:\/\/www.auzouvillesurry.fr\/wordpress\/wp-json\/wp\/v2\/pages\/287","targetHints":{"allow":["GET"]}}],"collection":[{"href":"https:\/\/www.auzouvillesurry.fr\/wordpress\/wp-json\/wp\/v2\/pages"}],"about":[{"href":"https:\/\/www.auzouvillesurry.fr\/wordpress\/wp-json\/wp\/v2\/types\/page"}],"author":[{"embeddable":true,"href":"https:\/\/www.auzouvillesurry.fr\/wordpress\/wp-json\/wp\/v2\/users\/1"}],"replies":[{"embeddable":true,"href":"https:\/\/www.auzouvillesurry.fr\/wordpress\/wp-json\/wp\/v2\/comments?post=287"}],"version-history":[{"count":24,"href":"https:\/\/www.auzouvillesurry.fr\/wordpress\/wp-json\/wp\/v2\/pages\/287\/revisions"}],"predecessor-version":[{"id":13093,"href":"https:\/\/www.auzouvillesurry.fr\/wordpress\/wp-json\/wp\/v2\/pages\/287\/revisions\/13093"}],"wp:attachment":[{"href":"https:\/\/www.auzouvillesurry.fr\/wordpress\/wp-json\/wp\/v2\/media?parent=287"}],"curies":[{"name":"wp","href":"https:\/\/api.w.org\/{rel}","templated":true}]}}