{"id":22,"date":"2014-12-10T18:00:13","date_gmt":"2014-12-10T17:00:13","guid":{"rendered":"http:\/\/www.auzouvillesurry.fr\/wordpress\/?page_id=22"},"modified":"2026-01-19T12:23:21","modified_gmt":"2026-01-19T11:23:21","slug":"le-conseil-municipal","status":"publish","type":"page","link":"https:\/\/www.auzouvillesurry.fr\/wordpress\/vie-municipale-2\/le-conseil-municipal\/","title":{"rendered":"Le conseil municipal"},"content":{"rendered":"<p>Mandature 2020-2026<\/p>\n<table border=\"1\" width=\"100%\" cellspacing=\"0\" cellpadding=\"4\">\n<colgroup>\n<col width=\"51*\"\/>\n<col width=\"51*\"\/>\n<col width=\"51*\"\/>\n<col width=\"51*\"\/>\n<col width=\"51*\"\/> <\/colgroup>\n<tbody>\n<tr valign=\"TOP\">\n<td width=\"20%\">\n<p align=\"CENTER\"><span style=\"font-size: small;\"><a href=\"https:\/\/www.auzouvillesurry.fr\/wordpress\/wp-content\/uploads\/conseil\/annie.jpg\"><img loading=\"lazy\" decoding=\"async\" class=\"alignnone size-full wp-image-24\" src=\"https:\/\/www.auzouvillesurry.fr\/wordpress\/wp-content\/uploads\/conseil\/annie.jpg\" alt=\"annie\" width=\"103\" height=\"132\"\/><\/a><\/span><\/p>\n<p align=\"CENTER\"><strong><span style=\"font-size: small;\">Annie JEGAT<br \/>\n<\/span><\/strong><span style=\"font-size: small;\"><strong>Maire<\/strong><br \/>\n<strong>Pr\u00e9sidente du CCAS<\/strong><br \/>\nD\u00e9l\u00e9gu\u00e9e: SIVOS, SIAEPA, CCICV (suppl\u00e9ante)<br \/>\nConseil d&rsquo;\u00e9cole, Mission locale<br \/>\ncommissions: finances<\/span><\/p>\n<\/td>\n<td width=\"20%\">\n<p align=\"CENTER\"><span style=\"font-size: small;\"><a href=\"https:\/\/www.auzouvillesurry.fr\/wordpress\/wp-content\/uploads\/conseil\/philippe.jpg\"><img loading=\"lazy\" decoding=\"async\" class=\"alignnone size-full wp-image-25\" src=\"https:\/\/www.auzouvillesurry.fr\/wordpress\/wp-content\/uploads\/conseil\/philippe.jpg\" alt=\"philippe\" width=\"98\" height=\"132\"\/><\/a><\/span><\/p>\n<p align=\"CENTER\"><strong><span style=\"font-size: small;\">Philippe DURIN<br \/>\n<\/span><\/strong><span style=\"font-size: small;\"><strong>1er adjoint<\/strong><br \/>\nCommissions:<br \/>\n<\/span><span style=\"font-size: small;\">imp\u00f4ts directs, CCAS,&nbsp; Appels d&rsquo;offres, cimeti\u00e8re, num\u00e9rique, citoyenne, finances, RGPD, communication<\/span><\/p>\n<\/td>\n<td width=\"20%\">\n<p align=\"CENTER\"><span style=\"font-size: small;\"><a href=\"https:\/\/www.auzouvillesurry.fr\/wordpress\/wp-content\/uploads\/conseil\/remi.jpg\"><img loading=\"lazy\" decoding=\"async\" class=\"alignnone wp-image-26 size-full\" src=\"https:\/\/www.auzouvillesurry.fr\/wordpress\/wp-content\/uploads\/conseil\/remi.jpg\" alt=\"remi\" width=\"103\" height=\"132\"\/><\/a><\/span><\/p>\n<p align=\"CENTER\"><strong><span style=\"font-size: small;\">R\u00e9mi GUYOMARD<br \/>\n<\/span><\/strong><span style=\"font-size: small;\"><strong>2\u00e8me adjoint<\/strong><br \/>\nD\u00e9l\u00e9gu\u00e9: SDE76<br \/>\nCommissions: finances, travaux,<\/span><\/p>\n<\/td>\n<td width=\"20%\">\n<p align=\"CENTER\"><span style=\"font-size: small;\"><a href=\"https:\/\/www.auzouvillesurry.fr\/wordpress\/wp-content\/uploads\/conseil\/alain-228x3001.jpg\"><img loading=\"lazy\" decoding=\"async\" class=\"alignnone wp-image-28\" src=\"https:\/\/www.auzouvillesurry.fr\/wordpress\/wp-content\/uploads\/conseil\/alain-228x3001.jpg\" alt=\"alain-228x300\" width=\"102\" height=\"134\"\/><\/a><\/span><\/p>\n<p align=\"CENTER\"><strong><span style=\"font-size: small;\">Alain NAVE<br \/>\n<\/span><\/strong><span style=\"font-size: small;\"><strong>3\u00e8me adjoint<\/strong><br \/>\nD\u00e9l\u00e9gu\u00e9: CCICV<br \/>\nCommissions: finances, urbanisme, travaux<\/span><\/p>\n<\/td>\n<td width=\"20%\">\n<p align=\"CENTER\"><span style=\"font-size: small;\"><a href=\"https:\/\/www.auzouvillesurry.fr\/wordpress\/wp-content\/uploads\/conseil\/christine.jpg\"><img loading=\"lazy\" decoding=\"async\" class=\"alignnone wp-image-29\" src=\"https:\/\/www.auzouvillesurry.fr\/wordpress\/wp-content\/uploads\/conseil\/christine-227x300.jpg\" alt=\"christine\" width=\"103\" height=\"136\" srcset=\"https:\/\/www.auzouvillesurry.fr\/wordpress\/wp-content\/uploads\/conseil\/christine-227x300.jpg 227w, https:\/\/www.auzouvillesurry.fr\/wordpress\/wp-content\/uploads\/conseil\/christine.jpg 356w\" sizes=\"auto, (max-width: 103px) 100vw, 103px\" \/><\/a><\/span><\/p>\n<p align=\"CENTER\"><strong><span style=\"font-size: small;\">Christine&nbsp;HUNKELER<br \/>\n<\/span><\/strong><span style=\"font-size: small;\"><strong>4\u00e8me adjoint<\/strong><br \/>\nD\u00e9l\u00e9gu\u00e9e: SIVOS, SIAEPA, Entente intercommunale, Correspondant d\u00e9fense.<br \/>\nCommissions: imp\u00f4ts directs, finances, communication<\/span><\/p>\n<\/td>\n<\/tr>\n<tr valign=\"TOP\">\n<td width=\"20%\">\n<p align=\"CENTER\"><span style=\"font-size: small;\"><a href=\"https:\/\/www.auzouvillesurry.fr\/wordpress\/wp-content\/uploads\/conseil\/benoit.jpg\"><img loading=\"lazy\" decoding=\"async\" class=\"alignnone wp-image-32\" src=\"https:\/\/www.auzouvillesurry.fr\/wordpress\/wp-content\/uploads\/conseil\/benoit-222x300.jpg\" alt=\"benoit\" width=\"103\" height=\"139\" srcset=\"https:\/\/www.auzouvillesurry.fr\/wordpress\/wp-content\/uploads\/conseil\/benoit-222x300.jpg 222w, https:\/\/www.auzouvillesurry.fr\/wordpress\/wp-content\/uploads\/conseil\/benoit.jpg 353w\" sizes=\"auto, (max-width: 103px) 100vw, 103px\" \/><\/a><\/span><\/p>\n<p align=\"CENTER\"><strong><span style=\"font-size: small;\">Benoit CLATOT<br \/>\n<\/span><\/strong><span style=\"font-size: small;\"><strong>Conseiller municipal<\/strong><br \/>\nCommissions: imp\u00f4ts directs, liste \u00e9lectorale, appels d&rsquo;offres, finances, urbanisme, cimeti\u00e8re, citoyenne, travaux.<\/span><\/p>\n<\/td>\n<td width=\"20%\">\n<p align=\"CENTER\"><span style=\"font-size: small;\"><a href=\"https:\/\/www.auzouvillesurry.fr\/wordpress\/wp-content\/uploads\/conseil\/etienne.jpg\"><img loading=\"lazy\" decoding=\"async\" class=\"alignnone wp-image-33\" src=\"https:\/\/www.auzouvillesurry.fr\/wordpress\/wp-content\/uploads\/conseil\/etienne-222x300.jpg\" alt=\"etienne\" width=\"103\" height=\"139\" srcset=\"https:\/\/www.auzouvillesurry.fr\/wordpress\/wp-content\/uploads\/conseil\/etienne-222x300.jpg 222w, https:\/\/www.auzouvillesurry.fr\/wordpress\/wp-content\/uploads\/conseil\/etienne.jpg 352w\" sizes=\"auto, (max-width: 103px) 100vw, 103px\" \/><\/a><\/span><\/p>\n<p align=\"CENTER\"><strong><span style=\"font-size: small;\">\u00c9tienne CORNU<br \/>\n<\/span><\/strong><span style=\"font-size: small;\"><strong>Conseiller municipal<\/strong><br \/>\nCommissions: urbanisme, cimeti\u00e8re.<\/span><\/p>\n<\/td>\n<td width=\"20%\">\n<p align=\"CENTER\"><span style=\"font-size: small;\"><a href=\"https:\/\/www.auzouvillesurry.fr\/wordpress\/wp-content\/uploads\/conseil\/francoise.jpg\"><img loading=\"lazy\" decoding=\"async\" class=\"alignnone wp-image-35\" src=\"https:\/\/www.auzouvillesurry.fr\/wordpress\/wp-content\/uploads\/conseil\/francoise.jpg\" alt=\"francoise\" width=\"103\" height=\"137\"\/><\/a><\/span><\/p>\n<p align=\"CENTER\"><strong><span style=\"font-size: small;\">Fran\u00e7oise&nbsp;DESOMBRE<br \/>\n<\/span><\/strong><span style=\"font-size: small;\"><strong>Conseill\u00e8re municipale<\/strong><br \/>\nD\u00e9l\u00e9gu\u00e9e: Mission locale, SSIAD<br \/>\nCommissions: CCAS, imp\u00f4ts directs, urbanisme.<\/span><\/p>\n<\/td>\n<td width=\"20%\">\n<p align=\"CENTER\"><a href=\"https:\/\/www.auzouvillesurry.fr\/wordpress\/wp-content\/uploads\/2020\/05\/franck-1.jpg\"><img loading=\"lazy\" decoding=\"async\" class=\"alignnone wp-image-9953\" src=\"https:\/\/www.auzouvillesurry.fr\/wordpress\/wp-content\/uploads\/2020\/05\/franck-1.jpg\" alt=\"Franck\" width=\"103\" height=\"137\"\/><\/a><\/p>\n<p align=\"CENTER\"><strong><span style=\"font-size: small;\">Franck&nbsp;<\/span><span style=\"font-size: small;\">DORTIGNAC&nbsp;<br \/>\n<\/span><\/strong><span style=\"font-size: small;\"><strong>Conseiller municipal<\/strong><br \/>\nCommissions: RGPD, Appels d&rsquo;offres, finances, communication, citoyenne, cimeti\u00e8re, travaux.<\/span><\/p>\n<\/td>\n<td width=\"20%\">\n<p align=\"CENTER\"><a href=\"https:\/\/www.auzouvillesurry.fr\/wordpress\/wp-content\/uploads\/2020\/05\/florent-1.jpg\"><img loading=\"lazy\" decoding=\"async\" class=\"alignnone wp-image-9954\" src=\"https:\/\/www.auzouvillesurry.fr\/wordpress\/wp-content\/uploads\/2020\/05\/florent-1.jpg\" alt=\"\" width=\"103\" height=\"137\"\/><\/a><\/p>\n<p align=\"CENTER\"><strong><span style=\"font-size: small;\">Florent&nbsp;<\/span><span style=\"font-size: small;\">GAMBU&nbsp;<br \/>\n<\/span><\/strong><span style=\"font-size: small;\"><strong>Conseiller municipa<\/strong>l<br \/>\nD\u00e9l\u00e9gu\u00e9: SIAEPA (suppl\u00e9ant)<br \/>\nCommissions: liste \u00e9lectorale, urbanisme.<\/span><\/p>\n<\/td>\n<\/tr>\n<tr valign=\"TOP\">\n<td width=\"20%\">\n<p align=\"CENTER\"><span style=\"font-size: small;\"><a href=\"https:\/\/www.auzouvillesurry.fr\/wordpress\/wp-content\/uploads\/2020\/05\/yvon.jpg\"><img loading=\"lazy\" decoding=\"async\" class=\"alignnone wp-image-9955\" src=\"https:\/\/www.auzouvillesurry.fr\/wordpress\/wp-content\/uploads\/2020\/05\/yvon.jpg\" alt=\"Yvon\" width=\"103\" height=\"137\"\/><\/a><\/span><\/p>\n<p align=\"CENTER\"><strong><span style=\"font-size: small;\">Yvon GUEDES<br \/>\n<\/span><\/strong><span style=\"font-size: small;\"><strong>Conseiller municipal<\/strong><br \/>\nD\u00e9l\u00e9gu\u00e9: SDE76 (suppl\u00e9ant)<br \/>\nCommissions: imp\u00f4ts directs, Appels d&rsquo;offres, communication.<\/span>&nbsp;<br \/>\n&nbsp;<\/p>\n<p>&nbsp;<\/p>\n<p align=\"CENTER\">&nbsp;<\/p>\n<\/td>\n<td width=\"20%\">\n<p align=\"CENTER\"><span style=\"font-size: small;\"><a href=\"https:\/\/www.auzouvillesurry.fr\/wordpress\/wp-content\/uploads\/conseil\/annick.jpg\"><img loading=\"lazy\" decoding=\"async\" class=\"alignnone wp-image-39\" src=\"https:\/\/www.auzouvillesurry.fr\/wordpress\/wp-content\/uploads\/conseil\/annick-231x300.jpg\" alt=\"annick\" width=\"103\" height=\"133\" srcset=\"https:\/\/www.auzouvillesurry.fr\/wordpress\/wp-content\/uploads\/conseil\/annick-231x300.jpg 231w, https:\/\/www.auzouvillesurry.fr\/wordpress\/wp-content\/uploads\/conseil\/annick.jpg 367w\" sizes=\"auto, (max-width: 103px) 100vw, 103px\" \/><\/a><\/span><\/p>\n<p align=\"CENTER\"><strong><span style=\"font-size: small;\">Annick GUERARD<br \/>\n<\/span><\/strong><span style=\"font-size: small;\"><strong>Conseill\u00e8re municipale<\/strong><br \/>\nD\u00e9l\u00e9gu\u00e9e: Mission locale (suppl\u00e9ante), SSIAD,<br \/>\n<\/span><span style=\"font-size: small;\">Commissions: CCAS,&nbsp;<\/span><span style=\"font-size: small; font-family: inherit; font-weight: inherit;\">imp\u00f4ts directs, urbanisme, cimeti\u00e8re.<\/span><\/p>\n<\/td>\n<td width=\"20%\">\n<p align=\"CENTER\"><span style=\"font-size: small;\"><a href=\"https:\/\/www.auzouvillesurry.fr\/wordpress\/wp-content\/uploads\/2020\/05\/P1180569.jpg\"><img loading=\"lazy\" decoding=\"async\" class=\"alignnone wp-image-9956\" src=\"https:\/\/www.auzouvillesurry.fr\/wordpress\/wp-content\/uploads\/2020\/05\/P1180569.jpg\" alt=\"C\u00e9line\" width=\"103\" height=\"137\"\/><\/a><\/span><\/p>\n<p align=\"CENTER\"><strong><span style=\"font-size: small;\">C\u00e9line LEFBVRE<br \/>\n<\/span><\/strong><span style=\"font-size: small;\"><strong>Conseill\u00e8re municipale<\/strong><br \/>\nD\u00e9l\u00e9gu\u00e9e: SIVOS (suppl\u00e9ante), Entente intercommunale,&nbsp;<br \/>\nCommissions:&nbsp;<\/span><span style=\"font-size: small; font-family: inherit; font-weight: inherit;\">imp\u00f4ts directs, urbanisme, citoyenne, travaux.<\/span><\/p>\n<p>&nbsp;<\/p>\n<p>&nbsp;<\/p>\n<p align=\"CENTER\">&nbsp;<\/p>\n<\/td>\n<td width=\"20%\">\n<p align=\"CENTER\"><span style=\"font-size: small;\"><a href=\"https:\/\/www.auzouvillesurry.fr\/wordpress\/wp-content\/uploads\/conseil\/dominique-Q.jpg\"><img loading=\"lazy\" decoding=\"async\" class=\"alignnone wp-image-41\" src=\"https:\/\/www.auzouvillesurry.fr\/wordpress\/wp-content\/uploads\/conseil\/dominique-Q-225x300.jpg\" alt=\"dominique-Q\" width=\"103\" height=\"137\" srcset=\"https:\/\/www.auzouvillesurry.fr\/wordpress\/wp-content\/uploads\/conseil\/dominique-Q-225x300.jpg 225w, https:\/\/www.auzouvillesurry.fr\/wordpress\/wp-content\/uploads\/conseil\/dominique-Q.jpg 357w\" sizes=\"auto, (max-width: 103px) 100vw, 103px\" \/><\/a><\/span><\/p>\n<p align=\"CENTER\"><strong><span style=\"font-size: small;\">Dominique QUIESSE<br \/>\n<\/span><\/strong><span style=\"font-size: small;\"><strong>Conseiller municipal<\/strong><br \/>\nD\u00e9l\u00e9gu\u00e9: SIVOS, Conseil d&rsquo;\u00e9cole<br \/>\nCommissions: CCAS, Appels d&rsquo;offres, urbanisme,&nbsp;<\/span><\/p>\n<\/td>\n<td width=\"20%\">\n<p align=\"CENTER\"><span style=\"font-size: small;\"><a href=\"https:\/\/www.auzouvillesurry.fr\/wordpress\/wp-content\/uploads\/2020\/05\/stephane.jpg\"><img loading=\"lazy\" decoding=\"async\" class=\"alignnone wp-image-9957\" src=\"https:\/\/www.auzouvillesurry.fr\/wordpress\/wp-content\/uploads\/2020\/05\/stephane.jpg\" alt=\"Stephane\" width=\"103\" height=\"137\"\/><\/a><\/span><\/p>\n<p align=\"CENTER\"><strong><span style=\"font-size: small;\">St\u00e9phane VIRAPIN<br \/>\n<\/span><\/strong><span style=\"font-size: small;\"><strong>Conseiller municipal<\/strong><br \/>\nD\u00e9l\u00e9gu\u00e9: SIVOS<br \/>\nCommissions: imp\u00f4ts directs, Appels d&rsquo;offres, finances, citoyenne, travaux.<\/span><\/p>\n<\/td>\n<\/tr>\n<\/tbody>\n<\/table>\n","protected":false},"excerpt":{"rendered":"<p>Mandature 2020-2026 Annie JEGAT Maire Pr\u00e9sidente du CCAS D\u00e9l\u00e9gu\u00e9e: SIVOS, SIAEPA, CCICV (suppl\u00e9ante) Conseil d&rsquo;\u00e9cole, Mission locale commissions: finances Philippe DURIN 1er adjoint Commissions: imp\u00f4ts directs, CCAS,&nbsp; Appels d&rsquo;offres, cimeti\u00e8re, num\u00e9rique, citoyenne, finances, RGPD, communication R\u00e9mi GUYOMARD 2\u00e8me adjoint D\u00e9l\u00e9gu\u00e9: SDE76 Commissions: finances, travaux, Alain NAVE 3\u00e8me adjoint D\u00e9l\u00e9gu\u00e9: CCICV Commissions: finances, urbanisme, travaux Christine&nbsp;HUNKELER [&hellip;]<\/p>\n","protected":false},"author":1,"featured_media":0,"parent":145,"menu_order":0,"comment_status":"closed","ping_status":"open","template":"","meta":{"ngg_post_thumbnail":0,"footnotes":""},"class_list":["post-22","page","type-page","status-publish","hentry"],"_links":{"self":[{"href":"https:\/\/www.auzouvillesurry.fr\/wordpress\/wp-json\/wp\/v2\/pages\/22","targetHints":{"allow":["GET"]}}],"collection":[{"href":"https:\/\/www.auzouvillesurry.fr\/wordpress\/wp-json\/wp\/v2\/pages"}],"about":[{"href":"https:\/\/www.auzouvillesurry.fr\/wordpress\/wp-json\/wp\/v2\/types\/page"}],"author":[{"embeddable":true,"href":"https:\/\/www.auzouvillesurry.fr\/wordpress\/wp-json\/wp\/v2\/users\/1"}],"replies":[{"embeddable":true,"href":"https:\/\/www.auzouvillesurry.fr\/wordpress\/wp-json\/wp\/v2\/comments?post=22"}],"version-history":[{"count":22,"href":"https:\/\/www.auzouvillesurry.fr\/wordpress\/wp-json\/wp\/v2\/pages\/22\/revisions"}],"predecessor-version":[{"id":13682,"href":"https:\/\/www.auzouvillesurry.fr\/wordpress\/wp-json\/wp\/v2\/pages\/22\/revisions\/13682"}],"up":[{"embeddable":true,"href":"https:\/\/www.auzouvillesurry.fr\/wordpress\/wp-json\/wp\/v2\/pages\/145"}],"wp:attachment":[{"href":"https:\/\/www.auzouvillesurry.fr\/wordpress\/wp-json\/wp\/v2\/media?parent=22"}],"curies":[{"name":"wp","href":"https:\/\/api.w.org\/{rel}","templated":true}]}}