{"id":2170,"date":"2015-12-14T22:11:13","date_gmt":"2015-12-14T21:11:13","guid":{"rendered":"http:\/\/www.auzouvillesurry.fr\/wordpress\/?page_id=2170"},"modified":"2017-11-07T14:18:01","modified_gmt":"2017-11-07T13:18:01","slug":"spectacle-de-noel-2015","status":"publish","type":"page","link":"https:\/\/www.auzouvillesurry.fr\/wordpress\/vie-associative\/animation-village\/spectacle-de-noel-2015\/","title":{"rendered":"Spectacle de No\u00ebl 2015"},"content":{"rendered":"<p>Revivez en images le \u00ab\u00a0pectacle\u00a0\u00bb donn\u00e9 par les enfants sous la direction d&rsquo;une solide \u00e9quipe de b\u00e9n\u00e9voles. Sans oublier la visite de nos clowns.<br \/>\nUne agr\u00e9able apr\u00e8s-midi cl\u00f4tur\u00e9e par la venue du p\u00e8re No\u00ebl avec sa hotte bien remplie.<br \/>\nChaque enfant est reparti avec un cadeau, un sachet de friandises et un pain au chocolat.<\/p>\n<p>Pour les enfants absents lors du spectacle, les jouets sont disponibles en Mairie, aux heures d\u2019ouverture, jusqu&rsquo;au 31 janvier 2016, pass\u00e9 cette date ils seront remis \u00e0 une \u0153uvre caritative.<\/p>ngg_shortcode_0_placeholder","protected":false},"excerpt":{"rendered":"<p>Revivez en images le \u00ab\u00a0pectacle\u00a0\u00bb donn\u00e9 par les enfants sous la direction d&rsquo;une solide \u00e9quipe de b\u00e9n\u00e9voles. Sans oublier la visite de nos clowns. Une agr\u00e9able apr\u00e8s-midi cl\u00f4tur\u00e9e par la venue du p\u00e8re No\u00ebl avec sa hotte bien remplie. Chaque enfant est reparti avec un cadeau, un sachet de friandises et un pain au chocolat. [&hellip;]<\/p>\n","protected":false},"author":1,"featured_media":0,"parent":876,"menu_order":1512,"comment_status":"closed","ping_status":"open","template":"","meta":{"ngg_post_thumbnail":0,"iawp_total_views":0,"footnotes":""},"class_list":["post-2170","page","type-page","status-publish","hentry"],"_links":{"self":[{"href":"https:\/\/www.auzouvillesurry.fr\/wordpress\/wp-json\/wp\/v2\/pages\/2170","targetHints":{"allow":["GET"]}}],"collection":[{"href":"https:\/\/www.auzouvillesurry.fr\/wordpress\/wp-json\/wp\/v2\/pages"}],"about":[{"href":"https:\/\/www.auzouvillesurry.fr\/wordpress\/wp-json\/wp\/v2\/types\/page"}],"author":[{"embeddable":true,"href":"https:\/\/www.auzouvillesurry.fr\/wordpress\/wp-json\/wp\/v2\/users\/1"}],"replies":[{"embeddable":true,"href":"https:\/\/www.auzouvillesurry.fr\/wordpress\/wp-json\/wp\/v2\/comments?post=2170"}],"version-history":[{"count":17,"href":"https:\/\/www.auzouvillesurry.fr\/wordpress\/wp-json\/wp\/v2\/pages\/2170\/revisions"}],"predecessor-version":[{"id":2408,"href":"https:\/\/www.auzouvillesurry.fr\/wordpress\/wp-json\/wp\/v2\/pages\/2170\/revisions\/2408"}],"up":[{"embeddable":true,"href":"https:\/\/www.auzouvillesurry.fr\/wordpress\/wp-json\/wp\/v2\/pages\/876"}],"wp:attachment":[{"href":"https:\/\/www.auzouvillesurry.fr\/wordpress\/wp-json\/wp\/v2\/media?parent=2170"}],"curies":[{"name":"wp","href":"https:\/\/api.w.org\/{rel}","templated":true}]}}