{"id":2059,"date":"2015-12-08T11:44:41","date_gmt":"2015-12-08T10:44:41","guid":{"rendered":"http:\/\/www.auzouvillesurry.fr\/wordpress\/?page_id=2059"},"modified":"2017-11-07T14:19:05","modified_gmt":"2017-11-07T13:19:05","slug":"fete-du-15-aout-2015","status":"publish","type":"page","link":"https:\/\/www.auzouvillesurry.fr\/wordpress\/vie-associative\/animation-village\/fete-du-15-aout-2015\/","title":{"rendered":"F\u00eate du 15 ao\u00fbt 2015"},"content":{"rendered":"<p>&nbsp;<\/p>\n<p>Traditionnel d\u00e9fil\u00e9 de chars, un grand bravo aux petites mains qui, dans la bonne humeur, ont pr\u00e9par\u00e9 tous ces d\u00e9cors, admirez-les!<\/p>ngg_shortcode_0_placeholder","protected":false},"excerpt":{"rendered":"<p>&nbsp; Traditionnel d\u00e9fil\u00e9 de chars, un grand bravo aux petites mains qui, dans la bonne humeur, ont pr\u00e9par\u00e9 tous ces d\u00e9cors, admirez-les!<\/p>\n","protected":false},"author":1,"featured_media":0,"parent":876,"menu_order":1508,"comment_status":"closed","ping_status":"closed","template":"","meta":{"ngg_post_thumbnail":0,"footnotes":""},"class_list":["post-2059","page","type-page","status-publish","hentry"],"_links":{"self":[{"href":"https:\/\/www.auzouvillesurry.fr\/wordpress\/wp-json\/wp\/v2\/pages\/2059","targetHints":{"allow":["GET"]}}],"collection":[{"href":"https:\/\/www.auzouvillesurry.fr\/wordpress\/wp-json\/wp\/v2\/pages"}],"about":[{"href":"https:\/\/www.auzouvillesurry.fr\/wordpress\/wp-json\/wp\/v2\/types\/page"}],"author":[{"embeddable":true,"href":"https:\/\/www.auzouvillesurry.fr\/wordpress\/wp-json\/wp\/v2\/users\/1"}],"replies":[{"embeddable":true,"href":"https:\/\/www.auzouvillesurry.fr\/wordpress\/wp-json\/wp\/v2\/comments?post=2059"}],"version-history":[{"count":2,"href":"https:\/\/www.auzouvillesurry.fr\/wordpress\/wp-json\/wp\/v2\/pages\/2059\/revisions"}],"predecessor-version":[{"id":4253,"href":"https:\/\/www.auzouvillesurry.fr\/wordpress\/wp-json\/wp\/v2\/pages\/2059\/revisions\/4253"}],"up":[{"embeddable":true,"href":"https:\/\/www.auzouvillesurry.fr\/wordpress\/wp-json\/wp\/v2\/pages\/876"}],"wp:attachment":[{"href":"https:\/\/www.auzouvillesurry.fr\/wordpress\/wp-json\/wp\/v2\/media?parent=2059"}],"curies":[{"name":"wp","href":"https:\/\/api.w.org\/{rel}","templated":true}]}}