{"id":2039,"date":"2015-12-08T11:12:05","date_gmt":"2015-12-08T10:12:05","guid":{"rendered":"http:\/\/www.auzouvillesurry.fr\/wordpress\/?page_id=2039"},"modified":"2026-03-23T12:03:09","modified_gmt":"2026-03-23T11:03:09","slug":"archives","status":"publish","type":"page","link":"https:\/\/www.auzouvillesurry.fr\/wordpress\/vie-pratique\/archives\/","title":{"rendered":"Archives"},"content":{"rendered":"<p>&nbsp;<\/p>\n<p><span style=\"color: #ff9900;\"><strong>Vie municipale<\/strong><\/span><\/p>\n<p style=\"padding-left: 30px;\"><strong><span style=\"color: #ff9900;\">CCAS<\/span><\/strong><\/p>\n<p style=\"padding-left: 60px;\"><span style=\"color: #ff9900;\"><a href=\"https:\/\/www.auzouvillesurry.fr\/wordpress\/?page_id=2065\">Repas 2015<br \/>\n<\/a><\/span><span style=\"color: #ff9900;\"><a href=\"https:\/\/www.auzouvillesurry.fr\/wordpress\/?page_id=6372\" target=\"_blank\" rel=\"noopener\">Repas 2016<\/a><\/span><span style=\"color: #ff9900;\"><br \/>\n<\/span><br \/>\n<span style=\"text-decoration: underline; color: #ff6600;\"><strong>Distribution de brioche le 17 octobre 2015<\/strong><\/span><\/p>\n<p>Tous les habitants de plus de 61 ans \u00e9taient invit\u00e9 a venir partager un moment agr\u00e9able avec la membres du CCAS et r\u00e9cup\u00e9rer le traditionnel colis \u00e0 l&rsquo;occasion de la semaine bleue.<\/p>\n<p><a href=\"https:\/\/www.auzouvillesurry.fr\/wordpress\/index.php?aam_media=1925\"><img loading=\"lazy\" decoding=\"async\" class=\"wp-image-1925 size-thumbnail alignleft\" src=\"https:\/\/www.auzouvillesurry.fr\/wordpress\/wp-content\/uploads\/brioche 2014\/P1020564-150x150.jpg\" alt=\"\" width=\"150\" height=\"150\"\/><\/a><a href=\"https:\/\/www.auzouvillesurry.fr\/wordpress\/index.php?aam_media=1924\"><img loading=\"lazy\" decoding=\"async\" class=\"wp-image-1924 size-thumbnail alignleft\" src=\"https:\/\/www.auzouvillesurry.fr\/wordpress\/wp-content\/uploads\/brioche 2014\/P1020565-150x150.jpg\" alt=\"\" width=\"150\" height=\"150\"\/><\/a><a href=\"https:\/\/www.auzouvillesurry.fr\/wordpress\/index.php?aam_media=1923\"><img loading=\"lazy\" decoding=\"async\" class=\"wp-image-1923 size-thumbnail alignleft\" src=\"https:\/\/www.auzouvillesurry.fr\/wordpress\/wp-content\/uploads\/brioche 2014\/P1020566-150x150.jpg\" alt=\"\" width=\"150\" height=\"150\"\/><\/a><a href=\"https:\/\/www.auzouvillesurry.fr\/wordpress\/index.php?aam_media=1922\"><img loading=\"lazy\" decoding=\"async\" class=\"wp-image-1922 size-thumbnail alignleft\" src=\"https:\/\/www.auzouvillesurry.fr\/wordpress\/wp-content\/uploads\/brioche 2014\/P1020567-150x150.jpg\" alt=\"\" width=\"150\" height=\"150\"\/><\/a><a href=\"https:\/\/www.auzouvillesurry.fr\/wordpress\/index.php?aam_media=1921\"><img loading=\"lazy\" decoding=\"async\" class=\"wp-image-1921 size-thumbnail alignleft\" src=\"https:\/\/www.auzouvillesurry.fr\/wordpress\/wp-content\/uploads\/brioche 2014\/P1020568-150x150.jpg\" alt=\"\" width=\"150\" height=\"150\"\/><\/a><\/p>\n<p>&nbsp;<\/p>\n<p>&nbsp;<\/p>\n<p>&nbsp;<\/p>\n<p>&nbsp;<\/p>\n<p>&nbsp;<\/p>\n<p>&nbsp;<\/p>\n<p>&nbsp;<\/p>\n<p><span style=\"text-decoration: underline; color: #ff6600;\"><strong>Distribution de brioche le 8 novembre 2014<\/strong><\/span><\/p>\n<p>Chaque ann\u00e9e le CCAS distribue aux personnes de plus de 60 ans, un colis comprenant une brioche, un sachet de chocolat et une bouteille de vin.<\/p>\n<p><a href=\"https:\/\/www.auzouvillesurry.fr\/wordpress\/wp-content\/uploads\/brioche 2014\/P08-11-14_10.46.jpg\"><img loading=\"lazy\" decoding=\"async\" class=\"wp-image-88  alignleft\" title=\"Le 8 novembre 2014 remise des colis aux anciens\" src=\"https:\/\/www.auzouvillesurry.fr\/wordpress\/wp-content\/uploads\/brioche 2014\/P08-11-14_10.46-300x225.jpg\" alt=\"T3\" width=\"172\" height=\"129\" srcset=\"https:\/\/www.auzouvillesurry.fr\/wordpress\/wp-content\/uploads\/brioche%202014\/P08-11-14_10.46-300x225.jpg 300w, https:\/\/www.auzouvillesurry.fr\/wordpress\/wp-content\/uploads\/brioche%202014\/P08-11-14_10.46.jpg 320w\" sizes=\"auto, (max-width: 172px) 100vw, 172px\" \/><\/a><a href=\"https:\/\/www.auzouvillesurry.fr\/wordpress\/wp-content\/uploads\/brioche 2014\/P08-11-14_10.4601.jpg\"><img loading=\"lazy\" decoding=\"async\" class=\"alignright wp-image-89 size-thumbnail\" title=\"Le 8 novembre 2014 remise des colis aux anciens\" src=\"https:\/\/www.auzouvillesurry.fr\/wordpress\/wp-content\/uploads\/brioche 2014\/P08-11-14_10.4601-150x150.jpg\" alt=\"T3\" width=\"150\" height=\"150\"\/><\/a><\/p>\n<p>&nbsp;<\/p>\n<p>&nbsp;<\/p>\n<p>&nbsp;<\/p>\n<p><span style=\"color: #ff9900;\"><strong>Intercommunalit\u00e9<\/strong><\/span><\/p>\n<p>&nbsp;<\/p>\n<p style=\"padding-left: 30px;\"><a href=\"https:\/\/www.auzouvillesurry.fr\/wordpress\/?page_id=53\" target=\"_blank\" rel=\"noopener\">La Communaut\u00e9 de Communes du Plateau de Martainville<\/a>&nbsp;<br \/>\n&nbsp; &nbsp;&nbsp;<a href=\"https:\/\/www.auzouvillesurry.fr\/wordpress\/?page_id=2049\" target=\"_blank\" rel=\"noopener\">F\u00eate communautaire 2015<\/a>&nbsp;<br \/>\n&nbsp; &nbsp; <a href=\"https:\/\/www.auzouvillesurry.fr\/wordpress\/?page_id=4770\" target=\"_blank\" rel=\"noopener\">F\u00eate communautaire 2016<\/a><br \/>\n<a href=\"https:\/\/www.auzouvillesurry.fr\/wordpress\/?page_id=50\" target=\"_blank\" rel=\"noopener\">Le pays entre Seine et Bray <\/a>&nbsp;<\/p>\n<p><span style=\"color: #ff9900;\"><strong>Vie associative<\/strong><\/span><\/p>\n<p>&nbsp;<\/p>\n<p style=\"padding-left: 30px;\"><strong><span style=\"color: #ff9900;\">Animation Village<\/span><\/strong><\/p>\n<p style=\"padding-left: 60px;\"><span style=\"color: #ff9900;\"><a href=\"https:\/\/www.auzouvillesurry.fr\/wordpress\/?page_id=2047\">Rallye v\u00e9lo 2015<\/a><\/span><br \/>\n<a href=\"https:\/\/www.auzouvillesurry.fr\/wordpress\/?page_id=2059\">15 ao\u00fbt 2015<br \/>\n<\/a><a href=\"https:\/\/www.auzouvillesurry.fr\/wordpress\/?page_id=2056\">Soir\u00e9e Cabaret 2015<\/a><br \/>\n<a href=\"https:\/\/www.auzouvillesurry.fr\/wordpress\/?page_id=1886\">Printemps des arts 2015<\/a>&nbsp;<br \/>\n<a href=\"https:\/\/www.auzouvillesurry.fr\/wordpress\/?page_id=2170\" target=\"_blank\" rel=\"noopener\">Spectacle No\u00ebl 2015<\/a><br \/>\n<a href=\"https:\/\/www.auzouvillesurry.fr\/wordpress\/?page_id=4564\" target=\"_blank\" rel=\"noopener\">Soir\u00e9e carnaval 2016<\/a><br \/>\n<a href=\"https:\/\/www.auzouvillesurry.fr\/wordpress\/?page_id=5300\" target=\"_blank\" rel=\"noopener\">Printemps des arts 2016&nbsp;<\/a><br \/>\n<a href=\"https:\/\/www.auzouvillesurry.fr\/wordpress\/?page_id=5065\" target=\"_blank\" rel=\"noopener\">15 ao\u00fbt 2016<\/a>&nbsp;<br \/>\n<a href=\"https:\/\/www.auzouvillesurry.fr\/wordpress\/?page_id=5294\" target=\"_blank\" rel=\"noopener\">40\u00e8me f\u00eate du 15 ao\u00fbt <\/a><br \/>\n<a href=\"https:\/\/www.auzouvillesurry.fr\/wordpress\/?page_id=6127\" target=\"_blank\" rel=\"noopener\">Rallye v\u00e9lo 2016<\/a>&nbsp;<br \/>\n<a href=\"https:\/\/www.auzouvillesurry.fr\/wordpress\/?page_id=5474\" target=\"_blank\" rel=\"noopener\">Soir\u00e9e pyjama du 15 octobre 2016&nbsp;<\/a><br \/>\n<a href=\"https:\/\/www.auzouvillesurry.fr\/wordpress\/?page_id=6129\" target=\"_blank\" rel=\"noopener\">Spectacle No\u00ebl 2016<\/a><\/p>\n<p>&nbsp;<\/p>\n<p style=\"padding-left: 30px;\"><strong><span style=\"color: #ff9900;\">Club des bons amis<\/span><\/strong><\/p>\n<p style=\"padding-left: 60px;\"><a href=\"https:\/\/www.auzouvillesurry.fr\/wordpress\/?page_id=2043\">Spectacle du 23 novembre 2014<\/a><br \/>\n<a href=\"https:\/\/www.auzouvillesurry.fr\/wordpress\/?page_id=2045\">Repas du club du 29 novembre 2014<\/a>&nbsp;<br \/>\n<a href=\"https:\/\/www.auzouvillesurry.fr\/wordpress\/?page_id=5623\" target=\"_blank\" rel=\"noopener\">Repas du club 2015<\/a>&nbsp;<br \/>\n<a href=\"https:\/\/www.auzouvillesurry.fr\/wordpress\/?page_id=5619\" target=\"_blank\" rel=\"noopener\">Spectacle du club 2016<\/a>&nbsp;<br \/>\n<a href=\"https:\/\/www.auzouvillesurry.fr\/wordpress\/?page_id=5710\" target=\"_blank\" rel=\"noopener\">Repas du club 2016&nbsp;<\/a><\/p>\n<p>&nbsp;<\/p>\n<p style=\"padding-left: 30px;\"><span style=\"color: #ff9900;\"><strong>Association du Four \u00e0 pain<\/strong><\/span><\/p>\n<p style=\"padding-left: 60px;\"><span style=\"color: #ff9900;\"><a href=\"https:\/\/www.auzouvillesurry.fr\/wordpress\/?page_id=5330\" target=\"_blank\" rel=\"noopener\">March\u00e9 festif 2015<\/a>&nbsp;<br \/>\n<a href=\"https:\/\/www.auzouvillesurry.fr\/wordpress\/?page_id=5325\" target=\"_blank\" rel=\"noopener\">March\u00e9 festif 2016&nbsp;<\/a><\/span><\/p>\n<p style=\"padding-left: 60px;\"><span style=\"color: #ff9900;\"><br \/>\n<\/span><a href=\"https:\/\/www.auzouvillesurry.fr\/wordpress\/?page_id=6659\" target=\"_blank\" rel=\"noopener\">March\u00e9 festif 2017<\/a><a href=\"https:\/\/www.auzouvillesurry.fr\/wordpress\/?page_id=5325\"><\/p>\n<p><\/a><\/p>\n<p>&nbsp;<\/p>\n<p>&nbsp;<\/p>\n<p><strong><span style=\"color: #ff9900;\">Vie pratique<\/span><\/strong><\/p>\n<p>&nbsp;<\/p>\n","protected":false},"excerpt":{"rendered":"<p>&nbsp; Vie municipale CCAS Repas 2015 Repas 2016 Distribution de brioche le 17 octobre 2015 Tous les habitants de plus de 61 ans \u00e9taient invit\u00e9 a venir partager un moment agr\u00e9able avec la membres du CCAS et r\u00e9cup\u00e9rer le traditionnel colis \u00e0 l&rsquo;occasion de la semaine bleue. &nbsp; &nbsp; &nbsp; &nbsp; &nbsp; &nbsp; &nbsp; Distribution [&hellip;]<\/p>\n","protected":false},"author":1,"featured_media":0,"parent":101,"menu_order":0,"comment_status":"closed","ping_status":"open","template":"","meta":{"ngg_post_thumbnail":0,"footnotes":""},"class_list":["post-2039","page","type-page","status-publish","hentry"],"_links":{"self":[{"href":"https:\/\/www.auzouvillesurry.fr\/wordpress\/wp-json\/wp\/v2\/pages\/2039","targetHints":{"allow":["GET"]}}],"collection":[{"href":"https:\/\/www.auzouvillesurry.fr\/wordpress\/wp-json\/wp\/v2\/pages"}],"about":[{"href":"https:\/\/www.auzouvillesurry.fr\/wordpress\/wp-json\/wp\/v2\/types\/page"}],"author":[{"embeddable":true,"href":"https:\/\/www.auzouvillesurry.fr\/wordpress\/wp-json\/wp\/v2\/users\/1"}],"replies":[{"embeddable":true,"href":"https:\/\/www.auzouvillesurry.fr\/wordpress\/wp-json\/wp\/v2\/comments?post=2039"}],"version-history":[{"count":20,"href":"https:\/\/www.auzouvillesurry.fr\/wordpress\/wp-json\/wp\/v2\/pages\/2039\/revisions"}],"predecessor-version":[{"id":13753,"href":"https:\/\/www.auzouvillesurry.fr\/wordpress\/wp-json\/wp\/v2\/pages\/2039\/revisions\/13753"}],"up":[{"embeddable":true,"href":"https:\/\/www.auzouvillesurry.fr\/wordpress\/wp-json\/wp\/v2\/pages\/101"}],"wp:attachment":[{"href":"https:\/\/www.auzouvillesurry.fr\/wordpress\/wp-json\/wp\/v2\/media?parent=2039"}],"curies":[{"name":"wp","href":"https:\/\/api.w.org\/{rel}","templated":true}]}}