{"id":1892,"date":"2015-10-06T20:42:04","date_gmt":"2015-10-06T19:42:04","guid":{"rendered":"http:\/\/www.auzouvillesurry.fr\/wordpress\/?page_id=1892"},"modified":"2025-11-11T18:30:54","modified_gmt":"2025-11-11T17:30:54","slug":"a-faire-a-voir","status":"publish","type":"page","link":"https:\/\/www.auzouvillesurry.fr\/wordpress\/histoire-et-patrimoine\/a-faire-a-voir\/","title":{"rendered":"A faire, \u00e0 voir"},"content":{"rendered":"<p class=\"western\" align=\"justify\"><strong style=\"font-size: 15px;\"><span style=\"color: #ff6600;\"><span style=\"font-size: x-large;\">Des id\u00e9es de spectacles, de sorties, de visites, de balades&#8230;.<\/span><\/span><\/strong><\/p>\n<p align=\"justify\"><a href=\"https:\/\/www.normandie-tourisme.fr\/itineraire\/circuit-sur-les-pas-demma-bovary\/\" target=\"_blank\" rel=\"noopener nofollow\" class=\"external external_icon\">Sur les traces de Madame Bovary \u00e0 Ry&nbsp;<\/a><\/p>\n<p><a href=\"https:\/\/www.seine-maritime-tourisme.com\/offres\/le-marais-des-communaux-elbeuf-sur-andelle-fr-5136013\/\" target=\"_blank\" rel=\"noopener nofollow\" class=\"external external_icon\">Le sentier nature des Communaux \u00e0 Elbeuf-sur-Andelle<\/a><\/p>\n<p align=\"justify\"><a href=\"https:\/\/www.seine-maritime-tourisme.com\/offres\/roseliere-de-normanville-le-mesnil-lieubray-fr-5135453\/\" target=\"_blank\" rel=\"noopener nofollow\" class=\"external external_icon\">Le sentier nature de la roseli\u00e8re \u00e0 Normanville<\/a><\/p>\n<p align=\"justify\">D&rsquo;autres id\u00e9es sur <a href=\"http:\/\/cen-normandie.fr\/\" target=\"_blank\" rel=\"noopener nofollow\" class=\"external external_icon\">le site de CREN de Normandie<\/a><\/p>\n<p align=\"justify\"><b>&#8211; Adventices: activit\u00e9s autour de l\u2019\u00e2ne; la nature et l&rsquo;environnement.<\/b><\/p>\n<p class=\"western\" align=\"justify\"><span style=\"color: #000000;\"><span style=\"font-family: Liberation Serif,serif;\"><span style=\"font-size: medium;\">Nous vous accueillons au c\u0153ur d\u2019une vall\u00e9e sauvage et verdoyante pour partager en toute simplicit\u00e9 des moments de convivialit\u00e9 et de d\u00e9couverte.<br \/>\nAu c\u0153ur de la vall\u00e9e du H\u00e9ron, Nicolas&nbsp;Boquelet et Sarah Calais et l\u2019 Association \u00ab&nbsp;Adventices, activit\u00e9s asines et environnements&nbsp;\u00bb vous proposent de la location d\u2019\u00e2nes b\u00e2t\u00e9s pour des balades nature ou de la randonn\u00e9e en famille ainsi que des sorties autour de la d\u00e9couverte des herbes et fruits sauvages.<br \/>\nActivit\u00e9s autour de l\u2019\u00e2ne : location, \u00e2nes b\u00e2t\u00e9s, randonn\u00e9es accompagn\u00e9es, journ\u00e9es th\u00e9matiques.<br \/>\nAnimations Nature et environnement : plantes sauvages comestibles, faune\/flore<\/span><\/span><\/span><\/p>\n<p class=\"western\" align=\"justify\"><span style=\"color: #000000;\"><span style=\"font-family: Liberation Serif,serif;\"><span style=\"font-size: medium;\"><b>Dates d\u2019ouv<\/b><\/span><\/span><\/span><span style=\"color: #000000;\"><span style=\"font-family: Liberation Serif,serif;\"><span style=\"font-size: medium;\"><a href=\"https:\/\/www.auzouvillesurry.fr\/wordpress\/index.php?aam_media=1903\"><img loading=\"lazy\" decoding=\"async\" class=\"alignleft wp-image-1903 size-thumbnail\" src=\"https:\/\/www.auzouvillesurry.fr\/wordpress\/wp-content\/uploads\/2015\/10\/images-150x150.jpeg\" alt=\"\" width=\"150\" height=\"150\"\/><\/a><\/span><\/span><\/span><span style=\"color: #000000;\"><span style=\"font-family: Liberation Serif,serif;\"><span style=\"font-size: medium;\"><b>erture<\/b>&nbsp;: ouvert du 1er avril&nbsp;au 31 octobre sur r\u00e9servation uniquement<br \/>\nTarifs : 1 \u00e2<\/span><\/span><\/span><span style=\"color: #000000;\"><span style=\"font-family: Liberation Serif,serif;\"><span style=\"font-size: medium;\">ne\/1 heure : 15 \u20ac, 1 demi-journ\u00e9e (3 heures) : 30 \u20ac, 1 journ\u00e9e (6 heures) : 40 \u20ac.<br \/>\n<b>Coordonn\u00e9es&nbsp;:<\/b><br \/>\nAdventices<br \/>\nLe T\u00f4t, 216 impasse du gu\u00e9<br \/>\n76780 LE H\u00c9RON<br \/>\nT\u00e9l : 02 35 80 68 54, Email :&nbsp;<\/span><\/span><\/span><a href=\"mailto:nboquelet@orange.fr\"><span style=\"color: #000000;\"><span style=\"font-family: Liberation Serif,serif;\"><span style=\"font-size: medium;\">nboquelet@orange.fr<\/span><\/span><\/span><\/a><\/p>\n<figure id=\"attachment_1894\" aria-describedby=\"caption-attachment-1894\" style=\"width: 150px\" class=\"wp-caption alignright\"><a href=\"https:\/\/www.auzouvillesurry.fr\/wordpress\/index.php?aam_media=1894\"><img loading=\"lazy\" decoding=\"async\" class=\"wp-image-1894 size-thumbnail\" src=\"https:\/\/www.auzouvillesurry.fr\/wordpress\/wp-content\/uploads\/2015\/10\/moulin-blainville-150x150.jpeg\" alt=\"\" width=\"150\" height=\"150\"\/><\/a><figcaption id=\"caption-attachment-1894\" class=\"wp-caption-text\">Moulin de Blainville<\/figcaption><\/figure>\n<p>&nbsp;<\/p>\n<p>&nbsp;<\/p>\n<p>&nbsp;<\/p>\n<p align=\"justify\"><strong>&#8211; Les moulins \u00e0 eau<\/strong><\/p>\n<p class=\"western\" align=\"justify\"><span style=\"color: #000000;\"><span style=\"font-family: Liberation Serif,serif;\"><span style=\"font-size: medium;\">Les trois vall\u00e9es et leurs rivi\u00e8res, l\u2019Andelle, le Crevon et l\u2019H\u00e9ronchelles, comptent de nombreux moulins \u00e0 eau. A d\u00e9couvrir mais pas ouvert \u00e0 la visite.<br \/>\n<b>Sur <\/b><b>le<\/b><b> Crevon<\/b> : le moulin du hameau du Crevon \u00e0 BLAINVILLE-CREVON,<br \/>\n<b>Sur l\u2019H\u00e9ronchelles<\/b> : <a href=\"https:\/\/www.moulinsdefrance.org\/fiches-moulins\/moulin-dheronchelles\/\" target=\"_blank\" rel=\"noopener nofollow\" class=\"external external_icon\">le moulin d\u2019HERONCHELLES<\/a>, le moulin de REBETS<br \/>\n<b>Sur l\u2019Andelle<\/b> : le moulin de l\u2019\u00e9glise \u00e0&nbsp;ELBEUF SUR ANDELLE<\/span><\/span><\/span><\/p>\n<p class=\"western\" align=\"justify\"><span style=\"font-family: Liberation Serif,serif;\"><span style=\"font-size: medium;\"><span style=\"color: #000000;\">Plus d\u2019information sur l\u2019histoire de ces moulins \u00e0 eau sur le site internet de l\u2019Office de Tourisme de Ry&nbsp;: <a href=\"https:\/\/www.normandie-caux-vexin.com\/fr\/\" class=\"external external_icon\" rel=\"nofollow\" target=\"_blank\">https:\/\/www.normandie-caux-vexin.com\/fr\/<\/a><\/span><\/span><\/span><\/p>\n<p class=\"western\" align=\"justify\"><!--more--><\/p>\n<p><!--more--><\/p>\n","protected":false},"excerpt":{"rendered":"<p>Des id\u00e9es de spectacles, de sorties, de visites, de balades&#8230;. Sur les traces de Madame Bovary \u00e0 Ry&nbsp; Le sentier nature des Communaux \u00e0 Elbeuf-sur-Andelle Le sentier nature de la roseli\u00e8re \u00e0 Normanville D&rsquo;autres id\u00e9es sur le site de CREN de Normandie &#8211; Adventices: activit\u00e9s autour de l\u2019\u00e2ne; la nature et l&rsquo;environnement. Nous vous accueillons [&hellip;]<\/p>\n","protected":false},"author":1,"featured_media":0,"parent":287,"menu_order":5,"comment_status":"closed","ping_status":"open","template":"","meta":{"ngg_post_thumbnail":0,"footnotes":""},"class_list":["post-1892","page","type-page","status-publish","hentry"],"_links":{"self":[{"href":"https:\/\/www.auzouvillesurry.fr\/wordpress\/wp-json\/wp\/v2\/pages\/1892","targetHints":{"allow":["GET"]}}],"collection":[{"href":"https:\/\/www.auzouvillesurry.fr\/wordpress\/wp-json\/wp\/v2\/pages"}],"about":[{"href":"https:\/\/www.auzouvillesurry.fr\/wordpress\/wp-json\/wp\/v2\/types\/page"}],"author":[{"embeddable":true,"href":"https:\/\/www.auzouvillesurry.fr\/wordpress\/wp-json\/wp\/v2\/users\/1"}],"replies":[{"embeddable":true,"href":"https:\/\/www.auzouvillesurry.fr\/wordpress\/wp-json\/wp\/v2\/comments?post=1892"}],"version-history":[{"count":89,"href":"https:\/\/www.auzouvillesurry.fr\/wordpress\/wp-json\/wp\/v2\/pages\/1892\/revisions"}],"predecessor-version":[{"id":13519,"href":"https:\/\/www.auzouvillesurry.fr\/wordpress\/wp-json\/wp\/v2\/pages\/1892\/revisions\/13519"}],"up":[{"embeddable":true,"href":"https:\/\/www.auzouvillesurry.fr\/wordpress\/wp-json\/wp\/v2\/pages\/287"}],"wp:attachment":[{"href":"https:\/\/www.auzouvillesurry.fr\/wordpress\/wp-json\/wp\/v2\/media?parent=1892"}],"curies":[{"name":"wp","href":"https:\/\/api.w.org\/{rel}","templated":true}]}}