{"id":1486,"date":"2015-07-31T17:17:30","date_gmt":"2015-07-31T16:17:30","guid":{"rendered":"http:\/\/www.auzouvillesurry.fr\/wordpress\/?page_id=1486"},"modified":"2026-02-01T18:11:30","modified_gmt":"2026-02-01T17:11:30","slug":"association-sportive","status":"publish","type":"page","link":"https:\/\/www.auzouvillesurry.fr\/wordpress\/vie-associative\/association-sportive\/","title":{"rendered":"Association sportive"},"content":{"rendered":"<div id=\"hautpage\">&nbsp;<\/div>\n<p><strong>Association Sportive d&rsquo;Auzouville sur Ry (ASAR)<\/strong><\/p>\n<p>Pr\u00e9sidente : Christelle DELASTRE Vice pr\u00e9sidente : V\u00e9ronique FERREIRA<br \/>\nTr\u00e9sorier : Gr\u00e9gory CLOET Tr\u00e9sori\u00e8re adjointe : V\u00e9ronique POULAIN<br \/>\nSecr\u00e9taire : Christelle DESOMBRE Secr\u00e9taire adjointe : Fran\u00e7oise RENARD<\/p>\n<div id=\"karat\u00e9\">Adresse mail : asar.auzouville@gmail.com<\/div>\n<p><a href=\"#yoga\">Section Yoga<\/a><\/p>\n<p><span style=\"font-family: 'Liberation Serif', serif;\"><span style=\"font-size: medium;\">Cour \u00e0 la salle polyvalente :<\/span><\/span><span style=\"color: #000000;\"><span style=\"font-family: 'Liberation Serif', serif;\"><span style=\"font-size: medium;\"><br \/>\nle jeudi soir de 17 h 30 \u00e0 19 h et de 19 h 15 \u00e0 20 h 30<\/span><\/span><\/span><br \/>\n<a href=\"#hautpage\">Retour haut de page<\/a><\/p>\n<p>&nbsp;<\/p>\n","protected":false},"excerpt":{"rendered":"<p>&nbsp; Association Sportive d&rsquo;Auzouville sur Ry (ASAR) Pr\u00e9sidente : Christelle DELASTRE Vice pr\u00e9sidente : V\u00e9ronique FERREIRA Tr\u00e9sorier : Gr\u00e9gory CLOET Tr\u00e9sori\u00e8re adjointe : V\u00e9ronique POULAIN Secr\u00e9taire : Christelle DESOMBRE Secr\u00e9taire adjointe : Fran\u00e7oise RENARD Adresse mail : asar.auzouville@gmail.com Section Yoga Cour \u00e0 la salle polyvalente : le jeudi soir de 17 h 30 \u00e0 19 [&hellip;]<\/p>\n","protected":false},"author":23,"featured_media":0,"parent":7,"menu_order":4,"comment_status":"closed","ping_status":"open","template":"","meta":{"ngg_post_thumbnail":0,"footnotes":""},"class_list":["post-1486","page","type-page","status-publish","hentry"],"_links":{"self":[{"href":"https:\/\/www.auzouvillesurry.fr\/wordpress\/wp-json\/wp\/v2\/pages\/1486","targetHints":{"allow":["GET"]}}],"collection":[{"href":"https:\/\/www.auzouvillesurry.fr\/wordpress\/wp-json\/wp\/v2\/pages"}],"about":[{"href":"https:\/\/www.auzouvillesurry.fr\/wordpress\/wp-json\/wp\/v2\/types\/page"}],"author":[{"embeddable":true,"href":"https:\/\/www.auzouvillesurry.fr\/wordpress\/wp-json\/wp\/v2\/users\/23"}],"replies":[{"embeddable":true,"href":"https:\/\/www.auzouvillesurry.fr\/wordpress\/wp-json\/wp\/v2\/comments?post=1486"}],"version-history":[{"count":29,"href":"https:\/\/www.auzouvillesurry.fr\/wordpress\/wp-json\/wp\/v2\/pages\/1486\/revisions"}],"predecessor-version":[{"id":13695,"href":"https:\/\/www.auzouvillesurry.fr\/wordpress\/wp-json\/wp\/v2\/pages\/1486\/revisions\/13695"}],"up":[{"embeddable":true,"href":"https:\/\/www.auzouvillesurry.fr\/wordpress\/wp-json\/wp\/v2\/pages\/7"}],"wp:attachment":[{"href":"https:\/\/www.auzouvillesurry.fr\/wordpress\/wp-json\/wp\/v2\/media?parent=1486"}],"curies":[{"name":"wp","href":"https:\/\/api.w.org\/{rel}","templated":true}]}}