{"id":13767,"date":"2026-05-05T16:46:00","date_gmt":"2026-05-05T15:46:00","guid":{"rendered":"https:\/\/www.auzouvillesurry.fr\/wordpress\/?page_id=13767"},"modified":"2026-05-05T16:58:00","modified_gmt":"2026-05-05T15:58:00","slug":"les-maires-de-1792-a-nos-jours","status":"publish","type":"page","link":"https:\/\/www.auzouvillesurry.fr\/wordpress\/les-maires-de-1792-a-nos-jours\/","title":{"rendered":"Les maires de 1792 \u00e0 nos jours"},"content":{"rendered":"<p>Etablie \u00e0 partir des archives d\u00e9partementales num\u00e9ris\u00e9es, cet article liste les diff\u00e9rents maires et adjoints depuis 1792 jusqu&rsquo;en 1928, elle sera compl\u00e9t\u00e9e plustard \u00e0 partir des archives papiers disponibles en mairie.<br \/>\nElle est agr\u00e9ment\u00e9e de quelques ajouts repr\u00e9sentatifs de l&rsquo;actualit\u00e9 locale ou nationale de l&rsquo;\u00e9poque<\/p>\n<p><a href=\"https:\/\/www.auzouvillesurry.fr\/wordpress\/wp-content\/uploads\/2026\/05\/les-maires-1792-2026.pdf\" target=\"_blank\" rel=\"noreferrer noopener\">Les maires de 1792 \u00e0 nos jours<\/a><\/p>\n","protected":false},"excerpt":{"rendered":"<p>Etablie \u00e0 partir des archives d\u00e9partementales num\u00e9ris\u00e9es, cet article liste les diff\u00e9rents maires et adjoints depuis 1792 jusqu&rsquo;en 1928, elle sera compl\u00e9t\u00e9e plustard \u00e0 partir des archives papiers disponibles en mairie. Elle est agr\u00e9ment\u00e9e de quelques ajouts repr\u00e9sentatifs de l&rsquo;actualit\u00e9 locale ou nationale de l&rsquo;\u00e9poque Les maires de 1792 \u00e0 nos jours<\/p>\n","protected":false},"author":1,"featured_media":0,"parent":0,"menu_order":0,"comment_status":"closed","ping_status":"closed","template":"","meta":{"ngg_post_thumbnail":0,"iawp_total_views":0,"footnotes":""},"class_list":["post-13767","page","type-page","status-publish","hentry"],"_links":{"self":[{"href":"https:\/\/www.auzouvillesurry.fr\/wordpress\/wp-json\/wp\/v2\/pages\/13767","targetHints":{"allow":["GET"]}}],"collection":[{"href":"https:\/\/www.auzouvillesurry.fr\/wordpress\/wp-json\/wp\/v2\/pages"}],"about":[{"href":"https:\/\/www.auzouvillesurry.fr\/wordpress\/wp-json\/wp\/v2\/types\/page"}],"author":[{"embeddable":true,"href":"https:\/\/www.auzouvillesurry.fr\/wordpress\/wp-json\/wp\/v2\/users\/1"}],"replies":[{"embeddable":true,"href":"https:\/\/www.auzouvillesurry.fr\/wordpress\/wp-json\/wp\/v2\/comments?post=13767"}],"version-history":[{"count":9,"href":"https:\/\/www.auzouvillesurry.fr\/wordpress\/wp-json\/wp\/v2\/pages\/13767\/revisions"}],"predecessor-version":[{"id":13781,"href":"https:\/\/www.auzouvillesurry.fr\/wordpress\/wp-json\/wp\/v2\/pages\/13767\/revisions\/13781"}],"wp:attachment":[{"href":"https:\/\/www.auzouvillesurry.fr\/wordpress\/wp-json\/wp\/v2\/media?parent=13767"}],"curies":[{"name":"wp","href":"https:\/\/api.w.org\/{rel}","templated":true}]}}