{"id":13730,"date":"2026-03-01T14:34:18","date_gmt":"2026-03-01T13:34:18","guid":{"rendered":"https:\/\/www.auzouvillesurry.fr\/wordpress\/?page_id=13730"},"modified":"2026-03-01T14:34:19","modified_gmt":"2026-03-01T13:34:19","slug":"les-deliberations-du-conseil-de-1792-a-1928","status":"publish","type":"page","link":"https:\/\/www.auzouvillesurry.fr\/wordpress\/les-deliberations-du-conseil-de-1792-a-1928\/","title":{"rendered":"Les d\u00e9lib\u00e9rations du conseil de 1792 \u00e0 1928"},"content":{"rendered":"<p>Retrouvez toutes les d\u00e9lib\u00e9rations du conseil municipal de 1792 \u00e0 1928. Une bonne fa\u00e7on de voyager dans les pr\u00e9occupations de l&rsquo;\u00e9poque, de se replonger dans les formulations maintenant desuettes, de retrouver trace d&rsquo;anciennes familles de la commune.<br \/>\n<a rel=\"noreferrer noopener\"  href=\"https:\/\/www.auzouvillesurry.fr\/wordpress\/archives\/index.php\"target=\"_blank\">Les d\u00e9lib\u00e9rations du conseil de 1792 \u00e0 1928<\/a><\/p>\n<p>L&rsquo;int\u00e9gralit\u00e9 de ces documents est a retrouv\u00e9 sur <a rel=\"noreferrer noopener nofollow\"  href=\"https:\/\/www.archivesdepartementales76.net\/archive\/resultats\/Communes\/n:249?RECH_geogname_Index=6477068|&amp;RECH_geogname_Libel=Auzouville-sur-Ry|&amp;RECH_genreform_Libel=D%C3%A9lib%C3%A9rations%20du%20conseil%20municipal|&amp;RECH_genreform_Md5=542cc1673ea29ac144ee8d76c7e8d626|&amp;arcfacfull=RECH_all&amp;type=Communes&amp;RECH_Field=RECH_geogname&amp;RECH_Letter=A\"target=\"_blank\" class=\"external external_icon\">Lien vers les archives d\u00e9partementales<\/a><\/p>\n","protected":false},"excerpt":{"rendered":"<p>Retrouvez toutes les d\u00e9lib\u00e9rations du conseil municipal de 1792 \u00e0 1928. Une bonne fa\u00e7on de voyager dans les pr\u00e9occupations de l&rsquo;\u00e9poque, de se replonger dans les formulations maintenant desuettes, de retrouver trace d&rsquo;anciennes familles de la commune. Les d\u00e9lib\u00e9rations du conseil de 1792 \u00e0 1928 L&rsquo;int\u00e9gralit\u00e9 de ces documents est a retrouv\u00e9 sur Lien vers [&hellip;]<\/p>\n","protected":false},"author":1,"featured_media":0,"parent":0,"menu_order":0,"comment_status":"closed","ping_status":"closed","template":"","meta":{"ngg_post_thumbnail":0,"footnotes":""},"class_list":["post-13730","page","type-page","status-publish","hentry"],"_links":{"self":[{"href":"https:\/\/www.auzouvillesurry.fr\/wordpress\/wp-json\/wp\/v2\/pages\/13730","targetHints":{"allow":["GET"]}}],"collection":[{"href":"https:\/\/www.auzouvillesurry.fr\/wordpress\/wp-json\/wp\/v2\/pages"}],"about":[{"href":"https:\/\/www.auzouvillesurry.fr\/wordpress\/wp-json\/wp\/v2\/types\/page"}],"author":[{"embeddable":true,"href":"https:\/\/www.auzouvillesurry.fr\/wordpress\/wp-json\/wp\/v2\/users\/1"}],"replies":[{"embeddable":true,"href":"https:\/\/www.auzouvillesurry.fr\/wordpress\/wp-json\/wp\/v2\/comments?post=13730"}],"version-history":[{"count":3,"href":"https:\/\/www.auzouvillesurry.fr\/wordpress\/wp-json\/wp\/v2\/pages\/13730\/revisions"}],"predecessor-version":[{"id":13733,"href":"https:\/\/www.auzouvillesurry.fr\/wordpress\/wp-json\/wp\/v2\/pages\/13730\/revisions\/13733"}],"wp:attachment":[{"href":"https:\/\/www.auzouvillesurry.fr\/wordpress\/wp-json\/wp\/v2\/media?parent=13730"}],"curies":[{"name":"wp","href":"https:\/\/api.w.org\/{rel}","templated":true}]}}