{"id":13709,"date":"2026-02-17T17:05:23","date_gmt":"2026-02-17T16:05:23","guid":{"rendered":"https:\/\/www.auzouvillesurry.fr\/wordpress\/?page_id=13709"},"modified":"2026-02-17T17:05:25","modified_gmt":"2026-02-17T16:05:25","slug":"un-moulin-a-vent","status":"publish","type":"page","link":"https:\/\/www.auzouvillesurry.fr\/wordpress\/un-moulin-a-vent\/","title":{"rendered":"Un moulin \u00e0 vent?"},"content":{"rendered":"\n<p><strong>Un moulin \u00e0 vent \u00e0 Auzouville sur Ry&nbsp;?<\/strong><\/p>\n\n\n\n<p>Un chemin du moulin \u00e0 vent une impasse du moulin \u00e0 vent, mais o\u00f9 est-il ou plus exactement o\u00f9 \u00e9tait-il ce fameux moulin.<br \/>On peut situer ce moulin le long du chemin des charbonniers (allant de la rue Vaussier au hameau de la Grange du Chemin). L\u2019absence de trace laisse \u00e0 supposer qu\u2019il s\u2019agissait d\u2018une structure l\u00e9g\u00e8re en bois.<br \/>On en retrouve une mention en page 76 de l\u2019inventaire analytique de l\u2019an II (1809) de M Illaire. \u00ab&nbsp;\u00c9nergie et subsistances. Enqu\u00eates sur les moulins \u00e0 bl\u00e9&nbsp;\u00bb&nbsp;:<\/p>\n\n\n\n<figure class=\"wp-block-image size-full\"><img loading=\"lazy\" decoding=\"async\" width=\"642\" height=\"64\" src=\"https:\/\/www.auzouvillesurry.fr\/wordpress\/wp-content\/uploads\/2026\/02\/image.png\" alt=\"\" class=\"wp-image-13710\" srcset=\"https:\/\/www.auzouvillesurry.fr\/wordpress\/wp-content\/uploads\/2026\/02\/image.png 642w, https:\/\/www.auzouvillesurry.fr\/wordpress\/wp-content\/uploads\/2026\/02\/image-300x30.png 300w\" sizes=\"auto, (max-width: 642px) 100vw, 642px\" \/><\/figure>\n\n\n\n<p>il est situ\u00e9 sur le plan terrier de 1749<\/p>\n\n\n\n<figure class=\"wp-block-image size-full\"><img loading=\"lazy\" decoding=\"async\" width=\"636\" height=\"591\" src=\"https:\/\/www.auzouvillesurry.fr\/wordpress\/wp-content\/uploads\/2026\/02\/image-4.png\" alt=\"\" class=\"wp-image-13715\" srcset=\"https:\/\/www.auzouvillesurry.fr\/wordpress\/wp-content\/uploads\/2026\/02\/image-4.png 636w, https:\/\/www.auzouvillesurry.fr\/wordpress\/wp-content\/uploads\/2026\/02\/image-4-300x279.png 300w\" sizes=\"auto, (max-width: 636px) 100vw, 636px\" \/><\/figure>\n\n\n\n<p>et plus approximativement sur les cartes de Cassini<\/p>\n\n\n\n<figure class=\"wp-block-image size-full\"><img loading=\"lazy\" decoding=\"async\" width=\"593\" height=\"570\" src=\"https:\/\/www.auzouvillesurry.fr\/wordpress\/wp-content\/uploads\/2026\/02\/image-5.png\" alt=\"\" class=\"wp-image-13716\" srcset=\"https:\/\/www.auzouvillesurry.fr\/wordpress\/wp-content\/uploads\/2026\/02\/image-5.png 593w, https:\/\/www.auzouvillesurry.fr\/wordpress\/wp-content\/uploads\/2026\/02\/image-5-300x288.png 300w\" sizes=\"auto, (max-width: 593px) 100vw, 593px\" \/><\/figure>\n\n\n\n<p>L\u2019enqu\u00eate qui r\u00e9v\u00e8le l\u2019existence du moulin fut diligent\u00e9e pour recenser les lieux et les moyens de production de la farine afin de lutter contre \u00ab&nbsp;<em>les producteurs avides et les commer\u00e7ants qui sp\u00e9culent sur la mis\u00e8re publique <\/em><em>qui tirent un profit scandaleux de la raret\u00e9 des grains<\/em><em>&nbsp;\u00bb.<\/em><\/p>\n\n\n\n<p>La Commission des subsistances lan\u00e7a la premi\u00e8re enqu\u00eate par une circulaire en date du 13 frimaire an II (3 d\u00e9cembre 1793) aux administrateurs de districts \u00ab\u00a0pour conna\u00eetre tous les moulins existant dans la R\u00e9publique\u00a0\u00bb<\/p>\n\n\n\n<p>Cependant toutes les communes ne r\u00e9pondent pas \u00e0 ce recensement en partie comme le souligne les administrateurs du district de Quimper&nbsp;: <em>\u00a0\u00bb malgr\u00e9 tous nos soins \u00e0 stimuler les municipalit\u00e9s de nous faire passer l&rsquo;\u00e9tat des moulins qui y existent nous <\/em><em>ne pouvons parvenir \u00e0 les avoir, vu que les municipaux des campagnes sont sans moyens, la plupart ne savent m\u00eame pas \u00e9crire ; c&rsquo;est pour tous les autres objets comme pour celui-l\u00e0, ce qui retarde nos op\u00e9rations&#8230;\u00a0\u00bb<\/em><\/p>\n\n\n\n<p>Il y eu par la suite d\u2019autres enqu\u00eates<br \/>en 1794, 6883 moulins pour 72 d\u00e9partements<br \/>en 1801, 4474 moulins pour 8 d\u00e9partements<br \/>en 1808, 9045 moulins pour 115 d\u00e9partements,<br \/>L\u2019inventaire des moulins tous types d\u2019\u00e9nergie confondu fait ressortir que 78\u00a0% sont des moulins \u00e0 eau 21\u00a0% des moulins \u00e0 vent le reste se r\u00e9partissant en moulin \u00e0 mar\u00e9e, moulin \u00e0 foulon et autre non sp\u00e9cifi\u00e9.<\/p>\n","protected":false},"excerpt":{"rendered":"<p>Un moulin \u00e0 vent \u00e0 Auzouville sur Ry&nbsp;? Un chemin du moulin \u00e0 vent une impasse du moulin \u00e0 vent, mais o\u00f9 est-il ou plus exactement o\u00f9 \u00e9tait-il ce fameux moulin.On peut situer ce moulin le long du chemin des charbonniers (allant de la rue Vaussier au hameau de la Grange du Chemin). L\u2019absence de [&hellip;]<\/p>\n","protected":false},"author":1,"featured_media":0,"parent":0,"menu_order":0,"comment_status":"closed","ping_status":"closed","template":"","meta":{"ngg_post_thumbnail":0,"footnotes":""},"class_list":["post-13709","page","type-page","status-publish","hentry"],"_links":{"self":[{"href":"https:\/\/www.auzouvillesurry.fr\/wordpress\/wp-json\/wp\/v2\/pages\/13709","targetHints":{"allow":["GET"]}}],"collection":[{"href":"https:\/\/www.auzouvillesurry.fr\/wordpress\/wp-json\/wp\/v2\/pages"}],"about":[{"href":"https:\/\/www.auzouvillesurry.fr\/wordpress\/wp-json\/wp\/v2\/types\/page"}],"author":[{"embeddable":true,"href":"https:\/\/www.auzouvillesurry.fr\/wordpress\/wp-json\/wp\/v2\/users\/1"}],"replies":[{"embeddable":true,"href":"https:\/\/www.auzouvillesurry.fr\/wordpress\/wp-json\/wp\/v2\/comments?post=13709"}],"version-history":[{"count":2,"href":"https:\/\/www.auzouvillesurry.fr\/wordpress\/wp-json\/wp\/v2\/pages\/13709\/revisions"}],"predecessor-version":[{"id":13717,"href":"https:\/\/www.auzouvillesurry.fr\/wordpress\/wp-json\/wp\/v2\/pages\/13709\/revisions\/13717"}],"wp:attachment":[{"href":"https:\/\/www.auzouvillesurry.fr\/wordpress\/wp-json\/wp\/v2\/media?parent=13709"}],"curies":[{"name":"wp","href":"https:\/\/api.w.org\/{rel}","templated":true}]}}