{"id":1349,"date":"2015-05-31T10:47:19","date_gmt":"2015-05-31T09:47:19","guid":{"rendered":"http:\/\/www.auzouvillesurry.fr\/wordpress\/?page_id=1349"},"modified":"2016-05-29T18:56:10","modified_gmt":"2016-05-29T17:56:10","slug":"fete-communautaire","status":"publish","type":"page","link":"https:\/\/www.auzouvillesurry.fr\/wordpress\/intercommunalite\/la-ccpm-communaute-de-communes-du-plateau-de-martainville\/fete-communautaire\/","title":{"rendered":"F\u00eate communautaire 2015"},"content":{"rendered":"<div class=\"wpa-image-missing-alt\"><a href=\"https:\/\/www.auzouvillesurry.fr\/wordpress\/wp-content\/uploads\/Logo\/logo-ccpm.jpg\"><img loading=\"lazy\" decoding=\"async\" class=\"alignleft wp-image-316 size-full\" src=\"https:\/\/www.auzouvillesurry.fr\/wordpress\/wp-content\/uploads\/Logo\/logo-ccpm.jpg\" alt=\"\" width=\"117\" height=\"103\" \/><\/a><\/div>\n<div class=\"wpa-image-missing-alt\">\u00c9lus, employ\u00e9s communaux et b\u00e9n\u00e9voles se sont mobilis\u00e9s pour assurer la r\u00e9ussite de le f\u00eate de la Communaut\u00e9 de communes du plateaux de Martainville.<\/div>\n<p>Bravo et merci pour cette apr\u00e8s midi qui s&rsquo;est termin\u00e9e en apoth\u00e9ose par un spectacle pyrotechnique dont vous pouvez d\u00e9couvrir ici quelques vues.<\/p>\n<p>&nbsp;<\/p>ngg_shortcode_0_placeholder","protected":false},"excerpt":{"rendered":"<p>\u00c9lus, employ\u00e9s communaux et b\u00e9n\u00e9voles se sont mobilis\u00e9s pour assurer la r\u00e9ussite de le f\u00eate de la Communaut\u00e9 de communes du plateaux de Martainville. Bravo et merci pour cette apr\u00e8s midi qui s&rsquo;est termin\u00e9e en apoth\u00e9ose par un spectacle pyrotechnique dont vous pouvez d\u00e9couvrir ici quelques vues. &nbsp;<\/p>\n","protected":false},"author":1,"featured_media":0,"parent":53,"menu_order":10,"comment_status":"closed","ping_status":"open","template":"","meta":{"ngg_post_thumbnail":0,"footnotes":""},"class_list":["post-1349","page","type-page","status-publish","hentry"],"_links":{"self":[{"href":"https:\/\/www.auzouvillesurry.fr\/wordpress\/wp-json\/wp\/v2\/pages\/1349","targetHints":{"allow":["GET"]}}],"collection":[{"href":"https:\/\/www.auzouvillesurry.fr\/wordpress\/wp-json\/wp\/v2\/pages"}],"about":[{"href":"https:\/\/www.auzouvillesurry.fr\/wordpress\/wp-json\/wp\/v2\/types\/page"}],"author":[{"embeddable":true,"href":"https:\/\/www.auzouvillesurry.fr\/wordpress\/wp-json\/wp\/v2\/users\/1"}],"replies":[{"embeddable":true,"href":"https:\/\/www.auzouvillesurry.fr\/wordpress\/wp-json\/wp\/v2\/comments?post=1349"}],"version-history":[{"count":5,"href":"https:\/\/www.auzouvillesurry.fr\/wordpress\/wp-json\/wp\/v2\/pages\/1349\/revisions"}],"predecessor-version":[{"id":4774,"href":"https:\/\/www.auzouvillesurry.fr\/wordpress\/wp-json\/wp\/v2\/pages\/1349\/revisions\/4774"}],"up":[{"embeddable":true,"href":"https:\/\/www.auzouvillesurry.fr\/wordpress\/wp-json\/wp\/v2\/pages\/53"}],"wp:attachment":[{"href":"https:\/\/www.auzouvillesurry.fr\/wordpress\/wp-json\/wp\/v2\/media?parent=1349"}],"curies":[{"name":"wp","href":"https:\/\/api.w.org\/{rel}","templated":true}]}}