{"id":13135,"date":"2024-10-31T12:00:00","date_gmt":"2024-10-31T11:00:00","guid":{"rendered":"https:\/\/www.auzouvillesurry.fr\/wordpress\/?page_id=13135"},"modified":"2024-10-28T18:50:05","modified_gmt":"2024-10-28T17:50:05","slug":"le-conseil-et-la-guerre-1914-1918","status":"publish","type":"page","link":"https:\/\/www.auzouvillesurry.fr\/wordpress\/histoire-et-patrimoine\/la-grande-guerre\/le-conseil-et-la-guerre-1914-1918\/","title":{"rendered":"Le conseil et la guerre 1914 1918"},"content":{"rendered":"<p>Pendant la \u00ab\u00a0grande guerre\u00a0\u00bb le conseil municipal d&rsquo;Auzouville sur Ry a \u00e9t\u00e9 amen\u00e9 \u00e0 prendre quelques d\u00e9lib\u00e9rations en relation avec le guerre.<\/p>\n\n\n<figure class=\"wp-block-image size-large\"><img loading=\"lazy\" decoding=\"async\" width=\"1024\" height=\"490\" src=\"https:\/\/www.auzouvillesurry.fr\/wordpress\/wp-content\/uploads\/2024\/10\/image-1024x490.png\" alt=\"\" class=\"wp-image-13137\" srcset=\"https:\/\/www.auzouvillesurry.fr\/wordpress\/wp-content\/uploads\/2024\/10\/image-1024x490.png 1024w, https:\/\/www.auzouvillesurry.fr\/wordpress\/wp-content\/uploads\/2024\/10\/image-300x143.png 300w, https:\/\/www.auzouvillesurry.fr\/wordpress\/wp-content\/uploads\/2024\/10\/image-768x367.png 768w, https:\/\/www.auzouvillesurry.fr\/wordpress\/wp-content\/uploads\/2024\/10\/image-1320x631.png 1320w, https:\/\/www.auzouvillesurry.fr\/wordpress\/wp-content\/uploads\/2024\/10\/image.png 1420w\" sizes=\"auto, (max-width: 1024px) 100vw, 1024px\" \/><\/figure>\n\n\n\n<p>L\u2019an mil neuf cent quatorze le 13 aout nous Marc Eug\u00e8ne Maire d\u2019Auzouville sur Ry avons convoqu\u00e9 le conseil municipal pour ouverture de cr\u00e9dits qui permettront d\u2019accorder des secours pendant la dur\u00e9e de la guerre aux n\u00e9cessiteux surtout \u00e0 l\u2019\u00e9poque du ch\u00f4mage. Mention est faire de cette convocation au registre des d\u00e9lib\u00e9rations conform\u00e9ment \u00e0 la loi du 9 avril 1884.<\/p>\n\n\n\n<figure class=\"wp-block-image size-large\"><img loading=\"lazy\" decoding=\"async\" width=\"1024\" height=\"144\" src=\"https:\/\/www.auzouvillesurry.fr\/wordpress\/wp-content\/uploads\/2024\/10\/image-1-1024x144.png\" alt=\"\" class=\"wp-image-13138\" srcset=\"https:\/\/www.auzouvillesurry.fr\/wordpress\/wp-content\/uploads\/2024\/10\/image-1-1024x144.png 1024w, https:\/\/www.auzouvillesurry.fr\/wordpress\/wp-content\/uploads\/2024\/10\/image-1-300x42.png 300w, https:\/\/www.auzouvillesurry.fr\/wordpress\/wp-content\/uploads\/2024\/10\/image-1-768x108.png 768w, https:\/\/www.auzouvillesurry.fr\/wordpress\/wp-content\/uploads\/2024\/10\/image-1-1320x185.png 1320w, https:\/\/www.auzouvillesurry.fr\/wordpress\/wp-content\/uploads\/2024\/10\/image-1.png 1420w\" sizes=\"auto, (max-width: 1024px) 100vw, 1024px\" \/><\/figure>\n\n\n\n<figure class=\"wp-block-image size-large\"><img loading=\"lazy\" decoding=\"async\" width=\"1024\" height=\"265\" src=\"https:\/\/www.auzouvillesurry.fr\/wordpress\/wp-content\/uploads\/2024\/10\/image-2-1024x265.png\" alt=\"\" class=\"wp-image-13139\" srcset=\"https:\/\/www.auzouvillesurry.fr\/wordpress\/wp-content\/uploads\/2024\/10\/image-2-1024x265.png 1024w, https:\/\/www.auzouvillesurry.fr\/wordpress\/wp-content\/uploads\/2024\/10\/image-2-300x78.png 300w, https:\/\/www.auzouvillesurry.fr\/wordpress\/wp-content\/uploads\/2024\/10\/image-2-768x199.png 768w, https:\/\/www.auzouvillesurry.fr\/wordpress\/wp-content\/uploads\/2024\/10\/image-2-1320x342.png 1320w, https:\/\/www.auzouvillesurry.fr\/wordpress\/wp-content\/uploads\/2024\/10\/image-2.png 1372w\" sizes=\"auto, (max-width: 1024px) 100vw, 1024px\" \/><\/figure>\n\n\n\n<figure class=\"wp-block-image size-large\"><img loading=\"lazy\" decoding=\"async\" width=\"1024\" height=\"649\" src=\"https:\/\/www.auzouvillesurry.fr\/wordpress\/wp-content\/uploads\/2024\/10\/image-3-1024x649.png\" alt=\"\" class=\"wp-image-13140\" srcset=\"https:\/\/www.auzouvillesurry.fr\/wordpress\/wp-content\/uploads\/2024\/10\/image-3-1024x649.png 1024w, https:\/\/www.auzouvillesurry.fr\/wordpress\/wp-content\/uploads\/2024\/10\/image-3-300x190.png 300w, https:\/\/www.auzouvillesurry.fr\/wordpress\/wp-content\/uploads\/2024\/10\/image-3-768x486.png 768w, https:\/\/www.auzouvillesurry.fr\/wordpress\/wp-content\/uploads\/2024\/10\/image-3-1320x836.png 1320w, https:\/\/www.auzouvillesurry.fr\/wordpress\/wp-content\/uploads\/2024\/10\/image-3.png 1369w\" sizes=\"auto, (max-width: 1024px) 100vw, 1024px\" \/><\/figure>\n\n\n\n<p>L\u2019an mil neuf cent quatorze le lundi 17 aout \u00e0 8 h du matin les membres composant le conseil municipal se sont r\u00e9unis au lieu ordinaire de leur s\u00e9ances.<br \/>\u00c9taient pr\u00e9sents&nbsp;: MM Marc, Simon, Gaillard, Boucher, Blondel, Prieur,<br \/>Absents&nbsp;: MM Thibault, Gu\u00e9rard, Leroy, Duthil (mobilis\u00e9s)<br \/>La s\u00e9ance ouverte \u00e0 l\u2019unanimit\u00e9 des membres pr\u00e9sents le conseil adresse ses respectueux hommages \u00e0 M Poincar\u00e9 notre v\u00e9n\u00e9r\u00e9 Pr\u00e9sident et \u00e0 tous les membres du gouvernement de la R\u00e9publique qui pr\u00e9sident si glorieusement aux destin\u00e9es de notre pays et adresse en outre le t\u00e9moignage de sa profonde admiration \u00e0 nos valeureux soldats et officiers qui combattent si vaillamment \u00e0 la fronti\u00e8re pour an\u00e9antir la plus abjecte des tyrannie et sauvegarder le foyer de la civilisation et de la libert\u00e9. Hurrah pour toutes les arm\u00e9es alli\u00e9es contre les tyrans et Vive la France et la R\u00e9publique.<\/p>\n\n\n\n<p><\/p>\n\n\n\n<p><strong>Ouverture de cr\u00e9dits pour secours aux indigents<\/strong><\/p>\n\n\n\n<figure class=\"wp-block-image size-large\"><img loading=\"lazy\" decoding=\"async\" width=\"1024\" height=\"432\" src=\"https:\/\/www.auzouvillesurry.fr\/wordpress\/wp-content\/uploads\/2024\/10\/image-4-1024x432.png\" alt=\"\" class=\"wp-image-13142\" srcset=\"https:\/\/www.auzouvillesurry.fr\/wordpress\/wp-content\/uploads\/2024\/10\/image-4-1024x432.png 1024w, https:\/\/www.auzouvillesurry.fr\/wordpress\/wp-content\/uploads\/2024\/10\/image-4-300x127.png 300w, https:\/\/www.auzouvillesurry.fr\/wordpress\/wp-content\/uploads\/2024\/10\/image-4-768x324.png 768w, https:\/\/www.auzouvillesurry.fr\/wordpress\/wp-content\/uploads\/2024\/10\/image-4-1320x557.png 1320w, https:\/\/www.auzouvillesurry.fr\/wordpress\/wp-content\/uploads\/2024\/10\/image-4.png 1516w\" sizes=\"auto, (max-width: 1024px) 100vw, 1024px\" \/><\/figure>\n\n\n\n<p>Dans le but de permettre de soulager les personnes n\u00e9cessiteuses de la commune pendant la dur\u00e9e de la guerre Monsieur le Maire propose au conseil la d\u00e9saffectation partielle du cr\u00e9dit port\u00e9 \u00e0 l\u2019article 18 du budget additionnel soit 300 F \u00e0 distraire du cr\u00e9dit de 7400 F pour entretien des b\u00e2timents communaux.<br \/>Ces 300 F seraient mis de suite \u00e0 la disposition du Bureau de Bienfaisance charg\u00e9 de repartir les secours, ce qui est adopt\u00e9 \u00e0 l\u2019unanimit\u00e9<\/p>\n\n\n\n<p><strong>Secours de 20 f accord\u00e9 \u00e0 l\u2019union des femmes de France.<\/strong><\/p>\n\n\n\n<figure class=\"wp-block-image size-large\"><img loading=\"lazy\" decoding=\"async\" width=\"1024\" height=\"389\" src=\"https:\/\/www.auzouvillesurry.fr\/wordpress\/wp-content\/uploads\/2024\/10\/image-5-1024x389.png\" alt=\"\" class=\"wp-image-13143\" srcset=\"https:\/\/www.auzouvillesurry.fr\/wordpress\/wp-content\/uploads\/2024\/10\/image-5-1024x389.png 1024w, https:\/\/www.auzouvillesurry.fr\/wordpress\/wp-content\/uploads\/2024\/10\/image-5-300x114.png 300w, https:\/\/www.auzouvillesurry.fr\/wordpress\/wp-content\/uploads\/2024\/10\/image-5-768x292.png 768w, https:\/\/www.auzouvillesurry.fr\/wordpress\/wp-content\/uploads\/2024\/10\/image-5-1320x502.png 1320w, https:\/\/www.auzouvillesurry.fr\/wordpress\/wp-content\/uploads\/2024\/10\/image-5.png 1368w\" sizes=\"auto, (max-width: 1024px) 100vw, 1024px\" \/><\/figure>\n\n\n\n<figure class=\"wp-block-image size-large\"><img loading=\"lazy\" decoding=\"async\" width=\"1024\" height=\"546\" src=\"https:\/\/www.auzouvillesurry.fr\/wordpress\/wp-content\/uploads\/2024\/10\/image-6-1024x546.png\" alt=\"\" class=\"wp-image-13144\" srcset=\"https:\/\/www.auzouvillesurry.fr\/wordpress\/wp-content\/uploads\/2024\/10\/image-6-1024x546.png 1024w, https:\/\/www.auzouvillesurry.fr\/wordpress\/wp-content\/uploads\/2024\/10\/image-6-300x160.png 300w, https:\/\/www.auzouvillesurry.fr\/wordpress\/wp-content\/uploads\/2024\/10\/image-6-768x409.png 768w, https:\/\/www.auzouvillesurry.fr\/wordpress\/wp-content\/uploads\/2024\/10\/image-6-1320x704.png 1320w, https:\/\/www.auzouvillesurry.fr\/wordpress\/wp-content\/uploads\/2024\/10\/image-6.png 1377w\" sizes=\"auto, (max-width: 1024px) 100vw, 1024px\" \/><\/figure>\n\n\n\n<p>L\u2019an mil neuf cent quatorze le 10 septembre les membres composant le conseil municipal de la commune d\u2019Auzouville sur Ry se sont r\u00e9unis au lieu ordinaire de leurs s\u00e9ances.<br \/>\u00c9taient pr\u00e9sent&nbsp;: MM Simon, Gaillard, Boucher, Blondel, Prieur, Thibault<br \/>Absents&nbsp;: MM Duthil, Leroy, Guerard, Marc (mobilis\u00e9s)<br \/>La s\u00e9ance ouverte Monsieur le Pr\u00e9sident donne lecture au conseil d\u2019une demande de secours faite par l\u2019union des femmes de France en faveur des soldats bless\u00e9s en traitement \u00e0 Rouen.<br \/>Le conseil \u00e0 l\u2019unanimit\u00e9 d\u00e9cide d\u2019accorder \u00e0 cette \u0153uvre humanitaire un secours de 20 F \u00e0 pr\u00e9lever sur les d\u00e9penses impr\u00e9vues du budget de l\u2019ann\u00e9e courante. Cette somme sera mandat\u00e9e au nom du tr\u00e9sorier de l\u2019\u0153uvre (Mme Turpin, pr\u00e9sidente 37 rue de la vicomt\u00e9 \u00e0 Rouen)<br \/>D\u00e9lib\u00e9r\u00e9 \u00e0 Auzouville sur Ry les jour mois et an susdits.<\/p>\n\n\n\n<p><\/p>\n\n\n\n<p><strong>Remplacement secr\u00e9taire de Mairie<\/strong><\/p>\n\n\n\n<figure class=\"wp-block-image size-large\"><img loading=\"lazy\" decoding=\"async\" width=\"1024\" height=\"550\" src=\"https:\/\/www.auzouvillesurry.fr\/wordpress\/wp-content\/uploads\/2024\/10\/image-8-1024x550.png\" alt=\"\" class=\"wp-image-13146\" srcset=\"https:\/\/www.auzouvillesurry.fr\/wordpress\/wp-content\/uploads\/2024\/10\/image-8-1024x550.png 1024w, https:\/\/www.auzouvillesurry.fr\/wordpress\/wp-content\/uploads\/2024\/10\/image-8-300x161.png 300w, https:\/\/www.auzouvillesurry.fr\/wordpress\/wp-content\/uploads\/2024\/10\/image-8-768x413.png 768w, https:\/\/www.auzouvillesurry.fr\/wordpress\/wp-content\/uploads\/2024\/10\/image-8-1320x709.png 1320w, https:\/\/www.auzouvillesurry.fr\/wordpress\/wp-content\/uploads\/2024\/10\/image-8.png 1392w\" sizes=\"auto, (max-width: 1024px) 100vw, 1024px\" \/><\/figure>\n\n\n\n<figure class=\"wp-block-image size-large\"><img loading=\"lazy\" decoding=\"async\" width=\"1024\" height=\"602\" src=\"https:\/\/www.auzouvillesurry.fr\/wordpress\/wp-content\/uploads\/2024\/10\/image-9-1024x602.png\" alt=\"\" class=\"wp-image-13147\" srcset=\"https:\/\/www.auzouvillesurry.fr\/wordpress\/wp-content\/uploads\/2024\/10\/image-9-1024x602.png 1024w, https:\/\/www.auzouvillesurry.fr\/wordpress\/wp-content\/uploads\/2024\/10\/image-9-300x176.png 300w, https:\/\/www.auzouvillesurry.fr\/wordpress\/wp-content\/uploads\/2024\/10\/image-9-768x452.png 768w, https:\/\/www.auzouvillesurry.fr\/wordpress\/wp-content\/uploads\/2024\/10\/image-9-1320x777.png 1320w, https:\/\/www.auzouvillesurry.fr\/wordpress\/wp-content\/uploads\/2024\/10\/image-9.png 1399w\" sizes=\"auto, (max-width: 1024px) 100vw, 1024px\" \/><\/figure>\n\n\n\n<p>L\u2019an mil neuf cent quinze le 7 mars \u00e0 neuf heures du matin les membres composant le conseil municipal de la commune d\u2019Auzouville sur Ry se sont r\u00e9unis au lieu ordinaire de leurs s\u00e9ances sous la pr\u00e9sidence de M Simon Adjoint.<br \/>Etaient pr\u00e9sent&nbsp;: MM Simon, Leroy No\u00ebl, Gaillard, Prieur Th\u00e9odule, Thibault Ernest, Boucher,<br \/>Absents&nbsp;: MM Blondel excus\u00e9, Duthil, Gu\u00e9rard, Marc (mobilis\u00e9s)<br \/>Le conseil autorise Mme Scot\u00e9 institutrice \u00e0 Letteguives (Eure) \u00e0 remplir, pendant la dur\u00e9e de la guerre, les fonctions de secr\u00e9taire de mairie en remplacement de M Dudouit, mobilis\u00e9. Il lui alloue trente francs par mois \u00e0 pr\u00e9lever sur les ressources disponibles de la commune le cr\u00e9dit de secr\u00e9taire de mairie \u00e9tant r\u00e9serv\u00e9 \u00e0 l\u2019instituteur mobilis\u00e9. L\u2019entr\u00e9e en fonction a eu lieu de 15 janvier 1915.<br \/>Fait et d\u00e9lib\u00e9r\u00e9 en s\u00e9ance les jour, mois et an susdits<\/p>\n\n\n\n<p><strong>Versement aux \u0153uvres de guerre<\/strong><\/p>\n\n\n\n<figure class=\"wp-block-image size-large\"><img loading=\"lazy\" decoding=\"async\" width=\"1024\" height=\"409\" src=\"https:\/\/www.auzouvillesurry.fr\/wordpress\/wp-content\/uploads\/2024\/10\/image-10-1024x409.png\" alt=\"\" class=\"wp-image-13149\" srcset=\"https:\/\/www.auzouvillesurry.fr\/wordpress\/wp-content\/uploads\/2024\/10\/image-10-1024x409.png 1024w, https:\/\/www.auzouvillesurry.fr\/wordpress\/wp-content\/uploads\/2024\/10\/image-10-300x120.png 300w, https:\/\/www.auzouvillesurry.fr\/wordpress\/wp-content\/uploads\/2024\/10\/image-10-768x307.png 768w, https:\/\/www.auzouvillesurry.fr\/wordpress\/wp-content\/uploads\/2024\/10\/image-10-1320x527.png 1320w, https:\/\/www.auzouvillesurry.fr\/wordpress\/wp-content\/uploads\/2024\/10\/image-10.png 1374w\" sizes=\"auto, (max-width: 1024px) 100vw, 1024px\" \/><\/figure>\n\n\n\n<figure class=\"wp-block-image size-large\"><img loading=\"lazy\" decoding=\"async\" width=\"1024\" height=\"357\" src=\"https:\/\/www.auzouvillesurry.fr\/wordpress\/wp-content\/uploads\/2024\/10\/image-11-1024x357.png\" alt=\"\" class=\"wp-image-13150\" srcset=\"https:\/\/www.auzouvillesurry.fr\/wordpress\/wp-content\/uploads\/2024\/10\/image-11-1024x357.png 1024w, https:\/\/www.auzouvillesurry.fr\/wordpress\/wp-content\/uploads\/2024\/10\/image-11-300x105.png 300w, https:\/\/www.auzouvillesurry.fr\/wordpress\/wp-content\/uploads\/2024\/10\/image-11-768x268.png 768w, https:\/\/www.auzouvillesurry.fr\/wordpress\/wp-content\/uploads\/2024\/10\/image-11-1320x461.png 1320w, https:\/\/www.auzouvillesurry.fr\/wordpress\/wp-content\/uploads\/2024\/10\/image-11.png 1501w\" sizes=\"auto, (max-width: 1024px) 100vw, 1024px\" \/><\/figure>\n\n\n\n<p>L\u2019an mil neuf cent quinze, le quinze juillet \u00e0 sis heures du soir, les membres du conseil municipal de la commune d\u2019Auzouville sur Ry se sont r\u00e9unis au lieu ordinaire de leurs s\u00e9ances.<br \/>\u00c9taient pr\u00e9sents&nbsp;: MM Simon, Gaillard, Blondel, Prieur, Duthil, Thibault.<br \/>Absents&nbsp;: MM Marc, Leroy, Gu\u00e9rard.<br \/>Le conseil d\u00e9cide de pr\u00e9lever la somme de cent francs affect\u00e9e \u00e0 la f\u00eate du 14 juillet pour \u00eatre vers\u00e9 \u00e0 des \u0153uvres de guerre.<br \/>Fait et d\u00e9lib\u00e9r\u00e9 en s\u00e9ance les jour, mois et an susdits<\/p>\n\n\n\n<p><strong>Demande de sursis d&rsquo;appel pour M Dudouit, Instituteur, classe 1893<\/strong><\/p>\n\n\n\n<figure class=\"wp-block-image size-large\"><img loading=\"lazy\" decoding=\"async\" width=\"1024\" height=\"381\" src=\"https:\/\/www.auzouvillesurry.fr\/wordpress\/wp-content\/uploads\/2024\/10\/image-12-1024x381.png\" alt=\"\" class=\"wp-image-13151\" srcset=\"https:\/\/www.auzouvillesurry.fr\/wordpress\/wp-content\/uploads\/2024\/10\/image-12-1024x381.png 1024w, https:\/\/www.auzouvillesurry.fr\/wordpress\/wp-content\/uploads\/2024\/10\/image-12-300x112.png 300w, https:\/\/www.auzouvillesurry.fr\/wordpress\/wp-content\/uploads\/2024\/10\/image-12-768x286.png 768w, https:\/\/www.auzouvillesurry.fr\/wordpress\/wp-content\/uploads\/2024\/10\/image-12-1320x492.png 1320w, https:\/\/www.auzouvillesurry.fr\/wordpress\/wp-content\/uploads\/2024\/10\/image-12.png 1356w\" sizes=\"auto, (max-width: 1024px) 100vw, 1024px\" \/><\/figure>\n\n\n\n<figure class=\"wp-block-image size-large\"><img loading=\"lazy\" decoding=\"async\" width=\"1024\" height=\"619\" src=\"https:\/\/www.auzouvillesurry.fr\/wordpress\/wp-content\/uploads\/2024\/10\/image-13-1024x619.png\" alt=\"\" class=\"wp-image-13152\" srcset=\"https:\/\/www.auzouvillesurry.fr\/wordpress\/wp-content\/uploads\/2024\/10\/image-13-1024x619.png 1024w, https:\/\/www.auzouvillesurry.fr\/wordpress\/wp-content\/uploads\/2024\/10\/image-13-300x181.png 300w, https:\/\/www.auzouvillesurry.fr\/wordpress\/wp-content\/uploads\/2024\/10\/image-13-768x464.png 768w, https:\/\/www.auzouvillesurry.fr\/wordpress\/wp-content\/uploads\/2024\/10\/image-13-1320x798.png 1320w, https:\/\/www.auzouvillesurry.fr\/wordpress\/wp-content\/uploads\/2024\/10\/image-13.png 1366w\" sizes=\"auto, (max-width: 1024px) 100vw, 1024px\" \/><\/figure>\n\n\n\n<figure class=\"wp-block-image size-large\"><img loading=\"lazy\" decoding=\"async\" width=\"1024\" height=\"469\" src=\"https:\/\/www.auzouvillesurry.fr\/wordpress\/wp-content\/uploads\/2024\/10\/image-14-1024x469.png\" alt=\"\" class=\"wp-image-13153\" srcset=\"https:\/\/www.auzouvillesurry.fr\/wordpress\/wp-content\/uploads\/2024\/10\/image-14-1024x469.png 1024w, https:\/\/www.auzouvillesurry.fr\/wordpress\/wp-content\/uploads\/2024\/10\/image-14-300x137.png 300w, https:\/\/www.auzouvillesurry.fr\/wordpress\/wp-content\/uploads\/2024\/10\/image-14-768x352.png 768w, https:\/\/www.auzouvillesurry.fr\/wordpress\/wp-content\/uploads\/2024\/10\/image-14-1320x605.png 1320w, https:\/\/www.auzouvillesurry.fr\/wordpress\/wp-content\/uploads\/2024\/10\/image-14.png 1499w\" sizes=\"auto, (max-width: 1024px) 100vw, 1024px\" \/><\/figure>\n\n\n\n<p>L\u2019an mil neuf cent dix sept le vingt six ao\u00fbt \u00e0 une heure et demi du soir, le conseil municipal d\u2019Auzouville sur Ry s\u2019est r\u00e9uni en s\u00e9ance, pour les session ordinaire d\u2019ao\u00fbt, sous la pr\u00e9sidence de M Simon Adjoint.<br \/>\u00c9taient pr\u00e9sents&nbsp;: MM Gaillard, Prieur, Blondel, Leroy<br \/>Absents&nbsp;; Marc, Thibault et Gu\u00e9rard<br \/>Le conseil municipal consid\u00e9rant que l\u2019\u00e9cole communale dirig\u00e9e depuis 3 ans par une jeune institutrice int\u00e9rimaire et d\u00e9butante en remplacement de M Dudouit actuellement mobilis\u00e9 se trouve en partie d\u00e9sert\u00e9e, que pour remplacer M Dudouit, un secr\u00e9taire de mairie d\u2019une autre commune, \u00e2g\u00e9 de 69 ans a un parcours de 12 kilom\u00e8tres \u00e0 faire pour venir deux fois par semaine remplir les fonction de secr\u00e9taire de mairie et que malgr\u00e9 sa bonne volont\u00e9, les affaires communales et administratives \u00e9prouvent souvent un retard involontaire.<br \/>Jugeant la pr\u00e9sence de M Dudouit indispensable \u00e0 son \u00e9cole et \u00e0 la mairie d\u00e9lib\u00e8re qu\u2019il y a lieu de demander \u00e0 Monsieur le Pr\u00e9fet d\u2019avoir la bienveillance de faire placer en sursis d\u2019appel ce ma\u00eetre, de la classe 1893, \u00e2g\u00e9 de 44 ans, fatigu\u00e9 et qui a fait deux ann\u00e9e de tranch\u00e9es, malgr\u00e9 son \u00e2ge, dont 6 mois d\u2019active et 18 mois de territoriale, lequel est vers\u00e9 depuis quelques temps dans un groupe de brancardiers (r\u00e9serve du personnel) o\u00f9 certes il rend moins de services qu\u2019il n\u2019en pourrait rendre dans la commune d\u2019Auzouville sur Ry<\/p>\n\n\n\n<p>Cet article a \u00e9t\u00e9 \u00e9crit \u00e0 partir des d\u00e9lib\u00e9rations du conseil municipal num\u00e9ris\u00e9es accessibles sur le site des <a rel=\"noreferrer noopener nofollow\" href=\"https:\/\/www.archivesdepartementales76.net\/archive\/resultats\/Communes\/n:249?type=Communes\" target=\"_blank\" class=\"external external_icon\">archives d\u00e9partementales<\/a>. <\/p>\n","protected":false},"excerpt":{"rendered":"<p>Pendant la \u00ab\u00a0grande guerre\u00a0\u00bb le conseil municipal d&rsquo;Auzouville sur Ry a \u00e9t\u00e9 amen\u00e9 \u00e0 prendre quelques d\u00e9lib\u00e9rations en relation avec le guerre. L\u2019an mil neuf cent quatorze le 13 aout nous Marc Eug\u00e8ne Maire d\u2019Auzouville sur Ry avons convoqu\u00e9 le conseil municipal pour ouverture de cr\u00e9dits qui permettront d\u2019accorder des secours pendant la dur\u00e9e de [&hellip;]<\/p>\n","protected":false},"author":1,"featured_media":0,"parent":1238,"menu_order":0,"comment_status":"closed","ping_status":"closed","template":"","meta":{"ngg_post_thumbnail":0,"iawp_total_views":0,"footnotes":""},"class_list":["post-13135","page","type-page","status-publish","hentry"],"_links":{"self":[{"href":"https:\/\/www.auzouvillesurry.fr\/wordpress\/wp-json\/wp\/v2\/pages\/13135","targetHints":{"allow":["GET"]}}],"collection":[{"href":"https:\/\/www.auzouvillesurry.fr\/wordpress\/wp-json\/wp\/v2\/pages"}],"about":[{"href":"https:\/\/www.auzouvillesurry.fr\/wordpress\/wp-json\/wp\/v2\/types\/page"}],"author":[{"embeddable":true,"href":"https:\/\/www.auzouvillesurry.fr\/wordpress\/wp-json\/wp\/v2\/users\/1"}],"replies":[{"embeddable":true,"href":"https:\/\/www.auzouvillesurry.fr\/wordpress\/wp-json\/wp\/v2\/comments?post=13135"}],"version-history":[{"count":7,"href":"https:\/\/www.auzouvillesurry.fr\/wordpress\/wp-json\/wp\/v2\/pages\/13135\/revisions"}],"predecessor-version":[{"id":13158,"href":"https:\/\/www.auzouvillesurry.fr\/wordpress\/wp-json\/wp\/v2\/pages\/13135\/revisions\/13158"}],"up":[{"embeddable":true,"href":"https:\/\/www.auzouvillesurry.fr\/wordpress\/wp-json\/wp\/v2\/pages\/1238"}],"wp:attachment":[{"href":"https:\/\/www.auzouvillesurry.fr\/wordpress\/wp-json\/wp\/v2\/media?parent=13135"}],"curies":[{"name":"wp","href":"https:\/\/api.w.org\/{rel}","templated":true}]}}