{"id":12552,"date":"2024-03-13T10:13:40","date_gmt":"2024-03-13T09:13:40","guid":{"rendered":"https:\/\/www.auzouvillesurry.fr\/wordpress\/?page_id=12552"},"modified":"2026-02-17T16:46:26","modified_gmt":"2026-02-17T15:46:26","slug":"heure-dete-histoire-et-polemique","status":"publish","type":"page","link":"https:\/\/www.auzouvillesurry.fr\/wordpress\/heure-dete-histoire-et-polemique\/","title":{"rendered":"Heure d&rsquo;\u00e9t\u00e9 : histoire et pol\u00e9mique"},"content":{"rendered":"\n<p>Le besoin d&rsquo;unifier l&rsquo;heure sur tout le territoire se fait sentir, notamment avec l&rsquo;essor du chemin de fer, C\u2019est pourquoi, L\u2019heure l\u00e9gale<strong> <\/strong>a \u00e9t\u00e9 cr\u00e9\u00e9e en France en 1891 et d\u00e9finie par la loi du 9 mars 1911 comme \u00abl&rsquo;heure du temps moyen de Paris.<br \/> En 1916, principalement pour des raisons d\u2019\u00e9conomie d\u2019\u00e9nergie, l&rsquo;Allemagne est la premi\u00e8re \u00e0 instaurer le changement d&rsquo;heure en p\u00e9riode estivale. Elle est rapidement suivie par le Royaume-Uni.<br \/>En France, l&rsquo;heure d&rsquo;\u00e9t\u00e9 est propos\u00e9e par le d\u00e9put\u00e9 Andr\u00e9 Honnorat en 1916, puis institu\u00e9e par une loi vot\u00e9e le 19 mars 1917.<br \/>L&rsquo;heure dite \u00abd&rsquo;\u00e9t\u00e9\u00bb a \u00e9t\u00e9 l\u00e9galis\u00e9e par la \u00abloi ayant pour objet d&rsquo;avancer l&rsquo;heure l\u00e9gale\u00bb du 9 juin 1916.<br \/>Pendant l\u2019entre-deux-guerres, la loi du 24 mai 1923 disposait que chaque ann\u00e9e, l\u2019heure l\u00e9gale serait avanc\u00e9e de 60 minutes (GMT +1), du dernier samedi de mars \u00e0 23 heures au premier samedi d\u2019octobre \u00e0 24 heures.<\/p>\n\n\n\n<p>Conseil municipal du 15 mars 1923<\/p>\n\n\n\n<figure class=\"wp-block-image size-large\"><img loading=\"lazy\" decoding=\"async\" width=\"1024\" height=\"465\" src=\"https:\/\/www.auzouvillesurry.fr\/wordpress\/wp-content\/uploads\/2024\/03\/image-1024x465.png\" alt=\"\" class=\"wp-image-12554\" srcset=\"https:\/\/www.auzouvillesurry.fr\/wordpress\/wp-content\/uploads\/2024\/03\/image-1024x465.png 1024w, https:\/\/www.auzouvillesurry.fr\/wordpress\/wp-content\/uploads\/2024\/03\/image-300x136.png 300w, https:\/\/www.auzouvillesurry.fr\/wordpress\/wp-content\/uploads\/2024\/03\/image-768x349.png 768w, https:\/\/www.auzouvillesurry.fr\/wordpress\/wp-content\/uploads\/2024\/03\/image-1536x698.png 1536w, https:\/\/www.auzouvillesurry.fr\/wordpress\/wp-content\/uploads\/2024\/03\/image-1320x600.png 1320w, https:\/\/www.auzouvillesurry.fr\/wordpress\/wp-content\/uploads\/2024\/03\/image.png 1855w\" sizes=\"auto, (max-width: 1024px) 100vw, 1024px\" \/><\/figure>\n\n\n\n<figure class=\"wp-block-image size-large\"><img loading=\"lazy\" decoding=\"async\" width=\"1024\" height=\"472\" src=\"https:\/\/www.auzouvillesurry.fr\/wordpress\/wp-content\/uploads\/2024\/03\/image-1-1024x472.png\" alt=\"\" class=\"wp-image-12555\" srcset=\"https:\/\/www.auzouvillesurry.fr\/wordpress\/wp-content\/uploads\/2024\/03\/image-1-1024x472.png 1024w, https:\/\/www.auzouvillesurry.fr\/wordpress\/wp-content\/uploads\/2024\/03\/image-1-300x138.png 300w, https:\/\/www.auzouvillesurry.fr\/wordpress\/wp-content\/uploads\/2024\/03\/image-1-768x354.png 768w, https:\/\/www.auzouvillesurry.fr\/wordpress\/wp-content\/uploads\/2024\/03\/image-1-1536x707.png 1536w, https:\/\/www.auzouvillesurry.fr\/wordpress\/wp-content\/uploads\/2024\/03\/image-1-1320x608.png 1320w, https:\/\/www.auzouvillesurry.fr\/wordpress\/wp-content\/uploads\/2024\/03\/image-1.png 1902w\" sizes=\"auto, (max-width: 1024px) 100vw, 1024px\" \/><\/figure>\n\n\n\n<figure class=\"wp-block-image size-large\"><img loading=\"lazy\" decoding=\"async\" width=\"1024\" height=\"244\" src=\"https:\/\/www.auzouvillesurry.fr\/wordpress\/wp-content\/uploads\/2024\/03\/image-2-1024x244.png\" alt=\"\" class=\"wp-image-12556\" srcset=\"https:\/\/www.auzouvillesurry.fr\/wordpress\/wp-content\/uploads\/2024\/03\/image-2-1024x244.png 1024w, https:\/\/www.auzouvillesurry.fr\/wordpress\/wp-content\/uploads\/2024\/03\/image-2-300x72.png 300w, https:\/\/www.auzouvillesurry.fr\/wordpress\/wp-content\/uploads\/2024\/03\/image-2-768x183.png 768w, https:\/\/www.auzouvillesurry.fr\/wordpress\/wp-content\/uploads\/2024\/03\/image-2-1536x366.png 1536w, https:\/\/www.auzouvillesurry.fr\/wordpress\/wp-content\/uploads\/2024\/03\/image-2-1320x315.png 1320w, https:\/\/www.auzouvillesurry.fr\/wordpress\/wp-content\/uploads\/2024\/03\/image-2.png 1892w\" sizes=\"auto, (max-width: 1024px) 100vw, 1024px\" \/><\/figure>\n\n\n\n<p><em>Le conseil proteste contre le d\u00e9p\u00f4t d\u2019un projet de loi pour le r\u00e9tablissement de l\u2019heure d\u2019\u00e9t\u00e9, condamne ce double d\u00e9rangement annuel de l\u2019heure qui met la perturbation dans les travaux des champs o\u00f9 l\u2019heure indique la marche du soleil avec laquelle elle doit rest\u00e9e li\u00e9 invariablement et ou le retard de l\u2019heure solaire dans la r\u00e9gion ouest de la France ou l\u2019allongement de la journ\u00e9e de travail impos\u00e9e par l\u2019heure d\u2019\u00e9t\u00e9 \u00e0 la population agricole oblig\u00e9e de fournir le lait aux laitiers 1 heure plus t\u00f4t le matin sans compensation le soir o\u00f9 le travail reste sous d\u00e9pendance de l\u2019action solaire . Transmet cette protestation \u00e0 Monsieur le Pr\u00e9fet de la Seine Inf\u00e9rieure en le priant de lui toute suite utile et donne mandat \u00e0 Monsieur le Maire de la communiquer aux parlementaires \u00e9lus de la commune.<\/em><br \/><em>Fait en s\u00e9ance les jour mois et an susdits<\/em><\/p>\n\n\n\n<p>La loi fut appliqu\u00e9e jusqu\u2019en mars 1939.<\/p>\n\n\n\n<p>En 1940, sous l&rsquo;Occupation, la France pratique l&rsquo;heure d&rsquo;\u00e9t\u00e9 avec une diff\u00e9rence entre zone libre et occup\u00e9e: la zone occup\u00e9e se met \u00e0 l&rsquo;heure allemande. Ce d\u00e9calage entre zones libre et occup\u00e9e bouleverse les correspondances des trains, si bien que la compagnie ferroviaire propose au r\u00e9gime de Vichy de s&rsquo;aligner sur l&rsquo;heure allemande, ce qu&rsquo;il fait par le d\u00e9cret du 16 f\u00e9vrier 1941.<\/p>\n\n\n\n<p class=\"has-text-align-left\">\u00c0 la Lib\u00e9ration, l&rsquo;heure d&rsquo;\u00e9t\u00e9 est abandonn\u00e9e par le Gouvernement provisoire, mais le d\u00e9calage d&rsquo;une heure est maintenu (GMT +1).<\/p>\n\n\n\n<p class=\"has-text-align-left\">Le 28 mars 1976, \u00e0 la suite du choc p\u00e9trolier de 1973, l&rsquo;heure d&rsquo;\u00e9t\u00e9 est r\u00e9tablie: il s&rsquo;agit d&rsquo;effectuer des \u00e9conomies d&rsquo;\u00e9nergie en r\u00e9duisant les besoins d&rsquo;\u00e9clairage en soir\u00e9e. La mesure doit d&rsquo;abord \u00eatre provisoire et ne durer que le temps du choc p\u00e9trolier. Le passage \u00e0 l&rsquo;heure d&rsquo;\u00e9t\u00e9 a lieu le dernier dimanche de mars. le retour \u00e0 l&rsquo;heure d&rsquo;hiver a lieu le dernier dimanche de septembre. Mais depuis 1996, il s&rsquo;effectue le dernier dimanche d&rsquo;octobre.<\/p>\n\n\n\n<p class=\"has-text-align-left\">Le changement d&rsquo;heure estival est introduit dans l&rsquo;ensemble des pays de l&rsquo;Union europ\u00e9enne au d\u00e9but des ann\u00e9es 1980. Pour faciliter les transports, les communications et les \u00e9changes au sein de l&rsquo;UE.<\/p>\n","protected":false},"excerpt":{"rendered":"<p>Le besoin d&rsquo;unifier l&rsquo;heure sur tout le territoire se fait sentir, notamment avec l&rsquo;essor du chemin de fer, C\u2019est pourquoi, L\u2019heure l\u00e9gale a \u00e9t\u00e9 cr\u00e9\u00e9e en France en 1891 et d\u00e9finie par la loi du 9 mars 1911 comme \u00abl&rsquo;heure du temps moyen de Paris. En 1916, principalement pour des raisons d\u2019\u00e9conomie d\u2019\u00e9nergie, l&rsquo;Allemagne est [&hellip;]<\/p>\n","protected":false},"author":1,"featured_media":0,"parent":0,"menu_order":0,"comment_status":"closed","ping_status":"closed","template":"","meta":{"ngg_post_thumbnail":0,"iawp_total_views":1,"footnotes":""},"class_list":["post-12552","page","type-page","status-publish","hentry"],"_links":{"self":[{"href":"https:\/\/www.auzouvillesurry.fr\/wordpress\/wp-json\/wp\/v2\/pages\/12552","targetHints":{"allow":["GET"]}}],"collection":[{"href":"https:\/\/www.auzouvillesurry.fr\/wordpress\/wp-json\/wp\/v2\/pages"}],"about":[{"href":"https:\/\/www.auzouvillesurry.fr\/wordpress\/wp-json\/wp\/v2\/types\/page"}],"author":[{"embeddable":true,"href":"https:\/\/www.auzouvillesurry.fr\/wordpress\/wp-json\/wp\/v2\/users\/1"}],"replies":[{"embeddable":true,"href":"https:\/\/www.auzouvillesurry.fr\/wordpress\/wp-json\/wp\/v2\/comments?post=12552"}],"version-history":[{"count":5,"href":"https:\/\/www.auzouvillesurry.fr\/wordpress\/wp-json\/wp\/v2\/pages\/12552\/revisions"}],"predecessor-version":[{"id":13708,"href":"https:\/\/www.auzouvillesurry.fr\/wordpress\/wp-json\/wp\/v2\/pages\/12552\/revisions\/13708"}],"wp:attachment":[{"href":"https:\/\/www.auzouvillesurry.fr\/wordpress\/wp-json\/wp\/v2\/media?parent=12552"}],"curies":[{"name":"wp","href":"https:\/\/api.w.org\/{rel}","templated":true}]}}