{"id":12360,"date":"2023-12-08T09:41:30","date_gmt":"2023-12-08T08:41:30","guid":{"rendered":"https:\/\/www.auzouvillesurry.fr\/wordpress\/?page_id=12360"},"modified":"2023-12-08T11:54:01","modified_gmt":"2023-12-08T10:54:01","slug":"1863-modification-du-trace-de-la-cote-des-lesques-actuelle-rue-de-la-distillerie","status":"publish","type":"page","link":"https:\/\/www.auzouvillesurry.fr\/wordpress\/1863-modification-du-trace-de-la-cote-des-lesques-actuelle-rue-de-la-distillerie\/","title":{"rendered":"1863 modification du trac\u00e9 de la c\u00f4te des Lesques (actuelle rue de la distillerie)"},"content":{"rendered":"\n<p>Sur le plan du village de 1749 disponible <a rel=\"noreferrer noopener\" href=\"https:\/\/www.auzouvillesurry.fr\/wordpress\/histoire-et-patrimoine\/levolution-du-village-au-travers-de-cartes-anciennes\/\" target=\"_blank\">sur cette page<\/a> de notre site , On constate effectivement que la rue de la distillerie descend en ligne droite jusqu\u2019au bas de la c\u00f4te des Lesques actuelle. Il est facile, dans ses conditions, d\u2019imaginer la pente rapide et difficile que cette rampe pouvait repr\u00e9senter. C\u2019est pourquoi, en 1863, gr\u00e2ce \u00e0 un don de terrain du vicomte d\u2019Osmoy (Maire et propri\u00e9taire du ch\u00e2teau des Lesques), le conseil municipal d\u00e9cide de modifier le trac\u00e9 de cette rue. Cette modification appara\u00eetra sur le cadastre napol\u00e9onien \u00e9galement visible sur la page du site indiqu\u00e9e ci-dessus.<\/p>\n\n\n\n<p>Vous trouverez ci-dessous la retranscription de cette r\u00e9union ainsi que le document originel.<\/p>\n\n\n\n<p>L\u2019an mille huit cent soixante trois, le huit novembre \u00e0 huit heures du matin.<br \/>Le conseil municipal de la commune d\u2019Auzouville sur Ry r\u00e9uni au lieu ordinaire de ses s\u00e9ances pour la session ordinaire du mois de novembre.<br \/>Pr\u00e9sents\u00a0: Mr le Vicomte d \u2018Osmoy Maire, Mr Auguste Gu\u00e9rard adjoint, Messieurs Edeline, Delesques, Chartier, Duval, Leroy, Groult et V\u00e9ron.<br \/>Absent\u00a0: Mr Foliot.<\/p>\n\n\n\n<p>Le m\u00eame jour \u00e0 la m\u00eame heure. Pr\u00e9sents Messieurs le membres ci-dessus.<br \/>Monsieur l\u2019adjoint au maire d\u00e9l\u00e9gu\u00e9 expose au conseil municipal que dans une d\u00e9lib\u00e9ration prise en date du 3 mai dernier, le conseil avait accept\u00e9, au nom de la commune, la cession d\u2019un terrain offert pour l\u2019ouverture d\u2019un chemin afin de permettre de rectifier une rampe rapide et dangereuse appel\u00e9e la c\u00f4te des Lesques. Ce chemin tendant du Thil au chemin d\u2019int\u00e9r\u00eat commun d\u2019Elbeuf \u00e0 Ry, traverse un herbage appartenant \u00e0 Monsieur le Vicomte d\u2019Osmoy, lequel est plant\u00e9 d\u2019arbres de haute futaie. Le terrain formant l\u2019emplacement d\u2019une largeur fix\u00e9e \u00e0 six m\u00e8tres sur une longueur d\u2019environ cent cinquante m\u00e8tres est accord\u00e9 gratuitement \u00e0 la commune \u00e0 la condition expresse, que Monsieur d\u2019Osmoy, ou ses repr\u00e9sentants, ne seront jamais contraints d\u2019\u00e9laguer les arbres qui bordent ou borderont la partie du chemin c\u00e9d\u00e9e gratuitement, Monsieur d\u2019Osmoy sera seulement oblig\u00e9 de retirer les branches qui nuieraient \u00e0 la circulation des voitures et des charrettes charg\u00e9es et rien de plus.<br \/>Le d\u00e9lib\u00e9ration prise le trois mai dernier serait annul\u00e9e \u00e9tant incompl\u00e8te en ce sens que la partie frapp\u00e9e seulement de servitude reste acquise au chemin vicinal dont est question.<br \/>Le conseil municipal admet les propositions pr\u00e9sent\u00e9es par monsieur l\u2019Adjoint au maire, il les accepte en leur entier et en donne acte \u00e0 Monsieur d\u2019Osmoy qui le signe avec lui et prie Monsieur le s\u00e9nateur Pr\u00e9fet de vouloir bien le rev\u00eatir de son approbation.<br \/>Fait et d\u00e9lib\u00e9r\u00e9 \u00e0 Auzouville sur Ry, les jour, mois et an que dessus.<\/p>\n\n\n\n<figure class=\"wp-block-image size-large\"><img loading=\"lazy\" decoding=\"async\" width=\"1024\" height=\"624\" src=\"https:\/\/www.auzouvillesurry.fr\/wordpress\/wp-content\/uploads\/2023\/12\/distil-1-1024x624.png\" alt=\"\" class=\"wp-image-12377\" srcset=\"https:\/\/www.auzouvillesurry.fr\/wordpress\/wp-content\/uploads\/2023\/12\/distil-1-1024x624.png 1024w, https:\/\/www.auzouvillesurry.fr\/wordpress\/wp-content\/uploads\/2023\/12\/distil-1-300x183.png 300w, https:\/\/www.auzouvillesurry.fr\/wordpress\/wp-content\/uploads\/2023\/12\/distil-1-768x468.png 768w, https:\/\/www.auzouvillesurry.fr\/wordpress\/wp-content\/uploads\/2023\/12\/distil-1.png 1290w\" sizes=\"auto, (max-width: 1024px) 100vw, 1024px\" \/><\/figure>\n\n\n\n<figure class=\"wp-block-image size-large\"><img loading=\"lazy\" decoding=\"async\" width=\"1024\" height=\"627\" src=\"https:\/\/www.auzouvillesurry.fr\/wordpress\/wp-content\/uploads\/2023\/12\/distil-2-1024x627.png\" alt=\"\" class=\"wp-image-12378\" srcset=\"https:\/\/www.auzouvillesurry.fr\/wordpress\/wp-content\/uploads\/2023\/12\/distil-2-1024x627.png 1024w, https:\/\/www.auzouvillesurry.fr\/wordpress\/wp-content\/uploads\/2023\/12\/distil-2-300x184.png 300w, https:\/\/www.auzouvillesurry.fr\/wordpress\/wp-content\/uploads\/2023\/12\/distil-2-768x470.png 768w, https:\/\/www.auzouvillesurry.fr\/wordpress\/wp-content\/uploads\/2023\/12\/distil-2.png 1291w\" sizes=\"auto, (max-width: 1024px) 100vw, 1024px\" \/><\/figure>\n\n\n\n<figure class=\"wp-block-image size-large\"><img loading=\"lazy\" decoding=\"async\" width=\"1024\" height=\"375\" src=\"https:\/\/www.auzouvillesurry.fr\/wordpress\/wp-content\/uploads\/2023\/12\/distil-3-1024x375.png\" alt=\"\" class=\"wp-image-12379\" srcset=\"https:\/\/www.auzouvillesurry.fr\/wordpress\/wp-content\/uploads\/2023\/12\/distil-3-1024x375.png 1024w, https:\/\/www.auzouvillesurry.fr\/wordpress\/wp-content\/uploads\/2023\/12\/distil-3-300x110.png 300w, https:\/\/www.auzouvillesurry.fr\/wordpress\/wp-content\/uploads\/2023\/12\/distil-3-768x281.png 768w, https:\/\/www.auzouvillesurry.fr\/wordpress\/wp-content\/uploads\/2023\/12\/distil-3.png 1306w\" sizes=\"auto, (max-width: 1024px) 100vw, 1024px\" \/><\/figure>\n\n\n\n<figure class=\"wp-block-image size-large\"><img loading=\"lazy\" decoding=\"async\" width=\"1024\" height=\"462\" src=\"https:\/\/www.auzouvillesurry.fr\/wordpress\/wp-content\/uploads\/2023\/12\/distil-4-1024x462.png\" alt=\"\" class=\"wp-image-12380\" srcset=\"https:\/\/www.auzouvillesurry.fr\/wordpress\/wp-content\/uploads\/2023\/12\/distil-4-1024x462.png 1024w, https:\/\/www.auzouvillesurry.fr\/wordpress\/wp-content\/uploads\/2023\/12\/distil-4-300x135.png 300w, https:\/\/www.auzouvillesurry.fr\/wordpress\/wp-content\/uploads\/2023\/12\/distil-4-768x347.png 768w, https:\/\/www.auzouvillesurry.fr\/wordpress\/wp-content\/uploads\/2023\/12\/distil-4-1320x596.png 1320w, https:\/\/www.auzouvillesurry.fr\/wordpress\/wp-content\/uploads\/2023\/12\/distil-4.png 1516w\" sizes=\"auto, (max-width: 1024px) 100vw, 1024px\" \/><\/figure>\n\n\n\n<p>Cet article a \u00e9t\u00e9 \u00e9crit \u00e0 partir des d\u00e9lib\u00e9rations du conseil municipal num\u00e9ris\u00e9es accessibles sur le site des <a rel=\"noreferrer noopener nofollow\" href=\"https:\/\/www.archivesdepartementales76.net\/archive\/resultats\/Communes\/n:249?type=Communes\" target=\"_blank\" class=\"external external_icon\">archives d\u00e9partementales<\/a> <\/p>\n","protected":false},"excerpt":{"rendered":"<p>Sur le plan du village de 1749 disponible sur cette page de notre site , On constate effectivement que la rue de la distillerie descend en ligne droite jusqu\u2019au bas de la c\u00f4te des Lesques actuelle. Il est facile, dans ses conditions, d\u2019imaginer la pente rapide et difficile que cette rampe pouvait repr\u00e9senter. C\u2019est pourquoi, [&hellip;]<\/p>\n","protected":false},"author":1,"featured_media":0,"parent":0,"menu_order":0,"comment_status":"closed","ping_status":"closed","template":"","meta":{"ngg_post_thumbnail":0,"iawp_total_views":3,"footnotes":""},"class_list":["post-12360","page","type-page","status-publish","hentry"],"_links":{"self":[{"href":"https:\/\/www.auzouvillesurry.fr\/wordpress\/wp-json\/wp\/v2\/pages\/12360","targetHints":{"allow":["GET"]}}],"collection":[{"href":"https:\/\/www.auzouvillesurry.fr\/wordpress\/wp-json\/wp\/v2\/pages"}],"about":[{"href":"https:\/\/www.auzouvillesurry.fr\/wordpress\/wp-json\/wp\/v2\/types\/page"}],"author":[{"embeddable":true,"href":"https:\/\/www.auzouvillesurry.fr\/wordpress\/wp-json\/wp\/v2\/users\/1"}],"replies":[{"embeddable":true,"href":"https:\/\/www.auzouvillesurry.fr\/wordpress\/wp-json\/wp\/v2\/comments?post=12360"}],"version-history":[{"count":7,"href":"https:\/\/www.auzouvillesurry.fr\/wordpress\/wp-json\/wp\/v2\/pages\/12360\/revisions"}],"predecessor-version":[{"id":12393,"href":"https:\/\/www.auzouvillesurry.fr\/wordpress\/wp-json\/wp\/v2\/pages\/12360\/revisions\/12393"}],"wp:attachment":[{"href":"https:\/\/www.auzouvillesurry.fr\/wordpress\/wp-json\/wp\/v2\/media?parent=12360"}],"curies":[{"name":"wp","href":"https:\/\/api.w.org\/{rel}","templated":true}]}}