{"id":11885,"date":"2023-03-19T17:27:15","date_gmt":"2023-03-19T16:27:15","guid":{"rendered":"http:\/\/www.auzouvillesurry.fr\/wordpress\/?page_id=11885"},"modified":"2023-03-19T17:27:16","modified_gmt":"2023-03-19T16:27:16","slug":"le-cabaret-du-coeur-2023","status":"publish","type":"page","link":"https:\/\/www.auzouvillesurry.fr\/wordpress\/le-cabaret-du-coeur-2023\/","title":{"rendered":"Le cabaret du c\u0153ur 2023"},"content":{"rendered":"\n<p>Depuis plusieurs semaines quelques 35 b\u00e9n\u00e9voles mettent au point le spectacle qu\u2019ils ont concoct\u00e9 pour le Cabaret du c\u0153ur, 2 repr\u00e9sentations dont la totalit\u00e9 des recettes sera revers\u00e9e \u00e0 l\u2019association R\u00eaves qui permet \u00e0 des enfants tr\u00e8s gravement malades de r\u00e9aliser un r\u00eave.<\/p>\n\n\n\n<p>Plus de 3 heures d\u2019un spectacle r\u00e9alis\u00e9 uniquement avec des amateurs, un timing digne des plus grands professionnels. Chants, danses et sketches se sont succ\u00e9d\u00e9s devant un public nombreux et enthousiasme.<\/p>\n\n\n\n<p>Rendez-vous dans 2 ans.<\/p>\n\n\n\n<figure class=\"wp-block-image size-full\"><img loading=\"lazy\" decoding=\"async\" width=\"232\" height=\"96\" src=\"https:\/\/www.auzouvillesurry.fr\/wordpress\/wp-content\/uploads\/2023\/03\/logo-reves_couleurs.png\" alt=\"\" class=\"wp-image-11888\"\/><figcaption class=\"wp-element-caption\"><a href=\"https:\/\/www.reves.fr\" target=\"_blank\" rel=\"noreferrer noopener nofollow\" class=\"external external_icon\">https:\/\/www.reves.fr<\/a><\/figcaption><\/figure>ngg_shortcode_0_placeholder","protected":false},"excerpt":{"rendered":"<p>Depuis plusieurs semaines quelques 35 b\u00e9n\u00e9voles mettent au point le spectacle qu\u2019ils ont concoct\u00e9 pour le Cabaret du c\u0153ur, 2 repr\u00e9sentations dont la totalit\u00e9 des recettes sera revers\u00e9e \u00e0 l\u2019association R\u00eaves qui permet \u00e0 des enfants tr\u00e8s gravement malades de r\u00e9aliser un r\u00eave. Plus de 3 heures d\u2019un spectacle r\u00e9alis\u00e9 uniquement avec des amateurs, un [&hellip;]<\/p>\n","protected":false},"author":1,"featured_media":0,"parent":0,"menu_order":0,"comment_status":"closed","ping_status":"closed","template":"","meta":{"ngg_post_thumbnail":0,"footnotes":""},"class_list":["post-11885","page","type-page","status-publish","hentry"],"_links":{"self":[{"href":"https:\/\/www.auzouvillesurry.fr\/wordpress\/wp-json\/wp\/v2\/pages\/11885","targetHints":{"allow":["GET"]}}],"collection":[{"href":"https:\/\/www.auzouvillesurry.fr\/wordpress\/wp-json\/wp\/v2\/pages"}],"about":[{"href":"https:\/\/www.auzouvillesurry.fr\/wordpress\/wp-json\/wp\/v2\/types\/page"}],"author":[{"embeddable":true,"href":"https:\/\/www.auzouvillesurry.fr\/wordpress\/wp-json\/wp\/v2\/users\/1"}],"replies":[{"embeddable":true,"href":"https:\/\/www.auzouvillesurry.fr\/wordpress\/wp-json\/wp\/v2\/comments?post=11885"}],"version-history":[{"count":4,"href":"https:\/\/www.auzouvillesurry.fr\/wordpress\/wp-json\/wp\/v2\/pages\/11885\/revisions"}],"predecessor-version":[{"id":11890,"href":"https:\/\/www.auzouvillesurry.fr\/wordpress\/wp-json\/wp\/v2\/pages\/11885\/revisions\/11890"}],"wp:attachment":[{"href":"https:\/\/www.auzouvillesurry.fr\/wordpress\/wp-json\/wp\/v2\/media?parent=11885"}],"curies":[{"name":"wp","href":"https:\/\/api.w.org\/{rel}","templated":true}]}}