{"id":11715,"date":"2023-05-12T20:10:47","date_gmt":"2023-05-12T19:10:47","guid":{"rendered":"http:\/\/www.auzouvillesurry.fr\/wordpress\/?page_id=11715"},"modified":"2023-06-10T17:35:27","modified_gmt":"2023-06-10T16:35:27","slug":"petite-chronique-paroissiale-1871-1892","status":"publish","type":"page","link":"https:\/\/www.auzouvillesurry.fr\/wordpress\/petite-chronique-paroissiale-1871-1892\/","title":{"rendered":"Petite chronique paroissiale 1871-1892"},"content":{"rendered":"\n<p><\/p><p><\/p><p><\/p><p><\/p><p><\/p><p><\/p><p><\/p><p><\/p><p><\/p><p><\/p><p><\/p><p> Petits ou grands faits touchant la paroisse d&rsquo;Auzouville sur Ry depuis 1735.<br \/>Ces diverses donn\u00e9es ont \u00e9t\u00e9 glan\u00e9es sur le site des archives d\u00e9partementales de la Seine Maritime (<a rel=\"noreferrer noopener nofollow\" href=\"https:\/\/www.archivesdepartementales76.net\/\" target=\"_blank\" class=\"external external_icon\">https:\/\/www.archivesdepartementales76.net\/<\/a>)&nbsp;ou de la biblioth\u00e8que Nationale de France (<a rel=\"noreferrer noopener nofollow\" href=\"https:\/\/gallica.bnf.fr\/\" target=\"_blank\" class=\"external external_icon\">https:\/\/gallica.bnf.fr\/<\/a>).<br \/>Si vous avez des informations pouvant compl\u00e9ter le sujet n&rsquo;h\u00e9sitez pas \u00e0 les communiquer \u00e0 la mairie pour que nous puissions enrichir cet article.<\/p>\n\n\n\n<p>Les chroniques pr\u00e9c\u00e9dentes:<\/p>\n\n\n\n<p> <a rel=\"noreferrer noopener\" style=\"font-size: revert;\" href=\"https:\/\/www.auzouvillesurry.fr\/wordpress\/wp-admin\/post.php?post=11624&amp;action=edit\" target=\"_blank\">Chronique 1735-1794<\/a><\/p>\n\n\n\n<p><a href=\"https:\/\/www.auzouvillesurry.fr\/wordpress\/wp-admin\/post.php?post=11634&amp;action=edit\">Chronique 1836-1871<\/a> <\/p>\n\n\n\n<p><strong>15 mai 1871<\/strong><\/p>\n\n\n\n<p>L\u2019abb\u00e9 Maisn\u00e9 est nomm\u00e9 cur\u00e9 d\u2019Auzouville sur Ry<\/p>\n\n\n\n<figure class=\"wp-block-image size-full\"><img loading=\"lazy\" decoding=\"async\" width=\"766\" height=\"186\" src=\"https:\/\/www.auzouvillesurry.fr\/wordpress\/wp-content\/uploads\/2023\/03\/image-15.png\" alt=\"\" class=\"wp-image-11718\" srcset=\"https:\/\/www.auzouvillesurry.fr\/wordpress\/wp-content\/uploads\/2023\/03\/image-15.png 766w, https:\/\/www.auzouvillesurry.fr\/wordpress\/wp-content\/uploads\/2023\/03\/image-15-300x73.png 300w\" sizes=\"auto, (max-width: 766px) 100vw, 766px\" \/><figcaption class=\"wp-element-caption\">Extrait de \u00ab\u00a0la semaine religieuse du dioc\u00e8se de Rouen\u00a0\u00bb<br \/><\/figcaption><\/figure>\n\n\n\n<p><strong>06 septembre 1873<\/strong><br \/>P\u00e8lerinage \u00e0 Martainville sur Ry<\/p>\n\n\n\n<figure class=\"wp-block-image size-full\"><img loading=\"lazy\" decoding=\"async\" width=\"752\" height=\"399\" src=\"https:\/\/www.auzouvillesurry.fr\/wordpress\/wp-content\/uploads\/2023\/03\/image-16.png\" alt=\"\" class=\"wp-image-11719\" srcset=\"https:\/\/www.auzouvillesurry.fr\/wordpress\/wp-content\/uploads\/2023\/03\/image-16.png 752w, https:\/\/www.auzouvillesurry.fr\/wordpress\/wp-content\/uploads\/2023\/03\/image-16-300x159.png 300w\" sizes=\"auto, (max-width: 752px) 100vw, 752px\" \/><figcaption class=\"wp-element-caption\">Extrait de \u00ab\u00a0la semaine religieuse du dioc\u00e8se de Rouen\u00a0\u00bb<\/figcaption><\/figure>\n\n\n\n<p><strong>28 octobre 1873<\/strong><br \/>P\u00e8lerinage \u00e0 Bonsecours<\/p>\n\n\n\n<figure class=\"wp-block-image size-full\"><img loading=\"lazy\" decoding=\"async\" width=\"755\" height=\"252\" src=\"https:\/\/www.auzouvillesurry.fr\/wordpress\/wp-content\/uploads\/2023\/03\/image-17.png\" alt=\"\" class=\"wp-image-11720\" srcset=\"https:\/\/www.auzouvillesurry.fr\/wordpress\/wp-content\/uploads\/2023\/03\/image-17.png 755w, https:\/\/www.auzouvillesurry.fr\/wordpress\/wp-content\/uploads\/2023\/03\/image-17-300x100.png 300w\" sizes=\"auto, (max-width: 755px) 100vw, 755px\" \/><\/figure>\n\n\n\n<figure class=\"wp-block-image size-full\"><img loading=\"lazy\" decoding=\"async\" width=\"722\" height=\"322\" src=\"https:\/\/www.auzouvillesurry.fr\/wordpress\/wp-content\/uploads\/2023\/03\/image-18.png\" alt=\"\" class=\"wp-image-11721\" srcset=\"https:\/\/www.auzouvillesurry.fr\/wordpress\/wp-content\/uploads\/2023\/03\/image-18.png 722w, https:\/\/www.auzouvillesurry.fr\/wordpress\/wp-content\/uploads\/2023\/03\/image-18-300x134.png 300w\" sizes=\"auto, (max-width: 722px) 100vw, 722px\" \/><\/figure>\n\n\n\n<figure class=\"wp-block-image size-full\"><img loading=\"lazy\" decoding=\"async\" width=\"719\" height=\"157\" src=\"https:\/\/www.auzouvillesurry.fr\/wordpress\/wp-content\/uploads\/2023\/03\/image-19.png\" alt=\"\" class=\"wp-image-11722\" srcset=\"https:\/\/www.auzouvillesurry.fr\/wordpress\/wp-content\/uploads\/2023\/03\/image-19.png 719w, https:\/\/www.auzouvillesurry.fr\/wordpress\/wp-content\/uploads\/2023\/03\/image-19-300x66.png 300w\" sizes=\"auto, (max-width: 719px) 100vw, 719px\" \/><figcaption class=\"wp-element-caption\">Extrait de \u00ab\u00a0la semaine religieuse du dioc\u00e8se de Rouen\u00a0\u00bb<\/figcaption><\/figure>\n\n\n\n<p><strong>16 mai 1874<\/strong><\/p>\n\n\n\n<p>Visite de l\u2019Archev\u00e8que<\/p>\n\n\n\n<figure class=\"wp-block-image size-full\"><img loading=\"lazy\" decoding=\"async\" width=\"732\" height=\"120\" src=\"https:\/\/www.auzouvillesurry.fr\/wordpress\/wp-content\/uploads\/2023\/03\/1874-0516-confirmation-semaine.png\" alt=\"\" class=\"wp-image-11929\" srcset=\"https:\/\/www.auzouvillesurry.fr\/wordpress\/wp-content\/uploads\/2023\/03\/1874-0516-confirmation-semaine.png 732w, https:\/\/www.auzouvillesurry.fr\/wordpress\/wp-content\/uploads\/2023\/03\/1874-0516-confirmation-semaine-300x49.png 300w\" sizes=\"auto, (max-width: 732px) 100vw, 732px\" \/><\/figure>\n\n\n\n<figure class=\"wp-block-image size-full\"><img loading=\"lazy\" decoding=\"async\" width=\"735\" height=\"227\" src=\"https:\/\/www.auzouvillesurry.fr\/wordpress\/wp-content\/uploads\/2023\/03\/image-20.png\" alt=\"\" class=\"wp-image-11723\" srcset=\"https:\/\/www.auzouvillesurry.fr\/wordpress\/wp-content\/uploads\/2023\/03\/image-20.png 735w, https:\/\/www.auzouvillesurry.fr\/wordpress\/wp-content\/uploads\/2023\/03\/image-20-300x93.png 300w\" sizes=\"auto, (max-width: 735px) 100vw, 735px\" \/><figcaption class=\"wp-element-caption\">Extrait de \u00ab\u00a0la semaine religieuse du dioc\u00e8se de Rouen\u00a0\u00bb<\/figcaption><\/figure>\n\n\n\n<p><strong>1 mai 1875<\/strong><\/p>\n\n\n\n<p>Ouverture du jubil\u00e9<\/p>\n\n\n\n<figure class=\"wp-block-image size-full\"><img loading=\"lazy\" decoding=\"async\" width=\"369\" height=\"170\" src=\"https:\/\/www.auzouvillesurry.fr\/wordpress\/wp-content\/uploads\/2023\/03\/image-21.png\" alt=\"\" class=\"wp-image-11725\" srcset=\"https:\/\/www.auzouvillesurry.fr\/wordpress\/wp-content\/uploads\/2023\/03\/image-21.png 369w, https:\/\/www.auzouvillesurry.fr\/wordpress\/wp-content\/uploads\/2023\/03\/image-21-300x138.png 300w\" sizes=\"auto, (max-width: 369px) 100vw, 369px\" \/><figcaption class=\"wp-element-caption\">Extrait de \u00ab\u00a0la semaine religieuse du dioc\u00e8se de Rouen\u00a0\u00bb<\/figcaption><\/figure>\n\n\n\n<p><strong>23 octobre 1875<\/strong><\/p>\n\n\n\n<p>D\u00e9c\u00e9s de M Henri Jules Maisn\u00e9, cur\u00e9 de la paroisse<\/p>\n\n\n\n<figure class=\"wp-block-image size-full\"><img loading=\"lazy\" decoding=\"async\" width=\"725\" height=\"368\" src=\"https:\/\/www.auzouvillesurry.fr\/wordpress\/wp-content\/uploads\/2023\/03\/image-22.png\" alt=\"\" class=\"wp-image-11726\" srcset=\"https:\/\/www.auzouvillesurry.fr\/wordpress\/wp-content\/uploads\/2023\/03\/image-22.png 725w, https:\/\/www.auzouvillesurry.fr\/wordpress\/wp-content\/uploads\/2023\/03\/image-22-300x152.png 300w\" sizes=\"auto, (max-width: 725px) 100vw, 725px\" \/><\/figure>\n\n\n\n<figure class=\"wp-block-image size-full\"><img loading=\"lazy\" decoding=\"async\" width=\"377\" height=\"148\" src=\"https:\/\/www.auzouvillesurry.fr\/wordpress\/wp-content\/uploads\/2023\/03\/image-23.png\" alt=\"\" class=\"wp-image-11727\" srcset=\"https:\/\/www.auzouvillesurry.fr\/wordpress\/wp-content\/uploads\/2023\/03\/image-23.png 377w, https:\/\/www.auzouvillesurry.fr\/wordpress\/wp-content\/uploads\/2023\/03\/image-23-300x118.png 300w\" sizes=\"auto, (max-width: 377px) 100vw, 377px\" \/><figcaption class=\"wp-element-caption\">Extrait de \u00ab\u00a0la semaine religieuse du dioc\u00e8se de Rouen\u00a0\u00bb<\/figcaption><\/figure>\n\n\n\n<p><strong>1* d\u00e9cembre 1875<\/strong><\/p>\n\n\n\n<p>Nomination d\u2019Adolphe Alphonse Dubois, cur\u00e9<\/p>\n\n\n\n<figure class=\"wp-block-image size-full\"><img loading=\"lazy\" decoding=\"async\" width=\"418\" height=\"242\" src=\"https:\/\/www.auzouvillesurry.fr\/wordpress\/wp-content\/uploads\/2023\/03\/image-24.png\" alt=\"\" class=\"wp-image-11728\" srcset=\"https:\/\/www.auzouvillesurry.fr\/wordpress\/wp-content\/uploads\/2023\/03\/image-24.png 418w, https:\/\/www.auzouvillesurry.fr\/wordpress\/wp-content\/uploads\/2023\/03\/image-24-300x174.png 300w\" sizes=\"auto, (max-width: 418px) 100vw, 418px\" \/><figcaption class=\"wp-element-caption\">Extrait de \u00ab\u00a0la semaine religieuse du dioc\u00e8se de Rouen\u00a0\u00bb<\/figcaption><\/figure>\n\n\n\n<p><strong>11 mars 1876<\/strong><\/p>\n\n\n\n<p>Pr\u00e9dication de l\u2019abb\u00e9 Dubois a Martainville pour l\u2019adoration perpetuelle<\/p>\n\n\n\n<figure class=\"wp-block-image size-full\"><img loading=\"lazy\" decoding=\"async\" width=\"363\" height=\"183\" src=\"https:\/\/www.auzouvillesurry.fr\/wordpress\/wp-content\/uploads\/2023\/03\/image-25.png\" alt=\"\" class=\"wp-image-11729\" srcset=\"https:\/\/www.auzouvillesurry.fr\/wordpress\/wp-content\/uploads\/2023\/03\/image-25.png 363w, https:\/\/www.auzouvillesurry.fr\/wordpress\/wp-content\/uploads\/2023\/03\/image-25-300x151.png 300w\" sizes=\"auto, (max-width: 363px) 100vw, 363px\" \/><figcaption class=\"wp-element-caption\">Extrait de \u00ab\u00a0la semaine religieuse du dioc\u00e8se de Rouen\u00a0\u00bb<\/figcaption><\/figure>\n\n\n\n<p><strong>15 mai 1878<\/strong><\/p>\n\n\n\n<p>Vol dans l\u2019\u00e9glise<\/p>\n\n\n\n<figure class=\"wp-block-image size-full\"><img loading=\"lazy\" decoding=\"async\" width=\"781\" height=\"361\" src=\"https:\/\/www.auzouvillesurry.fr\/wordpress\/wp-content\/uploads\/2023\/03\/image-26.png\" alt=\"\" class=\"wp-image-11930\" srcset=\"https:\/\/www.auzouvillesurry.fr\/wordpress\/wp-content\/uploads\/2023\/03\/image-26.png 781w, https:\/\/www.auzouvillesurry.fr\/wordpress\/wp-content\/uploads\/2023\/03\/image-26-300x139.png 300w, https:\/\/www.auzouvillesurry.fr\/wordpress\/wp-content\/uploads\/2023\/03\/image-26-768x355.png 768w\" sizes=\"auto, (max-width: 781px) 100vw, 781px\" \/><figcaption class=\"wp-element-caption\">Extrait de \u00ab\u00a0la semaine religieuse du dioc\u00e8se de Rouen\u00a0\u00bb<\/figcaption><\/figure>\n\n\n\n<p><strong>6 juillet 1878<\/strong><\/p>\n\n\n\n<p>D\u00e9c\u00e8s de Jean Baptiste Fr\u00e9d\u00e9ric Fleury, pr\u00eatre, n\u00e9 \u00e0 Auzouville<\/p>\n\n\n\n<figure class=\"wp-block-image size-full\"><img loading=\"lazy\" decoding=\"async\" width=\"797\" height=\"292\" src=\"https:\/\/www.auzouvillesurry.fr\/wordpress\/wp-content\/uploads\/2023\/03\/image-27.png\" alt=\"\" class=\"wp-image-11931\" srcset=\"https:\/\/www.auzouvillesurry.fr\/wordpress\/wp-content\/uploads\/2023\/03\/image-27.png 797w, https:\/\/www.auzouvillesurry.fr\/wordpress\/wp-content\/uploads\/2023\/03\/image-27-300x110.png 300w, https:\/\/www.auzouvillesurry.fr\/wordpress\/wp-content\/uploads\/2023\/03\/image-27-768x281.png 768w\" sizes=\"auto, (max-width: 797px) 100vw, 797px\" \/><figcaption class=\"wp-element-caption\">Extrait de \u00ab\u00a0la semaine religieuse du dioc\u00e8se de Rouen\u00a0\u00bb<\/figcaption><\/figure>\n\n\n\n<p><strong>5 f\u00e9vrier 1879<\/strong><\/p>\n\n\n\n<p>D\u00e9c\u00e8s de Jacques Elph\u00e9ge Leroy, pr\u00eatre, n\u00e9 \u00e0 Auzouville<\/p>\n\n\n\n<figure class=\"wp-block-image size-full\"><img loading=\"lazy\" decoding=\"async\" width=\"733\" height=\"156\" src=\"https:\/\/www.auzouvillesurry.fr\/wordpress\/wp-content\/uploads\/2023\/03\/image-28.png\" alt=\"\" class=\"wp-image-11932\" srcset=\"https:\/\/www.auzouvillesurry.fr\/wordpress\/wp-content\/uploads\/2023\/03\/image-28.png 733w, https:\/\/www.auzouvillesurry.fr\/wordpress\/wp-content\/uploads\/2023\/03\/image-28-300x64.png 300w\" sizes=\"auto, (max-width: 733px) 100vw, 733px\" \/><figcaption class=\"wp-element-caption\">Extrait de \u00ab\u00a0la semaine religieuse du dioc\u00e8se de Rouen\u00a0\u00bb<\/figcaption><\/figure>\n\n\n\n<p><strong>26 avril 1879<\/strong><\/p>\n\n\n\n<p>Visite du Cardinal<\/p>\n\n\n\n<figure class=\"wp-block-image size-full\"><img loading=\"lazy\" decoding=\"async\" width=\"737\" height=\"171\" src=\"https:\/\/www.auzouvillesurry.fr\/wordpress\/wp-content\/uploads\/2023\/04\/image.png\" alt=\"\" class=\"wp-image-11980\" srcset=\"https:\/\/www.auzouvillesurry.fr\/wordpress\/wp-content\/uploads\/2023\/04\/image.png 737w, https:\/\/www.auzouvillesurry.fr\/wordpress\/wp-content\/uploads\/2023\/04\/image-300x70.png 300w\" sizes=\"auto, (max-width: 737px) 100vw, 737px\" \/><\/figure>\n\n\n\n<figure class=\"wp-block-image size-full\"><img loading=\"lazy\" decoding=\"async\" width=\"703\" height=\"47\" src=\"https:\/\/www.auzouvillesurry.fr\/wordpress\/wp-content\/uploads\/2023\/04\/image-1.png\" alt=\"\" class=\"wp-image-11981\" srcset=\"https:\/\/www.auzouvillesurry.fr\/wordpress\/wp-content\/uploads\/2023\/04\/image-1.png 703w, https:\/\/www.auzouvillesurry.fr\/wordpress\/wp-content\/uploads\/2023\/04\/image-1-300x20.png 300w\" sizes=\"auto, (max-width: 703px) 100vw, 703px\" \/><\/figure>\n\n\n\n<figure class=\"wp-block-image size-full is-resized\"><img loading=\"lazy\" decoding=\"async\" src=\"https:\/\/www.auzouvillesurry.fr\/wordpress\/wp-content\/uploads\/2023\/04\/image-2.png\" alt=\"\" class=\"wp-image-11982\" width=\"809\" height=\"373\" srcset=\"https:\/\/www.auzouvillesurry.fr\/wordpress\/wp-content\/uploads\/2023\/04\/image-2.png 740w, https:\/\/www.auzouvillesurry.fr\/wordpress\/wp-content\/uploads\/2023\/04\/image-2-300x138.png 300w\" sizes=\"auto, (max-width: 809px) 100vw, 809px\" \/><\/figure>\n\n\n\n<p>Extrait de \u00ab\u00a0la semaine religieuse du dioc\u00e8se de Rouen\u00a0\u00bb<\/p>\n\n\n\n<p><strong>11 octobre 1879<\/strong><\/p>\n\n\n\n<p>Inauguration de l&rsquo;autel<\/p>\n\n\n\n<figure class=\"wp-block-image size-full\"><img loading=\"lazy\" decoding=\"async\" width=\"390\" height=\"148\" src=\"https:\/\/www.auzouvillesurry.fr\/wordpress\/wp-content\/uploads\/2023\/05\/1879-1011-inuaguration-autel-semaine.png\" alt=\"\" class=\"wp-image-12031\" srcset=\"https:\/\/www.auzouvillesurry.fr\/wordpress\/wp-content\/uploads\/2023\/05\/1879-1011-inuaguration-autel-semaine.png 390w, https:\/\/www.auzouvillesurry.fr\/wordpress\/wp-content\/uploads\/2023\/05\/1879-1011-inuaguration-autel-semaine-300x114.png 300w\" sizes=\"auto, (max-width: 390px) 100vw, 390px\" \/><\/figure>\n\n\n\n<p>Extrait de \u00ab\u00a0la semaine religieuse du dioc\u00e8se de Rouen\u00a0\u00bb<\/p>\n\n\n\n<p><strong>14 ao\u00fbt 1886<\/strong><\/p>\n\n\n\n<p>Pr\u00e9dication du cur\u00e9 d&nbsp;\u2018Auzouville \u00e0 l\u2019H\u00f4tel Dieu de Rouen pour les c\u00e9r\u00e9monie de l\u2019adoration perp\u00e9tuelle<\/p>\n\n\n\n<figure class=\"wp-block-image size-full\"><img loading=\"lazy\" decoding=\"async\" width=\"762\" height=\"362\" src=\"https:\/\/www.auzouvillesurry.fr\/wordpress\/wp-content\/uploads\/2023\/04\/image-4.png\" alt=\"\" class=\"wp-image-11984\" srcset=\"https:\/\/www.auzouvillesurry.fr\/wordpress\/wp-content\/uploads\/2023\/04\/image-4.png 762w, https:\/\/www.auzouvillesurry.fr\/wordpress\/wp-content\/uploads\/2023\/04\/image-4-300x143.png 300w\" sizes=\"auto, (max-width: 762px) 100vw, 762px\" \/><\/figure>\n\n\n\n<p>Extrait de \u00ab\u00a0la semaine religieuse du dioc\u00e8se de Rouen\u00a0\u00bb<\/p>\n\n\n\n<p><strong>12 octobre 1889<\/strong><\/p>\n\n\n\n<p><a href=\"https:\/\/www.auzouvillesurry.fr\/wordpress\/histoire-et-patrimoine\/leglise\/julie-et-eee-vous-donne-lheure-3-fois-par-jour\/\">Installation des nouvelles cloches<\/a><\/p>\n\n\n\n<p><strong>24 juin 1892<\/strong><\/p>\n\n\n\n<p>L\u2019abb\u00e9 Dubois nomm\u00e9 aum\u00f4nier de la communaut\u00e9 de la mis\u00e9ricorde de Rouen<\/p>\n\n\n\n<figure class=\"wp-block-image size-full\"><img loading=\"lazy\" decoding=\"async\" width=\"772\" height=\"109\" src=\"https:\/\/www.auzouvillesurry.fr\/wordpress\/wp-content\/uploads\/2023\/04\/image-5.png\" alt=\"\" class=\"wp-image-12007\" srcset=\"https:\/\/www.auzouvillesurry.fr\/wordpress\/wp-content\/uploads\/2023\/04\/image-5.png 772w, https:\/\/www.auzouvillesurry.fr\/wordpress\/wp-content\/uploads\/2023\/04\/image-5-300x42.png 300w, https:\/\/www.auzouvillesurry.fr\/wordpress\/wp-content\/uploads\/2023\/04\/image-5-768x108.png 768w\" sizes=\"auto, (max-width: 772px) 100vw, 772px\" \/><\/figure>\n\n\n\n<p>Extrait de \u00ab\u00a0la semaine religieuse du dioc\u00e8se de Rouen\u00a0\u00bb<\/p>\n\n\n\n<p><strong>09 juillet 1892<\/strong><\/p>\n\n\n\n<p>D\u00e9c\u00e8s de Alphonse Dubois cur\u00e9 d\u2019Auzouville<\/p>\n\n\n\n<figure class=\"wp-block-image size-full\"><img loading=\"lazy\" decoding=\"async\" width=\"739\" height=\"137\" src=\"https:\/\/www.auzouvillesurry.fr\/wordpress\/wp-content\/uploads\/2023\/04\/image-6.png\" alt=\"\" class=\"wp-image-12008\" srcset=\"https:\/\/www.auzouvillesurry.fr\/wordpress\/wp-content\/uploads\/2023\/04\/image-6.png 739w, https:\/\/www.auzouvillesurry.fr\/wordpress\/wp-content\/uploads\/2023\/04\/image-6-300x56.png 300w\" sizes=\"auto, (max-width: 739px) 100vw, 739px\" \/><\/figure>\n\n\n\n<p>Extrait de \u00ab\u00a0la semaine religieuse du dioc\u00e8se de Rouen\u00a0\u00bb<\/p>\n\n\n\n<figure class=\"wp-block-image size-full\"><img loading=\"lazy\" decoding=\"async\" width=\"621\" height=\"163\" src=\"https:\/\/www.auzouvillesurry.fr\/wordpress\/wp-content\/uploads\/2023\/04\/image-7.png\" alt=\"\" class=\"wp-image-12009\" srcset=\"https:\/\/www.auzouvillesurry.fr\/wordpress\/wp-content\/uploads\/2023\/04\/image-7.png 621w, https:\/\/www.auzouvillesurry.fr\/wordpress\/wp-content\/uploads\/2023\/04\/image-7-300x79.png 300w\" sizes=\"auto, (max-width: 621px) 100vw, 621px\" \/><\/figure>\n\n\n\n<p>Extrait de \u00ab\u00a0l\u2019observateur Fran\u00e7ais\u00a0\u00bb<\/p>\n\n\n\n<p><strong>27 aout 1892<\/strong><\/p>\n\n\n\n<p>Nomination de Constantin Valentin Br\u00e9geault cur\u00e9 d\u2019Auzouville<\/p>\n\n\n\n<figure class=\"wp-block-image size-full\"><img loading=\"lazy\" decoding=\"async\" width=\"710\" height=\"354\" src=\"https:\/\/www.auzouvillesurry.fr\/wordpress\/wp-content\/uploads\/2023\/04\/image-8.png\" alt=\"\" class=\"wp-image-12010\" srcset=\"https:\/\/www.auzouvillesurry.fr\/wordpress\/wp-content\/uploads\/2023\/04\/image-8.png 710w, https:\/\/www.auzouvillesurry.fr\/wordpress\/wp-content\/uploads\/2023\/04\/image-8-300x150.png 300w\" sizes=\"auto, (max-width: 710px) 100vw, 710px\" \/><\/figure>\n\n\n\n<p>Extrait de \u00ab\u00a0la semaine religieuse du dioc\u00e8se de Rouen\u00a0\u00bb<\/p>\n\n\n\n<p class=\"has-text-align-center\"><strong><a href=\"https:\/\/www.auzouvillesurry.fr\/wordpress\/petite-chronique-paroissiale-1895-1907\/\" data-type=\"URL\" data-id=\"http:\/\/Petite chronique paroissiale 1895-1907\">Suite&#8230;..<\/a><\/strong><\/p>\n","protected":false},"excerpt":{"rendered":"<p>Petits ou grands faits touchant la paroisse d&rsquo;Auzouville sur Ry depuis 1735.Ces diverses donn\u00e9es ont \u00e9t\u00e9 glan\u00e9es sur le site des archives d\u00e9partementales de la Seine Maritime (https:\/\/www.archivesdepartementales76.net\/)&nbsp;ou de la biblioth\u00e8que Nationale de France (https:\/\/gallica.bnf.fr\/).Si vous avez des informations pouvant compl\u00e9ter le sujet n&rsquo;h\u00e9sitez pas \u00e0 les communiquer \u00e0 la mairie pour que nous puissions [&hellip;]<\/p>\n","protected":false},"author":1,"featured_media":0,"parent":0,"menu_order":0,"comment_status":"closed","ping_status":"closed","template":"","meta":{"ngg_post_thumbnail":0,"iawp_total_views":0,"footnotes":""},"class_list":["post-11715","page","type-page","status-publish","hentry"],"_links":{"self":[{"href":"https:\/\/www.auzouvillesurry.fr\/wordpress\/wp-json\/wp\/v2\/pages\/11715","targetHints":{"allow":["GET"]}}],"collection":[{"href":"https:\/\/www.auzouvillesurry.fr\/wordpress\/wp-json\/wp\/v2\/pages"}],"about":[{"href":"https:\/\/www.auzouvillesurry.fr\/wordpress\/wp-json\/wp\/v2\/types\/page"}],"author":[{"embeddable":true,"href":"https:\/\/www.auzouvillesurry.fr\/wordpress\/wp-json\/wp\/v2\/users\/1"}],"replies":[{"embeddable":true,"href":"https:\/\/www.auzouvillesurry.fr\/wordpress\/wp-json\/wp\/v2\/comments?post=11715"}],"version-history":[{"count":16,"href":"https:\/\/www.auzouvillesurry.fr\/wordpress\/wp-json\/wp\/v2\/pages\/11715\/revisions"}],"predecessor-version":[{"id":12106,"href":"https:\/\/www.auzouvillesurry.fr\/wordpress\/wp-json\/wp\/v2\/pages\/11715\/revisions\/12106"}],"wp:attachment":[{"href":"https:\/\/www.auzouvillesurry.fr\/wordpress\/wp-json\/wp\/v2\/media?parent=11715"}],"curies":[{"name":"wp","href":"https:\/\/api.w.org\/{rel}","templated":true}]}}