{"id":11624,"date":"2023-03-16T10:00:00","date_gmt":"2023-03-16T09:00:00","guid":{"rendered":"http:\/\/www.auzouvillesurry.fr\/wordpress\/?page_id=11624"},"modified":"2023-04-03T19:42:14","modified_gmt":"2023-04-03T18:42:14","slug":"petite-chronique-paroissiale-1735-1794","status":"publish","type":"page","link":"https:\/\/www.auzouvillesurry.fr\/wordpress\/petite-chronique-paroissiale-1735-1794\/","title":{"rendered":"Petite chronique paroissiale 1735-1794"},"content":{"rendered":"<p>Petits ou grands faits touchant la paroisse d&rsquo;Auzouville sur Ry depuis 1735.<br \/>Ces diverses donn\u00e9es ont \u00e9t\u00e9 glan\u00e9es sur le site des archives d\u00e9partementales de la Seine Maritime (<a href=\"https:\/\/www.archivesdepartementales76.net\/\" target=\"_blank\" rel=\"noopener nofollow\" class=\"external external_icon\">https:\/\/www.archivesdepartementales76.net\/<\/a>)&nbsp;ou de la biblioth\u00e8que Nationale de France (<a href=\"https:\/\/gallica.bnf.fr\/\" target=\"_blank\" rel=\"noopener nofollow\" class=\"external external_icon\">https:\/\/gallica.bnf.fr\/<\/a>).<br \/>Si vous avez des informations pouvant compl\u00e9ter le sujet n&rsquo;h\u00e9sitez pas \u00e0 les communiquer \u00e0 la mairie pour que nous puissions enrichir cet article.<\/p>\n\n\n<p><strong>1735-1741<\/strong><\/p>\n\n\n\n<p>Paiement du louage et monn\u00e9age<\/p>\n\n\n\n<figure class=\"wp-block-image size-full\"><img loading=\"lazy\" decoding=\"async\" width=\"816\" height=\"318\" src=\"https:\/\/www.auzouvillesurry.fr\/wordpress\/wp-content\/uploads\/2023\/03\/fouage.png\" alt=\"\" class=\"wp-image-11704\" srcset=\"https:\/\/www.auzouvillesurry.fr\/wordpress\/wp-content\/uploads\/2023\/03\/fouage.png 816w, https:\/\/www.auzouvillesurry.fr\/wordpress\/wp-content\/uploads\/2023\/03\/fouage-300x117.png 300w, https:\/\/www.auzouvillesurry.fr\/wordpress\/wp-content\/uploads\/2023\/03\/fouage-768x299.png 768w\" sizes=\"auto, (max-width: 816px) 100vw, 816px\" \/><figcaption class=\"wp-element-caption\">La semaine religieuse du dioc\u00e8se de Rouen<\/figcaption><\/figure>\n\n\n\n<p><em>Source Wikipedia<\/em><\/p>\n\n\n\n<p class=\"has-small-font-size\"><em>Le mot fouage est donn\u00e9 \u00e0 l&rsquo;\u00e9poque f\u00e9odale \u00e0 certaines redevances per\u00e7ues par les seigneurs sur chaque m\u00e9nage roturier. Ce mot est ensuite appliqu\u00e9 \u00e0 des taxes, ordinaires ou extraordinaires, de nature et de quotit\u00e9 diverses. Leur caract\u00e8re commun est qu&rsquo;il s&rsquo;agit d&rsquo;une contribution directe et personnelle \u00e9tablie sur les feux. Cet imp\u00f4t est diff\u00e9rent de la taxe des foyers. Celle-ci s&rsquo;applique \u00e0 toutes les chemin\u00e9es, dans chaque habitation, et repose donc sur l&rsquo;existence r\u00e9elle des foyers. Alors, que pour le fouage le feu n&rsquo;est qu&rsquo;une abstraction. Dans la&nbsp;<\/em><a href=\"https:\/\/fr.wikipedia.org\/wiki\/Langue_d%27o%C3%AFl\" class=\"external external_icon\" rel=\"nofollow\" target=\"_blank\"><em>langue d&rsquo;oil<\/em><\/a><em>&nbsp;on entend par feu une maison, une famille, alors qu&rsquo;en&nbsp;<\/em><a href=\"https:\/\/fr.wikipedia.org\/wiki\/Occitan\" class=\"external external_icon\" rel=\"nofollow\" target=\"_blank\"><em>langue d&rsquo;oc<\/em><\/a><em>&nbsp;le feu est une portion de territoire. Le feu est donc une unit\u00e9 contributive.<\/em><\/p>\n\n\n\n<p class=\"has-small-font-size\"><a><\/a> <em>L&rsquo;imp\u00f4t du fouage appara\u00eet comme un imp\u00f4t de quotit\u00e9 (taux par feu multipli\u00e9 par le nombre th\u00e9orique de feux). Mais dans les faits il est aussi un imp\u00f4t de r\u00e9partition<\/em><em><a href=\"https:\/\/fr.wikipedia.org\/wiki\/Fouage#cite_note-2\" class=\"external external_icon\" rel=\"nofollow\" target=\"_blank\">2<\/a><\/em><em>. Le produit attendu est \u00e0 la charge de la communaut\u00e9 (paroisse), \u00e0 elle de le r\u00e9partir entre les contribuables. Pour chacun est pris en compte sa facult\u00e9 contributive, ce qui conduit \u00e0 faire payer davantage certains, plus ais\u00e9s, et moins d&rsquo;autres. L&rsquo;expression utilis\u00e9e est \u00ab&nbsp;le fort porte le faible&nbsp;\u00bb. Le tarif indiqu\u00e9 n&rsquo;est donc qu&rsquo;une moyenne.<\/em><\/p>\n\n\n\n<p class=\"has-small-font-size\"><em>Les fouages sont soit lev\u00e9s par le roi, en vertu de son pouvoir souverain, soit vot\u00e9s par les&nbsp;<\/em><a href=\"https:\/\/fr.wikipedia.org\/wiki\/%C3%89tats_provinciaux_(Ancien_R%C3%A9gime)\" class=\"external external_icon\" rel=\"nofollow\" target=\"_blank\"><em>\u00e9tats provinciaux<\/em><\/a><em>&nbsp;ou par les&nbsp;<\/em><a href=\"https:\/\/fr.wikipedia.org\/wiki\/%C3%89tats_g%C3%A9n%C3%A9raux_(France)\" class=\"external external_icon\" rel=\"nofollow\" target=\"_blank\"><em>\u00e9tats g\u00e9n\u00e9raux<\/em><\/a><em>.<\/em><\/p>\n\n\n\n<p><strong>1789<\/strong><\/p>\n\n\n\n<p>La paroisse d\u2019Auzouville compte 700 paroissiens<\/p>\n\n\n\n<p><strong>6 juin 1791<\/strong><\/p>\n\n\n\n<p>M Pelchat vicaire d\u2019Auzouville sur Ry est nomm\u00e9 cur\u00e9 d\u2019Epreville sur Ry<\/p>\n\n\n\n<p><strong>21 janvier 1793<\/strong><\/p>\n\n\n\n<p>Certificat de r\u00e9sidence de M Duval cur\u00e9<\/p>\n\n\n\n<figure class=\"wp-block-image size-large\"><img loading=\"lazy\" decoding=\"async\" width=\"1024\" height=\"567\" src=\"https:\/\/www.auzouvillesurry.fr\/wordpress\/wp-content\/uploads\/2023\/03\/image-1024x567.png\" alt=\"\" class=\"wp-image-11628\" srcset=\"https:\/\/www.auzouvillesurry.fr\/wordpress\/wp-content\/uploads\/2023\/03\/image-1024x567.png 1024w, https:\/\/www.auzouvillesurry.fr\/wordpress\/wp-content\/uploads\/2023\/03\/image-300x166.png 300w, https:\/\/www.auzouvillesurry.fr\/wordpress\/wp-content\/uploads\/2023\/03\/image-768x425.png 768w, https:\/\/www.auzouvillesurry.fr\/wordpress\/wp-content\/uploads\/2023\/03\/image.png 1286w\" sizes=\"auto, (max-width: 1024px) 100vw, 1024px\" \/><figcaption class=\"wp-element-caption\">Extrait des d\u00e9lib\u00e9rations du conseil municipal (<a href=\"https:\/\/www.archivesdepartementales76.net\/ark:\/50278\/comd25c3525104b745632a4a3a024369b0d\/dao\/0\/1\/idsearch:RECH_52d03850141f579aec425dbe768a8025?id=https%3A%2F%2Fwww.archivesdepartementales76.net%2Fark%3A%2F50278%2Fcomd25c3525104b745632a4a3a024369b0d%2Fcanvas%2F0%2F12&amp;vx=742.12&amp;vy=-933.151&amp;vr=0&amp;vz=4.79806\" target=\"_blank\" rel=\"noreferrer noopener nofollow\" class=\"external external_icon\">archivesdepartementales76.net<\/a>)<\/figcaption><\/figure>\n\n\n\n<p class=\"has-small-font-size\"><em><strong>Certificat de r\u00e9sidence d\u00e9livr\u00e9 au citoyen Duval, cur\u00e9 d\u2019Auzouville<\/strong><\/em><\/p>\n\n\n\n<p class=\"has-small-font-size\"><em>Nous soussign\u00e9s habitants domicili\u00e9s en la paroisse d\u2019Auzouville sur Ry district de Rouen, canton de Saint Jacques d\u00e9partement de la seine inf\u00e9rieure certifions et attestons que le citoyen Joseph Duval cur\u00e9 de cette paroisse, \u00e2g\u00e9 de soixante quatre ans, taille de cinq pieds trois pouces, cheveux ch\u00e2tain, t\u00eate longue, nez et bouche ordinaire, les yeux gris et barbe grise, a r\u00e9sid\u00e9 dans cette commune sans interruption avant et depuis le mois de f\u00e9vrier mil sept cent quatre vingt douze jusqu\u2019\u00e0 pr\u00e9sent. En foi de quoi avons sign\u00e9 le pr\u00e9sent pour servir et valoir ce que de raison.<\/em><\/p>\n\n\n\n<p class=\"has-small-font-size\"><em>A Auzouville sur Ry vingt et janvier mille sept cent quatre vingt treize l\u2019an deuxi\u00e8me de la R\u00e9publique Fran\u00e7aise.<\/em><\/p>\n\n\n\n<p>Approuv\u00e9 en interligne le mot Joseph<\/p>\n\n\n\n<p><strong>10 avril 1793<\/strong><\/p>\n\n\n\n<p>Paiement de souliers sur les deniers de la fabrique (paroisse)<\/p>\n\n\n\n<figure class=\"wp-block-image size-large\"><img loading=\"lazy\" decoding=\"async\" width=\"1024\" height=\"560\" src=\"https:\/\/www.auzouvillesurry.fr\/wordpress\/wp-content\/uploads\/2023\/03\/image-1-1024x560.png\" alt=\"\" class=\"wp-image-11630\" srcset=\"https:\/\/www.auzouvillesurry.fr\/wordpress\/wp-content\/uploads\/2023\/03\/image-1-1024x560.png 1024w, https:\/\/www.auzouvillesurry.fr\/wordpress\/wp-content\/uploads\/2023\/03\/image-1-300x164.png 300w, https:\/\/www.auzouvillesurry.fr\/wordpress\/wp-content\/uploads\/2023\/03\/image-1-768x420.png 768w, https:\/\/www.auzouvillesurry.fr\/wordpress\/wp-content\/uploads\/2023\/03\/image-1-1320x722.png 1320w, https:\/\/www.auzouvillesurry.fr\/wordpress\/wp-content\/uploads\/2023\/03\/image-1.png 1451w\" sizes=\"auto, (max-width: 1024px) 100vw, 1024px\" \/><figcaption class=\"wp-element-caption\">Extrait des d\u00e9lib\u00e9rations du conseil municipal (<a rel=\"noreferrer noopener nofollow\" href=\"https:\/\/www.archivesdepartementales76.net\/ark:\/50278\/comd25c3525104b745632a4a3a024369b0d\/dao\/0\/1\/idsearch:RECH_52d03850141f579aec425dbe768a8025?id=https%3A%2F%2Fwww.archivesdepartementales76.net%2Fark%3A%2F50278%2Fcomd25c3525104b745632a4a3a024369b0d%2Fcanvas%2F0%2F26\" target=\"_blank\" class=\"external external_icon\">archivesdepartementales76.net<\/a>)<\/figcaption><\/figure>\n\n\n\n<p class=\"has-small-font-size\"><em><strong>Paiement sur les deniers de la fabrique de souliers fournis par le citoyen Fr\u00e9bourg et du traitement du clerc<\/strong><\/em><\/p>\n\n\n\n<p class=\"has-small-font-size\"><em>La municipalit\u00e9 assembl\u00e9e en pr\u00e9sence du receveur de la commune pour d\u00e9lib\u00e9rer sur la n\u00e9cessit\u00e9 de pourvoir au paiement de quatre paire de souliers qui ont \u00e9t\u00e9 fait et fournis par Fr\u00e9bourg p\u00e8re, cordonnier du dit lieu . A cet \u00e9gard il a \u00e9t\u00e9 arr\u00eat\u00e9 que pour le paiement il serait pris des fonds sur les deniers de la fabrique une somme de soixante livres savoir quarante livres pour les souliers et dix huit livres pour trois mois du traitement du clerc servant \u00e0 l\u2019\u00e9glise, ce que nous avons arr\u00eat\u00e9 et sign\u00e9 les jour et an susdit<\/em><\/p>\n\n\n\n<p><strong>30 pluviose an II (18 f\u00e9vrier 1794)<\/strong><\/p>\n\n\n\n<p>Cessation exercice du culte par Joseph Duval cur\u00e9<\/p>\n\n\n\n<figure class=\"wp-block-image size-large is-resized is-style-default\"><img loading=\"lazy\" decoding=\"async\" src=\"https:\/\/www.auzouvillesurry.fr\/wordpress\/wp-content\/uploads\/2023\/03\/image-2-1024x646.png\" alt=\"\" class=\"wp-image-11631\" width=\"1024\" height=\"646\" srcset=\"https:\/\/www.auzouvillesurry.fr\/wordpress\/wp-content\/uploads\/2023\/03\/image-2-1024x646.png 1024w, https:\/\/www.auzouvillesurry.fr\/wordpress\/wp-content\/uploads\/2023\/03\/image-2-300x189.png 300w, https:\/\/www.auzouvillesurry.fr\/wordpress\/wp-content\/uploads\/2023\/03\/image-2-768x484.png 768w, https:\/\/www.auzouvillesurry.fr\/wordpress\/wp-content\/uploads\/2023\/03\/image-2.png 1275w\" sizes=\"auto, (max-width: 1024px) 100vw, 1024px\" \/><figcaption class=\"wp-element-caption\">Extrait des d\u00e9lib\u00e9rations du conseil municipal (<a rel=\"noreferrer noopener nofollow\" href=\"https:\/\/www.archivesdepartementales76.net\/ark:\/50278\/comd25c3525104b745632a4a3a024369b0d\/dao\/0\/1\/idsearch:RECH_52d03850141f579aec425dbe768a8025?id=https%3A%2F%2Fwww.archivesdepartementales76.net%2Fark%3A%2F50278%2Fcomd25c3525104b745632a4a3a024369b0d%2Fcanvas%2F0%2F62\" target=\"_blank\" class=\"external external_icon\">archivesdepartementales76.net<\/a>)<\/figcaption><\/figure>\n\n\n\n<p class=\"has-small-font-size\"><em><strong>30 pluviose an 2, cessation de l\u2019exercice du culte<\/strong><\/em><\/p>\n\n\n\n<p class=\"has-small-font-size\"><em>L\u2019an deuxi\u00e8me de la R\u00e9publique Fran\u00e7aise une et indivisible, le trente pluviose, la municipalit\u00e9 assembl\u00e9e en conseil g\u00e9n\u00e9ral au bureau des s\u00e9ances en permanence s\u2019est pr\u00e9sent\u00e9 le citoyen Joseph Duval ex cur\u00e9 de cette paroisse, lequel a d\u00e9clar\u00e9 que de ce moment il cesse ses fonctions d\u2019eccl\u00e9siastique et a d\u00e9pos\u00e9 sur le bureau les titres concernant les b\u00e9n\u00e9fices\u2026\u2026\u2026.., district de Rouen, d\u00e9partement de la Seine Inf\u00e9rieure, canton de Saint Jacques sur Darn\u00e9tal et a demand\u00e9 acte de la d\u00e9claration ce qu\u2019il a sign\u00e9 avec nous au bureau permanent de notre commune et de suite avons d\u00e9lib\u00e9r\u00e9 que copie lui sera d\u00e9livr\u00e9 pour lui servir \u2026\u2026 ce qu\u2019il appartiendra.<\/em><\/p>\n\n\n\n<p><strong>10 germinal an II (30 mars 1794)<\/strong><\/p>\n\n\n\n<p>Le desservant (pr\u00eatre) Deschamps est d\u00e9port\u00e9<\/p>\n\n\n\n<p class=\"has-small-font-size\"><em>Le 25 janvier 1794, un arr\u00eat\u00e9 est pris ordonnant que les pr\u00eatres r\u00e9fractaires soient conduits de brigade en brigade jusqu\u2019au port le plus proche&nbsp;: Bordeaux ou Rochefort.<br \/>Ils y seront d\u00e9tenus jusqu\u2019\u00e0 ce que des b\u00e2timents de commerce n\u00e9cessaires \u00e0 leur transfert aient \u00e9t\u00e9 affr\u00e9t\u00e9s. Pour \u00eatre d\u00e9port\u00e9s en Guyane.<\/em><\/p>\n\n\n\n<p class=\"has-text-align-center\"><a href=\"https:\/\/www.auzouvillesurry.fr\/wordpress\/petite-chronique-paroissiale-1836-1871\/\">Suite&#8230;.<\/a><\/p>\n","protected":false},"excerpt":{"rendered":"<p>Petits ou grands faits touchant la paroisse d&rsquo;Auzouville sur Ry depuis 1735.Ces diverses donn\u00e9es ont \u00e9t\u00e9 glan\u00e9es sur le site des archives d\u00e9partementales de la Seine Maritime (https:\/\/www.archivesdepartementales76.net\/)&nbsp;ou de la biblioth\u00e8que Nationale de France (https:\/\/gallica.bnf.fr\/).Si vous avez des informations pouvant compl\u00e9ter le sujet n&rsquo;h\u00e9sitez pas \u00e0 les communiquer \u00e0 la mairie pour que nous puissions [&hellip;]<\/p>\n","protected":false},"author":1,"featured_media":0,"parent":0,"menu_order":0,"comment_status":"closed","ping_status":"closed","template":"","meta":{"ngg_post_thumbnail":0,"iawp_total_views":0,"footnotes":""},"class_list":["post-11624","page","type-page","status-publish","hentry"],"_links":{"self":[{"href":"https:\/\/www.auzouvillesurry.fr\/wordpress\/wp-json\/wp\/v2\/pages\/11624","targetHints":{"allow":["GET"]}}],"collection":[{"href":"https:\/\/www.auzouvillesurry.fr\/wordpress\/wp-json\/wp\/v2\/pages"}],"about":[{"href":"https:\/\/www.auzouvillesurry.fr\/wordpress\/wp-json\/wp\/v2\/types\/page"}],"author":[{"embeddable":true,"href":"https:\/\/www.auzouvillesurry.fr\/wordpress\/wp-json\/wp\/v2\/users\/1"}],"replies":[{"embeddable":true,"href":"https:\/\/www.auzouvillesurry.fr\/wordpress\/wp-json\/wp\/v2\/comments?post=11624"}],"version-history":[{"count":30,"href":"https:\/\/www.auzouvillesurry.fr\/wordpress\/wp-json\/wp\/v2\/pages\/11624\/revisions"}],"predecessor-version":[{"id":12091,"href":"https:\/\/www.auzouvillesurry.fr\/wordpress\/wp-json\/wp\/v2\/pages\/11624\/revisions\/12091"}],"wp:attachment":[{"href":"https:\/\/www.auzouvillesurry.fr\/wordpress\/wp-json\/wp\/v2\/media?parent=11624"}],"curies":[{"name":"wp","href":"https:\/\/api.w.org\/{rel}","templated":true}]}}