{"id":11327,"date":"2022-11-04T18:51:13","date_gmt":"2022-11-04T17:51:13","guid":{"rendered":"http:\/\/www.auzouvillesurry.fr\/wordpress\/?page_id=11327"},"modified":"2022-11-04T18:52:55","modified_gmt":"2022-11-04T17:52:55","slug":"vous-etes-desabonner","status":"publish","type":"page","link":"https:\/\/www.auzouvillesurry.fr\/wordpress\/vous-etes-desabonner\/","title":{"rendered":"Vous \u00eates d\u00e9sabonn\u00e9"},"content":{"rendered":"<p>[mailpoet_page]<\/p>\n<p>A bient\u00f4t<\/p>\n<p>L&rsquo;\u00e9quipe municipale<\/p>\n","protected":false},"excerpt":{"rendered":"<p>[mailpoet_page] A bient\u00f4t L&rsquo;\u00e9quipe municipale<\/p>\n","protected":false},"author":1,"featured_media":0,"parent":0,"menu_order":0,"comment_status":"closed","ping_status":"closed","template":"","meta":{"ngg_post_thumbnail":0,"footnotes":""},"class_list":["post-11327","page","type-page","status-publish","hentry"],"_links":{"self":[{"href":"https:\/\/www.auzouvillesurry.fr\/wordpress\/wp-json\/wp\/v2\/pages\/11327","targetHints":{"allow":["GET"]}}],"collection":[{"href":"https:\/\/www.auzouvillesurry.fr\/wordpress\/wp-json\/wp\/v2\/pages"}],"about":[{"href":"https:\/\/www.auzouvillesurry.fr\/wordpress\/wp-json\/wp\/v2\/types\/page"}],"author":[{"embeddable":true,"href":"https:\/\/www.auzouvillesurry.fr\/wordpress\/wp-json\/wp\/v2\/users\/1"}],"replies":[{"embeddable":true,"href":"https:\/\/www.auzouvillesurry.fr\/wordpress\/wp-json\/wp\/v2\/comments?post=11327"}],"version-history":[{"count":2,"href":"https:\/\/www.auzouvillesurry.fr\/wordpress\/wp-json\/wp\/v2\/pages\/11327\/revisions"}],"predecessor-version":[{"id":11329,"href":"https:\/\/www.auzouvillesurry.fr\/wordpress\/wp-json\/wp\/v2\/pages\/11327\/revisions\/11329"}],"wp:attachment":[{"href":"https:\/\/www.auzouvillesurry.fr\/wordpress\/wp-json\/wp\/v2\/media?parent=11327"}],"curies":[{"name":"wp","href":"https:\/\/api.w.org\/{rel}","templated":true}]}}