{"id":11311,"date":"2022-11-04T18:18:01","date_gmt":"2022-11-04T17:18:01","guid":{"rendered":"http:\/\/www.auzouvillesurry.fr\/wordpress\/?page_id=11311"},"modified":"2022-11-04T18:47:42","modified_gmt":"2022-11-04T17:47:42","slug":"vous-desabonner","status":"publish","type":"page","link":"https:\/\/www.auzouvillesurry.fr\/wordpress\/vous-desabonner\/","title":{"rendered":"Vous d\u00e9sabonner"},"content":{"rendered":"<p>[mailpoet_page]<\/p>\n<p>Au revoir et peut-\u00eatre \u00e0 bient\u00f4t.<\/p>\n<p>L&rsquo;\u00e9quipe municipale<\/p>\n","protected":false},"excerpt":{"rendered":"<p>[mailpoet_page] Au revoir et peut-\u00eatre \u00e0 bient\u00f4t. L&rsquo;\u00e9quipe municipale<\/p>\n","protected":false},"author":1,"featured_media":0,"parent":0,"menu_order":0,"comment_status":"closed","ping_status":"closed","template":"","meta":{"ngg_post_thumbnail":0,"footnotes":""},"class_list":["post-11311","page","type-page","status-publish","hentry"],"_links":{"self":[{"href":"https:\/\/www.auzouvillesurry.fr\/wordpress\/wp-json\/wp\/v2\/pages\/11311","targetHints":{"allow":["GET"]}}],"collection":[{"href":"https:\/\/www.auzouvillesurry.fr\/wordpress\/wp-json\/wp\/v2\/pages"}],"about":[{"href":"https:\/\/www.auzouvillesurry.fr\/wordpress\/wp-json\/wp\/v2\/types\/page"}],"author":[{"embeddable":true,"href":"https:\/\/www.auzouvillesurry.fr\/wordpress\/wp-json\/wp\/v2\/users\/1"}],"replies":[{"embeddable":true,"href":"https:\/\/www.auzouvillesurry.fr\/wordpress\/wp-json\/wp\/v2\/comments?post=11311"}],"version-history":[{"count":9,"href":"https:\/\/www.auzouvillesurry.fr\/wordpress\/wp-json\/wp\/v2\/pages\/11311\/revisions"}],"predecessor-version":[{"id":11326,"href":"https:\/\/www.auzouvillesurry.fr\/wordpress\/wp-json\/wp\/v2\/pages\/11311\/revisions\/11326"}],"wp:attachment":[{"href":"https:\/\/www.auzouvillesurry.fr\/wordpress\/wp-json\/wp\/v2\/media?parent=11311"}],"curies":[{"name":"wp","href":"https:\/\/api.w.org\/{rel}","templated":true}]}}