{"id":11297,"date":"2022-11-03T20:23:16","date_gmt":"2022-11-03T19:23:16","guid":{"rendered":"http:\/\/www.auzouvillesurry.fr\/wordpress\/?page_id=11297"},"modified":"2022-11-04T18:13:16","modified_gmt":"2022-11-04T17:13:16","slug":"gerer-votre-abonnement","status":"publish","type":"page","link":"https:\/\/www.auzouvillesurry.fr\/wordpress\/gerer-votre-abonnement\/","title":{"rendered":"G\u00e9rer votre abonnement"},"content":{"rendered":"<p>Merci de l&rsquo;int\u00e9r\u00eat que vous portez \u00e0 la vie de notre commune.<br \/>\nCompl\u00e9tez ce formulaire et cliquer sur ce lien<br \/>\nLe formulaire de gestion d\u2019abonnement est disponible uniquement pour les abonn\u00e9s aux mailing listes.<\/p>\n","protected":false},"excerpt":{"rendered":"<p>Merci de l&rsquo;int\u00e9r\u00eat que vous portez \u00e0 la vie de notre commune. Compl\u00e9tez ce formulaire et cliquer sur ce lien<\/p>\n","protected":false},"author":1,"featured_media":0,"parent":0,"menu_order":0,"comment_status":"closed","ping_status":"closed","template":"","meta":{"ngg_post_thumbnail":0,"iawp_total_views":0,"footnotes":""},"class_list":["post-11297","page","type-page","status-publish","hentry"],"_links":{"self":[{"href":"https:\/\/www.auzouvillesurry.fr\/wordpress\/wp-json\/wp\/v2\/pages\/11297","targetHints":{"allow":["GET"]}}],"collection":[{"href":"https:\/\/www.auzouvillesurry.fr\/wordpress\/wp-json\/wp\/v2\/pages"}],"about":[{"href":"https:\/\/www.auzouvillesurry.fr\/wordpress\/wp-json\/wp\/v2\/types\/page"}],"author":[{"embeddable":true,"href":"https:\/\/www.auzouvillesurry.fr\/wordpress\/wp-json\/wp\/v2\/users\/1"}],"replies":[{"embeddable":true,"href":"https:\/\/www.auzouvillesurry.fr\/wordpress\/wp-json\/wp\/v2\/comments?post=11297"}],"version-history":[{"count":4,"href":"https:\/\/www.auzouvillesurry.fr\/wordpress\/wp-json\/wp\/v2\/pages\/11297\/revisions"}],"predecessor-version":[{"id":11310,"href":"https:\/\/www.auzouvillesurry.fr\/wordpress\/wp-json\/wp\/v2\/pages\/11297\/revisions\/11310"}],"wp:attachment":[{"href":"https:\/\/www.auzouvillesurry.fr\/wordpress\/wp-json\/wp\/v2\/media?parent=11297"}],"curies":[{"name":"wp","href":"https:\/\/api.w.org\/{rel}","templated":true}]}}