{"id":11115,"date":"2022-08-06T13:24:02","date_gmt":"2022-08-06T12:24:02","guid":{"rendered":"http:\/\/www.auzouvillesurry.fr\/wordpress\/?page_id=11115"},"modified":"2023-01-24T15:34:44","modified_gmt":"2023-01-24T14:34:44","slug":"voirie","status":"publish","type":"page","link":"https:\/\/www.auzouvillesurry.fr\/wordpress\/actes-administratifs\/voirie\/","title":{"rendered":"Voirie et domaine public"},"content":{"rendered":"\n<p>Vous trouverez ici tous les arr\u00eat\u00e9s relatifs \u00e0 la voirie et au domaine public<\/p>\n\n\n\n<div class=\"wp-block-file\"><a id=\"wp-block-file--media-77c60416-74a7-4f92-9c4e-09872852b3e3\" href=\"https:\/\/www.auzouvillesurry.fr\/wordpress\/wp-content\/uploads\/2023\/01\/arrete2023-02_Arrete_circulation_EHTP.pdf\">arrete2023-02_Arrete_circulation_EHTP<\/a><\/div>\n\n\n\n<div class=\"wp-block-file\"><a id=\"wp-block-file--media-670ef709-2d83-44be-8860-291886a42032\" href=\"https:\/\/www.auzouvillesurry.fr\/wordpress\/wp-content\/uploads\/2023\/01\/arrete2023-01_Arrete_circulation_EHTP.pdf\">arrete2023-01_Arrete_circulation_EHTP<\/a><\/div>\n\n\n\n<div class=\"wp-block-file\"><a id=\"wp-block-file--media-e845a8fc-933e-426a-abd1-ede831c2d1d6\" href=\"https:\/\/www.auzouvillesurry.fr\/wordpress\/wp-content\/uploads\/2022\/09\/arrete2022-12_Occupation-DP-Auberge-de-Papa.pdf\">arrete2022-12_Occupation DP Auberge de Papa<\/a><\/div>\n\n\n\n<div class=\"wp-block-file\"><a id=\"wp-block-file--media-b7f78ba6-4450-4b36-9f69-d522f4c161a4\" href=\"https:\/\/www.auzouvillesurry.fr\/wordpress\/wp-content\/uploads\/2022\/09\/arrete2022-11_ENEDIS_Circulation_rue_ancien_manoir.pdf\">arrete2022-11_ENEDIS_Circulation_rue_ancien_manoir<\/a><\/div>\n\n\n\n<div class=\"wp-block-file\"><a id=\"wp-block-file--media-382fc00a-fc70-4f4a-8708-0f1d0682bdd6\" href=\"https:\/\/www.auzouvillesurry.fr\/wordpress\/wp-content\/uploads\/2022\/09\/arrete2022-10_Debit_temporaire_boisson_Animation_Village.pdf\">arrete2022-10_Debit_temporaire_boisson_Animation_Village<\/a><\/div>\n\n\n\n<div class=\"wp-block-file\"><a id=\"wp-block-file--media-2190034c-97cf-4976-ad02-7b67e5345df4\" href=\"https:\/\/www.auzouvillesurry.fr\/wordpress\/wp-content\/uploads\/2022\/08\/arrete2022-09_Circulation_interdite_defile_char-2.pdf\" target=\"_blank\" rel=\"noreferrer noopener\">arrete2022-09_Circulation_interdite_defile_char 15 ao\u00fbt 2022<\/a><\/div>\n\n\n\n<p><\/p>\n","protected":false},"excerpt":{"rendered":"<p>Vous trouverez ici tous les arr\u00eat\u00e9s relatifs \u00e0 la voirie et au domaine public<\/p>\n","protected":false},"author":1,"featured_media":0,"parent":11109,"menu_order":1,"comment_status":"closed","ping_status":"closed","template":"","meta":{"ngg_post_thumbnail":0,"footnotes":""},"class_list":["post-11115","page","type-page","status-publish","hentry"],"_links":{"self":[{"href":"https:\/\/www.auzouvillesurry.fr\/wordpress\/wp-json\/wp\/v2\/pages\/11115","targetHints":{"allow":["GET"]}}],"collection":[{"href":"https:\/\/www.auzouvillesurry.fr\/wordpress\/wp-json\/wp\/v2\/pages"}],"about":[{"href":"https:\/\/www.auzouvillesurry.fr\/wordpress\/wp-json\/wp\/v2\/types\/page"}],"author":[{"embeddable":true,"href":"https:\/\/www.auzouvillesurry.fr\/wordpress\/wp-json\/wp\/v2\/users\/1"}],"replies":[{"embeddable":true,"href":"https:\/\/www.auzouvillesurry.fr\/wordpress\/wp-json\/wp\/v2\/comments?post=11115"}],"version-history":[{"count":11,"href":"https:\/\/www.auzouvillesurry.fr\/wordpress\/wp-json\/wp\/v2\/pages\/11115\/revisions"}],"predecessor-version":[{"id":11554,"href":"https:\/\/www.auzouvillesurry.fr\/wordpress\/wp-json\/wp\/v2\/pages\/11115\/revisions\/11554"}],"up":[{"embeddable":true,"href":"https:\/\/www.auzouvillesurry.fr\/wordpress\/wp-json\/wp\/v2\/pages\/11109"}],"wp:attachment":[{"href":"https:\/\/www.auzouvillesurry.fr\/wordpress\/wp-json\/wp\/v2\/media?parent=11115"}],"curies":[{"name":"wp","href":"https:\/\/api.w.org\/{rel}","templated":true}]}}