{"id":11112,"date":"2022-08-06T13:25:00","date_gmt":"2022-08-06T12:25:00","guid":{"rendered":"http:\/\/www.auzouvillesurry.fr\/wordpress\/?page_id=11112"},"modified":"2023-01-24T15:37:56","modified_gmt":"2023-01-24T14:37:56","slug":"urbanisme","status":"publish","type":"page","link":"https:\/\/www.auzouvillesurry.fr\/wordpress\/actes-administratifs\/urbanisme\/","title":{"rendered":"Urbanisme"},"content":{"rendered":"\n<p>Cette page regroupe les arr\u00eat\u00e9s d&rsquo;urbanisme:<br \/><strong>CU<\/strong> certificat d&rsquo;urbanisme<br \/><strong>DP<\/strong> d\u00e9claration pr\u00e9alable<br \/><strong>PC<\/strong> permis de construire<\/p>\n\n\n\n<div class=\"wp-block-file\"><a id=\"wp-block-file--media-f654ac53-51e1-4965-bf7c-d7bcb6ce525b\" href=\"https:\/\/www.auzouvillesurry.fr\/wordpress\/wp-content\/uploads\/2023\/01\/DP07604622B0011_arrete_decision.pdf\">DP07604622B0011_arrete_decision<\/a><\/div>\n","protected":false},"excerpt":{"rendered":"<p>Cette page regroupe les arr\u00eat\u00e9s d&rsquo;urbanisme:CU certificat d&rsquo;urbanismeDP d\u00e9claration pr\u00e9alablePC permis de construire<\/p>\n","protected":false},"author":1,"featured_media":0,"parent":11109,"menu_order":0,"comment_status":"closed","ping_status":"closed","template":"","meta":{"ngg_post_thumbnail":0,"footnotes":""},"class_list":["post-11112","page","type-page","status-publish","hentry"],"_links":{"self":[{"href":"https:\/\/www.auzouvillesurry.fr\/wordpress\/wp-json\/wp\/v2\/pages\/11112","targetHints":{"allow":["GET"]}}],"collection":[{"href":"https:\/\/www.auzouvillesurry.fr\/wordpress\/wp-json\/wp\/v2\/pages"}],"about":[{"href":"https:\/\/www.auzouvillesurry.fr\/wordpress\/wp-json\/wp\/v2\/types\/page"}],"author":[{"embeddable":true,"href":"https:\/\/www.auzouvillesurry.fr\/wordpress\/wp-json\/wp\/v2\/users\/1"}],"replies":[{"embeddable":true,"href":"https:\/\/www.auzouvillesurry.fr\/wordpress\/wp-json\/wp\/v2\/comments?post=11112"}],"version-history":[{"count":4,"href":"https:\/\/www.auzouvillesurry.fr\/wordpress\/wp-json\/wp\/v2\/pages\/11112\/revisions"}],"predecessor-version":[{"id":11557,"href":"https:\/\/www.auzouvillesurry.fr\/wordpress\/wp-json\/wp\/v2\/pages\/11112\/revisions\/11557"}],"up":[{"embeddable":true,"href":"https:\/\/www.auzouvillesurry.fr\/wordpress\/wp-json\/wp\/v2\/pages\/11109"}],"wp:attachment":[{"href":"https:\/\/www.auzouvillesurry.fr\/wordpress\/wp-json\/wp\/v2\/media?parent=11112"}],"curies":[{"name":"wp","href":"https:\/\/api.w.org\/{rel}","templated":true}]}}