{"id":11109,"date":"2022-08-06T13:24:28","date_gmt":"2022-08-06T12:24:28","guid":{"rendered":"http:\/\/www.auzouvillesurry.fr\/wordpress\/?page_id=11109"},"modified":"2022-11-02T19:58:58","modified_gmt":"2022-11-02T18:58:58","slug":"actes-administratifs","status":"publish","type":"page","link":"https:\/\/www.auzouvillesurry.fr\/wordpress\/actes-administratifs\/","title":{"rendered":"Actes administratifs"},"content":{"rendered":"<p>A compter du 1er juillet 2022, la Commune publie ici&nbsp;les Arr\u00eat\u00e9s Municipaux par voie \u00e9lectronique.<br \/>Les arr\u00eat\u00e9s municipaux non mis en ligne concernent le personnel communal ou des mesures r\u00e9glementaires&nbsp;d\u2019ordre personnel.<\/p>\n\n\n<p><a href=\"https:\/\/www.auzouvillesurry.fr\/wordpress\/?page_id=11112\" rel=\"noreferrer noopener\">Les arr\u00eat\u00e9s d&rsquo;urbanisme<\/a><\/p>\n\n\n\n<p><a href=\"https:\/\/www.auzouvillesurry.fr\/wordpress\/?page_id=11115\" rel=\"noreferrer noopener\">Les arr\u00eat\u00e9s de voirie et domaine public<\/a><\/p>\n","protected":false},"excerpt":{"rendered":"<p>A compter du 1er juillet 2022, la Commune publie ici&nbsp;les Arr\u00eat\u00e9s Municipaux par voie \u00e9lectronique.Les arr\u00eat\u00e9s municipaux non mis en ligne concernent le personnel communal ou des mesures r\u00e9glementaires&nbsp;d\u2019ordre personnel. Les arr\u00eat\u00e9s d&rsquo;urbanisme Les arr\u00eat\u00e9s de voirie et domaine public<\/p>\n","protected":false},"author":1,"featured_media":0,"parent":0,"menu_order":0,"comment_status":"closed","ping_status":"closed","template":"","meta":{"ngg_post_thumbnail":0,"footnotes":""},"class_list":["post-11109","page","type-page","status-publish","hentry"],"_links":{"self":[{"href":"https:\/\/www.auzouvillesurry.fr\/wordpress\/wp-json\/wp\/v2\/pages\/11109","targetHints":{"allow":["GET"]}}],"collection":[{"href":"https:\/\/www.auzouvillesurry.fr\/wordpress\/wp-json\/wp\/v2\/pages"}],"about":[{"href":"https:\/\/www.auzouvillesurry.fr\/wordpress\/wp-json\/wp\/v2\/types\/page"}],"author":[{"embeddable":true,"href":"https:\/\/www.auzouvillesurry.fr\/wordpress\/wp-json\/wp\/v2\/users\/1"}],"replies":[{"embeddable":true,"href":"https:\/\/www.auzouvillesurry.fr\/wordpress\/wp-json\/wp\/v2\/comments?post=11109"}],"version-history":[{"count":7,"href":"https:\/\/www.auzouvillesurry.fr\/wordpress\/wp-json\/wp\/v2\/pages\/11109\/revisions"}],"predecessor-version":[{"id":11285,"href":"https:\/\/www.auzouvillesurry.fr\/wordpress\/wp-json\/wp\/v2\/pages\/11109\/revisions\/11285"}],"wp:attachment":[{"href":"https:\/\/www.auzouvillesurry.fr\/wordpress\/wp-json\/wp\/v2\/media?parent=11109"}],"curies":[{"name":"wp","href":"https:\/\/api.w.org\/{rel}","templated":true}]}}