{"id":11067,"date":"2022-05-01T19:32:23","date_gmt":"2022-05-01T18:32:23","guid":{"rendered":"http:\/\/www.auzouvillesurry.fr\/wordpress\/?page_id=11067"},"modified":"2022-05-01T19:32:25","modified_gmt":"2022-05-01T18:32:25","slug":"promenade-au-crepuscule-2022","status":"publish","type":"page","link":"https:\/\/www.auzouvillesurry.fr\/wordpress\/promenade-au-crepuscule-2022\/","title":{"rendered":"Promenade au cr\u00e9puscule 2022"},"content":{"rendered":"<p>Le temps \u00e9tait de la partie ce vendredi 29 avril, pr\u00e8s d&rsquo;une centaine de marcheurs \u00e9taient au rendez-vous de cette promenade qui s&rsquo;est achev\u00e9e \u00e0 la salle polyvalente autour d&rsquo;une soupe \u00e0 l&rsquo;oignon.<br \/>\nProchain rendez-vous au printemps 2024.<\/p>\n\n\n<p><\/p><p><\/p><p><\/p><p><\/p>ngg_shortcode_0_placeholder","protected":false},"excerpt":{"rendered":"<p>Le temps \u00e9tait de la partie ce vendredi 29 avril, pr\u00e8s d&rsquo;une centaine de marcheurs \u00e9taient au rendez-vous de cette promenade qui s&rsquo;est achev\u00e9e \u00e0 la salle polyvalente autour d&rsquo;une soupe \u00e0 l&rsquo;oignon. Prochain rendez-vous au printemps 2024.<\/p>\n","protected":false},"author":1,"featured_media":0,"parent":0,"menu_order":0,"comment_status":"closed","ping_status":"closed","template":"","meta":{"ngg_post_thumbnail":0,"iawp_total_views":0,"footnotes":""},"class_list":["post-11067","page","type-page","status-publish","hentry"],"_links":{"self":[{"href":"https:\/\/www.auzouvillesurry.fr\/wordpress\/wp-json\/wp\/v2\/pages\/11067","targetHints":{"allow":["GET"]}}],"collection":[{"href":"https:\/\/www.auzouvillesurry.fr\/wordpress\/wp-json\/wp\/v2\/pages"}],"about":[{"href":"https:\/\/www.auzouvillesurry.fr\/wordpress\/wp-json\/wp\/v2\/types\/page"}],"author":[{"embeddable":true,"href":"https:\/\/www.auzouvillesurry.fr\/wordpress\/wp-json\/wp\/v2\/users\/1"}],"replies":[{"embeddable":true,"href":"https:\/\/www.auzouvillesurry.fr\/wordpress\/wp-json\/wp\/v2\/comments?post=11067"}],"version-history":[{"count":2,"href":"https:\/\/www.auzouvillesurry.fr\/wordpress\/wp-json\/wp\/v2\/pages\/11067\/revisions"}],"predecessor-version":[{"id":11080,"href":"https:\/\/www.auzouvillesurry.fr\/wordpress\/wp-json\/wp\/v2\/pages\/11067\/revisions\/11080"}],"wp:attachment":[{"href":"https:\/\/www.auzouvillesurry.fr\/wordpress\/wp-json\/wp\/v2\/media?parent=11067"}],"curies":[{"name":"wp","href":"https:\/\/api.w.org\/{rel}","templated":true}]}}