{"id":11,"date":"2014-10-28T19:09:54","date_gmt":"2014-10-28T18:09:54","guid":{"rendered":"http:\/\/www.auzouvillesurry.fr\/wordpress\/?page_id=11"},"modified":"2024-11-04T17:05:23","modified_gmt":"2024-11-04T16:05:23","slug":"mission-locale","status":"publish","type":"page","link":"https:\/\/www.auzouvillesurry.fr\/wordpress\/intercommunalite\/mission-locale\/","title":{"rendered":"Mission locale"},"content":{"rendered":"<div class=\"entry-content\">\n<p><a href=\"https:\/\/www.auzouvillesurry.fr\/wordpress\/wp-content\/uploads\/2024\/11\/ML-Horizontal-2048x652-1.png\"><img loading=\"lazy\" decoding=\"async\" class=\"aligncenter wp-image-13172 size-full\" src=\"https:\/\/www.auzouvillesurry.fr\/wordpress\/wp-content\/uploads\/2024\/11\/ML-Horizontal-2048x652-1.png\" alt=\"\" width=\"2048\" height=\"652\" srcset=\"https:\/\/www.auzouvillesurry.fr\/wordpress\/wp-content\/uploads\/2024\/11\/ML-Horizontal-2048x652-1.png 2048w, https:\/\/www.auzouvillesurry.fr\/wordpress\/wp-content\/uploads\/2024\/11\/ML-Horizontal-2048x652-1-300x96.png 300w, https:\/\/www.auzouvillesurry.fr\/wordpress\/wp-content\/uploads\/2024\/11\/ML-Horizontal-2048x652-1-1024x326.png 1024w, https:\/\/www.auzouvillesurry.fr\/wordpress\/wp-content\/uploads\/2024\/11\/ML-Horizontal-2048x652-1-768x245.png 768w, https:\/\/www.auzouvillesurry.fr\/wordpress\/wp-content\/uploads\/2024\/11\/ML-Horizontal-2048x652-1-1536x489.png 1536w, https:\/\/www.auzouvillesurry.fr\/wordpress\/wp-content\/uploads\/2024\/11\/ML-Horizontal-2048x652-1-1320x420.png 1320w\" sizes=\"auto, (max-width: 2048px) 100vw, 2048px\" \/><\/a><\/p>\n<p><strong>Repr\u00e9sentant de la commune<br \/>\nAnnie JEGAT, Fran\u00e7oise&nbsp;DESOMBRE, Annick&nbsp;GUERARD (suppl\u00e9ante)<\/strong><\/p>\n<p align=\"JUSTIFY\">La mission locale est un espace d\u2019intervention au service des jeunes. Chaque jeune accueilli b\u00e9n\u00e9ficie d\u2019un suivi personnalis\u00e9 dans le cadre de ses d\u00e9marches. Les structures d\u2019accueil doivent apporter des r\u00e9ponses aux questions d\u2019emploi, de formation mais aussi sur le logement ou la sant\u00e9.<\/p>\n<p align=\"JUSTIFY\">Chaque jeune, selon son niveau, ses besoins, ses difficult\u00e9s peut b\u00e9n\u00e9ficier de r\u00e9ponses individualis\u00e9es pour d\u00e9finir son objectif professionnel et les \u00e9tapes de sa r\u00e9alisation, pour \u00e9tablir son projet de formation et l\u2019accomplir, pour acc\u00e9der \u00e0 l\u2019emploi et s\u2019y maintenir.<\/p>\n<p align=\"JUSTIFY\">Assurer des fonctions d\u2019accueil, d\u2019information, d\u2019orientation et d\u2019accompagnement pour aider les jeunes de 16 \u00e0 25 ans \u00e0 r\u00e9soudre l\u2019ensemble des probl\u00e8mes que pose leur insertion sociale et professionnelle.<\/p>\n<p align=\"JUSTIFY\">\u00ab&nbsp;Les missions locales<em> sont la pour vous apporter des r\u00e9ponses aux questions d\u2019emploi, de formation mais aussi sur le logement ou la sant\u00e9.<\/em>\u00ab<\/p>\n<h3 class=\"western\">Adresse<\/h3>\n<ul>\n<li>33 avenue Champlain<\/li>\n<li>76100 ROUEN<\/li>\n<\/ul>\n<h3 class=\"western\">Contact<\/h3>\n<ul>\n<li><strong>Telephone: <\/strong>02 32 81 63 70<\/li>\n<li><strong>Site web: <\/strong><a href=\"https:\/\/missionlocalerouen.fr\/contact\/\" target=\"_blank\" rel=\"noopener nofollow\" class=\"external external_icon\">mission-locale-rouen.com<\/a><\/li>\n<\/ul>\n<\/div>\n","protected":false},"excerpt":{"rendered":"<p>Repr\u00e9sentant de la commune Annie JEGAT, Fran\u00e7oise&nbsp;DESOMBRE, Annick&nbsp;GUERARD (suppl\u00e9ante) La mission locale est un espace d\u2019intervention au service des jeunes. Chaque jeune accueilli b\u00e9n\u00e9ficie d\u2019un suivi personnalis\u00e9 dans le cadre de ses d\u00e9marches. Les structures d\u2019accueil doivent apporter des r\u00e9ponses aux questions d\u2019emploi, de formation mais aussi sur le logement ou la sant\u00e9. Chaque jeune, [&hellip;]<\/p>\n","protected":false},"author":1,"featured_media":0,"parent":284,"menu_order":8,"comment_status":"closed","ping_status":"closed","template":"","meta":{"ngg_post_thumbnail":0,"iawp_total_views":1,"footnotes":""},"class_list":["post-11","page","type-page","status-publish","hentry"],"_links":{"self":[{"href":"https:\/\/www.auzouvillesurry.fr\/wordpress\/wp-json\/wp\/v2\/pages\/11","targetHints":{"allow":["GET"]}}],"collection":[{"href":"https:\/\/www.auzouvillesurry.fr\/wordpress\/wp-json\/wp\/v2\/pages"}],"about":[{"href":"https:\/\/www.auzouvillesurry.fr\/wordpress\/wp-json\/wp\/v2\/types\/page"}],"author":[{"embeddable":true,"href":"https:\/\/www.auzouvillesurry.fr\/wordpress\/wp-json\/wp\/v2\/users\/1"}],"replies":[{"embeddable":true,"href":"https:\/\/www.auzouvillesurry.fr\/wordpress\/wp-json\/wp\/v2\/comments?post=11"}],"version-history":[{"count":11,"href":"https:\/\/www.auzouvillesurry.fr\/wordpress\/wp-json\/wp\/v2\/pages\/11\/revisions"}],"predecessor-version":[{"id":13173,"href":"https:\/\/www.auzouvillesurry.fr\/wordpress\/wp-json\/wp\/v2\/pages\/11\/revisions\/13173"}],"up":[{"embeddable":true,"href":"https:\/\/www.auzouvillesurry.fr\/wordpress\/wp-json\/wp\/v2\/pages\/284"}],"wp:attachment":[{"href":"https:\/\/www.auzouvillesurry.fr\/wordpress\/wp-json\/wp\/v2\/media?parent=11"}],"curies":[{"name":"wp","href":"https:\/\/api.w.org\/{rel}","templated":true}]}}