{"id":1095,"date":"2015-04-16T19:33:10","date_gmt":"2015-04-16T18:33:10","guid":{"rendered":"http:\/\/www.auzouvillesurry.fr\/wordpress\/?page_id=1095"},"modified":"2016-02-04T21:04:19","modified_gmt":"2016-02-04T20:04:19","slug":"aux-fil-des-ans","status":"publish","type":"page","link":"https:\/\/www.auzouvillesurry.fr\/wordpress\/histoire-et-patrimoine\/aux-fil-des-ans\/","title":{"rendered":"Au fil des ans"},"content":{"rendered":"<p>Vous retrouverez ici d&rsquo;anciennes photos de notre village.<br \/>\nSi vous poss\u00e9dez d&rsquo;anciennes photographies ou d&rsquo;anciens documents, confiez les nous. ils vous seront rendus apr\u00e8s num\u00e9risation. ils enrichiront cette rubrique.<\/p>ngg_shortcode_0_placeholder","protected":false},"excerpt":{"rendered":"<p>Vous retrouverez ici d&rsquo;anciennes photos de notre village. Si vous poss\u00e9dez d&rsquo;anciennes photographies ou d&rsquo;anciens documents, confiez les nous. ils vous seront rendus apr\u00e8s num\u00e9risation. ils enrichiront cette rubrique.<\/p>\n","protected":false},"author":1,"featured_media":0,"parent":287,"menu_order":3,"comment_status":"closed","ping_status":"open","template":"","meta":{"ngg_post_thumbnail":0,"iawp_total_views":3,"footnotes":""},"class_list":["post-1095","page","type-page","status-publish","hentry"],"_links":{"self":[{"href":"https:\/\/www.auzouvillesurry.fr\/wordpress\/wp-json\/wp\/v2\/pages\/1095","targetHints":{"allow":["GET"]}}],"collection":[{"href":"https:\/\/www.auzouvillesurry.fr\/wordpress\/wp-json\/wp\/v2\/pages"}],"about":[{"href":"https:\/\/www.auzouvillesurry.fr\/wordpress\/wp-json\/wp\/v2\/types\/page"}],"author":[{"embeddable":true,"href":"https:\/\/www.auzouvillesurry.fr\/wordpress\/wp-json\/wp\/v2\/users\/1"}],"replies":[{"embeddable":true,"href":"https:\/\/www.auzouvillesurry.fr\/wordpress\/wp-json\/wp\/v2\/comments?post=1095"}],"version-history":[{"count":4,"href":"https:\/\/www.auzouvillesurry.fr\/wordpress\/wp-json\/wp\/v2\/pages\/1095\/revisions"}],"predecessor-version":[{"id":4164,"href":"https:\/\/www.auzouvillesurry.fr\/wordpress\/wp-json\/wp\/v2\/pages\/1095\/revisions\/4164"}],"up":[{"embeddable":true,"href":"https:\/\/www.auzouvillesurry.fr\/wordpress\/wp-json\/wp\/v2\/pages\/287"}],"wp:attachment":[{"href":"https:\/\/www.auzouvillesurry.fr\/wordpress\/wp-json\/wp\/v2\/media?parent=1095"}],"curies":[{"name":"wp","href":"https:\/\/api.w.org\/{rel}","templated":true}]}}