{"id":10477,"date":"2021-02-19T18:45:21","date_gmt":"2021-02-19T17:45:21","guid":{"rendered":"http:\/\/www.auzouvillesurry.fr\/wordpress\/?page_id=10477"},"modified":"2026-03-23T11:57:12","modified_gmt":"2026-03-23T10:57:12","slug":"contact-2","status":"publish","type":"page","link":"https:\/\/www.auzouvillesurry.fr\/wordpress\/contact-2\/","title":{"rendered":"Contact"},"content":{"rendered":"\n<p><\/p>\n\n\n\n<p class=\"has-text-align-center\">Le Secr\u00e9tariat de mairie est ouvert<br \/><strong>Mardi de 9 h \u00e0 11 h et de 17h30 \u00e0 19 heures<br \/>Jeudi de 17h30 \u00e0 19 heures<br \/>Samedi de 10 h \u00e0 12 h<\/strong><\/p>\n\n\n\n<p class=\"has-text-align-center\">Adresse postale:<strong> Mairie d&rsquo;Auzouville sur Ry<br \/>84 chemin de la c\u00f4te<br \/>76116 AUZOUVILLE SUR RY<\/strong><\/p>\n\n\n\n<p class=\"has-text-align-center\"><strong>T\u00e9l\u00e9phone : 02 35 23 40 67<\/strong><\/p>\n\n\n\n<p class=\"has-text-align-center\"><strong>Site internet:<\/strong> <a href=\"http:\/\/www.auzouvillesurry.fr\">http:\/\/www.auzouvillesurry.fr<\/a><\/p>\n\n\n\n<p class=\"has-text-align-center\"><strong>Courriel :<\/strong> <a href=\"mailto:mairie@auzouvillesurry.fr\">mairie@auzouvillesurry.fr<\/a><\/p>\n\n\n\n<p class=\"has-text-align-center\"><strong>En cas d&rsquo;urgence<\/strong> contacter Madame le Maire au <\/p>\n\n\n\n<p class=\"has-text-align-center\">L&rsquo;actualit\u00e9 en direct sur votre smartphone avec l&rsquo;application Illiwap <\/p>\n\n\n<div class=\"wp-block-image\">\n<figure class=\"aligncenter is-resized\"><img loading=\"lazy\" decoding=\"async\" src=\"https:\/\/www.auzouvillesurry.fr\/wordpress\/wp-content\/uploads\/2021\/02\/illiwap.png\" alt=\"\" class=\"wp-image-10480\" width=\"106\" height=\"55\"\/><\/figure>\n<\/div>\n\n\n<p class=\"has-text-align-center\"><strong>Envoyer un message <\/strong><br \/><div class=\"wpforms-container wpforms-container-full\" id=\"wpforms-11691\"><form id=\"wpforms-form-11691\" class=\"wpforms-validate wpforms-form wpforms-ajax-form\" data-formid=\"11691\" method=\"post\" enctype=\"multipart\/form-data\" action=\"\/wordpress\/wp-json\/wp\/v2\/pages\/10477\" data-token=\"14de22b98cc781440681480b1fecb5cc\" data-token-time=\"1776411319\"><noscript class=\"wpforms-error-noscript\">Veuillez activer JavaScript dans votre navigateur pour remplir ce formulaire.<\/noscript><div class=\"wpforms-field-container\"><div id=\"wpforms-11691-field_0-container\" class=\"wpforms-field wpforms-field-name\" data-field-id=\"0\"><label class=\"wpforms-field-label\">Nom <span class=\"wpforms-required-label\">*<\/span><\/label><div class=\"wpforms-field-row wpforms-field-medium\"><div class=\"wpforms-field-row-block wpforms-first wpforms-one-half\"><input type=\"text\" id=\"wpforms-11691-field_0\" class=\"wpforms-field-name-first wpforms-field-required\" name=\"wpforms[fields][0][first]\" required><label for=\"wpforms-11691-field_0\" class=\"wpforms-field-sublabel after\">Pr\u00e9nom<\/label><\/div><div class=\"wpforms-field-row-block wpforms-one-half\"><input type=\"text\" id=\"wpforms-11691-field_0-last\" class=\"wpforms-field-name-last wpforms-field-required\" name=\"wpforms[fields][0][last]\" required><label for=\"wpforms-11691-field_0-last\" class=\"wpforms-field-sublabel after\">Nom<\/label><\/div><\/div><\/div><div id=\"wpforms-11691-field_1-container\" class=\"wpforms-field wpforms-field-email\" data-field-id=\"1\"><label class=\"wpforms-field-label\" for=\"wpforms-11691-field_1\">E-mail <span class=\"wpforms-required-label\">*<\/span><\/label><input type=\"email\" id=\"wpforms-11691-field_1\" class=\"wpforms-field-medium wpforms-field-required\" name=\"wpforms[fields][1]\" spellcheck=\"false\" required><\/div><div id=\"wpforms-11691-field_2-container\" class=\"wpforms-field wpforms-field-textarea\" data-field-id=\"2\"><label class=\"wpforms-field-label\" for=\"wpforms-11691-field_2\">Commentaire ou message<\/label><textarea id=\"wpforms-11691-field_2\" class=\"wpforms-field-medium\" name=\"wpforms[fields][2]\" ><\/textarea><\/div><\/div><!-- .wpforms-field-container --><div class=\"wpforms-recaptcha-container wpforms-is-recaptcha wpforms-is-recaptcha-type-v2\" ><div class=\"g-recaptcha\" data-sitekey=\"6LdpTAwlAAAAAFRh7_xrjqdADuk4ILVqu3Ct2OKy\"><\/div><input type=\"text\" name=\"g-recaptcha-hidden\" class=\"wpforms-recaptcha-hidden\" style=\"position:absolute!important;clip:rect(0,0,0,0)!important;height:1px!important;width:1px!important;border:0!important;overflow:hidden!important;padding:0!important;margin:0!important;\" data-rule-recaptcha=\"1\"><\/div><div class=\"wpforms-submit-container\" ><input type=\"hidden\" name=\"wpforms[id]\" value=\"11691\"><input type=\"hidden\" name=\"page_title\" value=\"\"><input type=\"hidden\" name=\"page_url\" value=\"https:\/\/www.auzouvillesurry.fr\/wordpress\/wp-json\/wp\/v2\/pages\/10477\"><input type=\"hidden\" name=\"url_referer\" value=\"\"><button type=\"submit\" name=\"wpforms[submit]\" id=\"wpforms-submit-11691\" class=\"wpforms-submit\" data-alt-text=\"Envoi...\" data-submit-text=\"Envoyer\" aria-live=\"assertive\" value=\"wpforms-submit\">Envoyer<\/button><img loading=\"lazy\" decoding=\"async\" src=\"https:\/\/www.auzouvillesurry.fr\/wordpress\/wp-content\/plugins\/wpforms-lite\/assets\/images\/submit-spin.svg\" class=\"wpforms-submit-spinner\" style=\"display: none;\" width=\"26\" height=\"26\" alt=\"Chargement en cours\"><\/div><\/form><\/div>  <!-- .wpforms-container --><\/p>\n\n\n\n<p><\/p>\n","protected":false},"excerpt":{"rendered":"<p>Le Secr\u00e9tariat de mairie est ouvertMardi de 9 h \u00e0 11 h et de 17h30 \u00e0 19 heuresJeudi de 17h30 \u00e0 19 heuresSamedi de 10 h \u00e0 12 h Adresse postale: Mairie d&rsquo;Auzouville sur Ry84 chemin de la c\u00f4te76116 AUZOUVILLE SUR RY T\u00e9l\u00e9phone : 02 35 23 40 67 Site internet: http:\/\/www.auzouvillesurry.fr Courriel : mairie@auzouvillesurry.fr [&hellip;]<\/p>\n","protected":false},"author":1,"featured_media":0,"parent":0,"menu_order":0,"comment_status":"closed","ping_status":"closed","template":"","meta":{"ngg_post_thumbnail":0,"footnotes":""},"class_list":["post-10477","page","type-page","status-publish","hentry"],"_links":{"self":[{"href":"https:\/\/www.auzouvillesurry.fr\/wordpress\/wp-json\/wp\/v2\/pages\/10477","targetHints":{"allow":["GET"]}}],"collection":[{"href":"https:\/\/www.auzouvillesurry.fr\/wordpress\/wp-json\/wp\/v2\/pages"}],"about":[{"href":"https:\/\/www.auzouvillesurry.fr\/wordpress\/wp-json\/wp\/v2\/types\/page"}],"author":[{"embeddable":true,"href":"https:\/\/www.auzouvillesurry.fr\/wordpress\/wp-json\/wp\/v2\/users\/1"}],"replies":[{"embeddable":true,"href":"https:\/\/www.auzouvillesurry.fr\/wordpress\/wp-json\/wp\/v2\/comments?post=10477"}],"version-history":[{"count":15,"href":"https:\/\/www.auzouvillesurry.fr\/wordpress\/wp-json\/wp\/v2\/pages\/10477\/revisions"}],"predecessor-version":[{"id":13748,"href":"https:\/\/www.auzouvillesurry.fr\/wordpress\/wp-json\/wp\/v2\/pages\/10477\/revisions\/13748"}],"wp:attachment":[{"href":"https:\/\/www.auzouvillesurry.fr\/wordpress\/wp-json\/wp\/v2\/media?parent=10477"}],"curies":[{"name":"wp","href":"https:\/\/api.w.org\/{rel}","templated":true}]}}