{"id":10431,"date":"2021-02-03T20:25:19","date_gmt":"2021-02-03T19:25:19","guid":{"rendered":"http:\/\/www.auzouvillesurry.fr\/wordpress\/?page_id=10431"},"modified":"2022-10-16T15:37:52","modified_gmt":"2022-10-16T14:37:52","slug":"mais-quel-metier-faisaient-ils","status":"publish","type":"page","link":"https:\/\/www.auzouvillesurry.fr\/wordpress\/histoire-et-patrimoine\/une-histoire-de-mon-village\/mais-quel-metier-faisaient-ils\/","title":{"rendered":"Mais quel m\u00e9tier faisaient-ils\u00a0entre 1841 et 1936?"},"content":{"rendered":"\n<p>Les\ndonn\u00e9es de cet article sont tir\u00e9es des recensements de la\npopulation entre 1841 et 1936 disponibles sur le site des <a href=\"http:\/\/recherche.archivesdepartementales76.net\/?id=recherche_guidee_recensement_detail&amp;doc=accounts%2Fmnesys_ad76%2Fdatas%2Fir%2Fserie_M_administration_generale_economie%2FFRAD076_IR_M_recensements_population.xml&amp;page_ref=21318&amp;unittitle=%20%20%20%20%20%20%20%20%20%20%20%20%20%20%20%20%20%20%20%20%20%20%20%20%20Auzouville-sur-Ry\" class=\"external external_icon\" rel=\"nofollow\" target=\"_blank\">archives\nd\u00e9partementales<\/a>. Ces d\u00e9nombrements de la population, comme ils\n\u00e9taient nomm\u00e9s avaient lieu tous les cinq ans, ce qui fait pour la\np\u00e9riode consid\u00e9r\u00e9 treize documents analys\u00e9s (il n\u2019y a pas de\nrecensement pour les ann\u00e9es 1871, 1886, 1891, 1896, 1911, 1931).<\/p>\n\n\n\n<figure class=\"wp-block-image\"><img loading=\"lazy\" decoding=\"async\" width=\"1024\" height=\"387\" src=\"https:\/\/www.auzouvillesurry.fr\/wordpress\/wp-content\/uploads\/2021\/02\/image-1024x387.png\" alt=\"\" class=\"wp-image-10432\" srcset=\"https:\/\/www.auzouvillesurry.fr\/wordpress\/wp-content\/uploads\/2021\/02\/image-1024x387.png 1024w, https:\/\/www.auzouvillesurry.fr\/wordpress\/wp-content\/uploads\/2021\/02\/image-300x113.png 300w, https:\/\/www.auzouvillesurry.fr\/wordpress\/wp-content\/uploads\/2021\/02\/image-768x290.png 768w, https:\/\/www.auzouvillesurry.fr\/wordpress\/wp-content\/uploads\/2021\/02\/image-600x227.png 600w, https:\/\/www.auzouvillesurry.fr\/wordpress\/wp-content\/uploads\/2021\/02\/image.png 1161w\" sizes=\"auto, (max-width: 1024px) 100vw, 1024px\" \/><\/figure>\n\n\n\n<p>L\u2019analyse\ndes diff\u00e9rents m\u00e9tiers exerc\u00e9s par les Auzouvillais n\u2019est pas\ntoujours ais\u00e9 dans la mesure ou les d\u00e9nominations varient d\u2019un\nrecensement \u00e0 l\u2019autre.<\/p>\n\n\n\n<p>On\nrel\u00e8ve plus de\nsoixante m\u00e9tier diff\u00e9rents, t\u00e9moin de la vitalit\u00e9 du village, on\naura ci-apr\u00e8s un aper\u00e7u ni limitatif ni chronologique&nbsp;:<\/p>\n\n\n\n<p><strong>le tonnelier<\/strong> Marcellin Saint Denis, <strong>le ma\u00eetre d\u2019h\u00f4tel<\/strong> Jacques Boitard,  <strong>le peintre<\/strong> Elph\u00e8ge Lesueur, <strong>le marchand de chevaux<\/strong> D\u00e9sir\u00e9 Chevalier, l<strong>e ma\u00eetre de danse<\/strong> Alexis Leroy, <strong>le charpentier<\/strong> Eug\u00e8ne Vivien, <strong>les couvreurs en paille<\/strong> Jacques Gilles et Fr\u00e9deric Filleul, <strong>le couvreur en ardoise<\/strong> Henri Templier,  <strong>le bourrelier<\/strong> Pierre Boulenger, <strong>le tailleur d\u2019habits<\/strong> Elphole Brayer, <strong>l\u2019armurier<\/strong> Th\u00e9odore Plet, <strong>le charron<\/strong> Ferdinand Gautier, <strong>le taupier<\/strong> Philig\u00e8ne Daunou, <strong>le voiturier<\/strong> Jean-Baptiste Mabire, <strong>les ma\u00e7ons<\/strong> Jacques et Louis Honnet, <strong>la modiste<\/strong> Elisa Lepeuple, <strong>le balayeur<\/strong> Napol\u00e9on Chognard, <strong>le r\u00e9mouleur<\/strong> Edouard Bonnerave, <strong>l\u2019entrepreneur de battage<\/strong> L\u00e9on Canuel, <strong>le laitier<\/strong> Emine Manesse, <strong>le b\u00fbcheron<\/strong> Jules Philippe, <strong>la matelassi\u00e8re<\/strong> Albertine Lefran\u00e7ois, <strong>le berger<\/strong> Fran\u00e7ois Neveu, <strong>la chemisi\u00e8re<\/strong> Caroline Leroy, <strong>le palefrenier<\/strong> Alphonse Forget, <strong>le cantonnier<\/strong> Fran\u00e7ois Leroy, <strong>la tricoteuse<\/strong> Ernestine Honnet, <strong>la repasseuse<\/strong> Maria Trubert, le cocher Estime Duval, le grainetier On\u00e9zime Boucher, l<strong>e colporteur<\/strong> Honor\u00e9 Caron, <strong>le taillandier<\/strong> Fran\u00e7ois Lefebvre, le mar\u00e9chal ferrant Pierre Chartier, <strong>le charpentier boulanger<\/strong> Jean-Baptiste Lefebvre, <strong>le tailleur de limes<\/strong> Fran\u00e7ois Lefebvre, <strong>le tourneur sur bois<\/strong> Jacques Gilles, le capitaine de la garde nationale Guillaume Boulenger.<\/p>\n\n\n\n<p>Il y eu aussi un <strong>briquetier<\/strong>, un <strong>coiffeur<\/strong>, un <strong>garde-champ\u00eatre<\/strong>, une <strong>merci\u00e8re,<\/strong> un <strong>serrurier<\/strong>, un <strong>vacher<\/strong>, un <strong>terrassier<\/strong>, une <strong>tisserande<\/strong>, un <strong>menuisier<\/strong>, un <strong>livreur<\/strong>, un <strong>herbager<\/strong>, \u2026.<\/p>\n\n\n\n<p>Et\nquelques m\u00e9tiers inconnus ou fruits d\u2019un recenseur fantaisiste&nbsp;:\n\n<\/p>\n\n\n\n<p>quel \u00e9tait ce m\u00e9tier pratiqu\u00e9 par Georges Lain\u00e9 en 1866: <strong>facteur de liquides<\/strong> <\/p>\n\n\n\n<figure class=\"wp-block-image\"><img loading=\"lazy\" decoding=\"async\" width=\"1024\" height=\"86\" src=\"https:\/\/www.auzouvillesurry.fr\/wordpress\/wp-content\/uploads\/2021\/02\/image-1-1024x86.png\" alt=\"\" class=\"wp-image-10433\" srcset=\"https:\/\/www.auzouvillesurry.fr\/wordpress\/wp-content\/uploads\/2021\/02\/image-1-1024x86.png 1024w, https:\/\/www.auzouvillesurry.fr\/wordpress\/wp-content\/uploads\/2021\/02\/image-1-300x25.png 300w, https:\/\/www.auzouvillesurry.fr\/wordpress\/wp-content\/uploads\/2021\/02\/image-1-768x65.png 768w, https:\/\/www.auzouvillesurry.fr\/wordpress\/wp-content\/uploads\/2021\/02\/image-1-600x50.png 600w, https:\/\/www.auzouvillesurry.fr\/wordpress\/wp-content\/uploads\/2021\/02\/image-1.png 1403w\" sizes=\"auto, (max-width: 1024px) 100vw, 1024px\" \/><\/figure>\n\n\n\n<p>et celui qu\u2019exer\u00e7ait Eug\u00e8ne Barbier en 1876&nbsp;: <strong>couvreur de cylindres<\/strong><\/p>\n\n\n\n<figure class=\"wp-block-image\"><img loading=\"lazy\" decoding=\"async\" width=\"1024\" height=\"119\" src=\"https:\/\/www.auzouvillesurry.fr\/wordpress\/wp-content\/uploads\/2021\/02\/image-2-1024x119.png\" alt=\"\" class=\"wp-image-10434\" srcset=\"https:\/\/www.auzouvillesurry.fr\/wordpress\/wp-content\/uploads\/2021\/02\/image-2-1024x119.png 1024w, https:\/\/www.auzouvillesurry.fr\/wordpress\/wp-content\/uploads\/2021\/02\/image-2-300x35.png 300w, https:\/\/www.auzouvillesurry.fr\/wordpress\/wp-content\/uploads\/2021\/02\/image-2-768x89.png 768w, https:\/\/www.auzouvillesurry.fr\/wordpress\/wp-content\/uploads\/2021\/02\/image-2-600x70.png 600w, https:\/\/www.auzouvillesurry.fr\/wordpress\/wp-content\/uploads\/2021\/02\/image-2.png 1289w\" sizes=\"auto, (max-width: 1024px) 100vw, 1024px\" \/><\/figure>\n\n\n\n<p>en quoi consistait le m\u00e9tier de Fran\u00e7ois Trubert en 1856&nbsp;: <strong>plieur de haies<\/strong><br \/><br \/><\/p>\n\n\n\n<figure class=\"wp-block-image\"><img loading=\"lazy\" decoding=\"async\" width=\"1024\" height=\"142\" src=\"https:\/\/www.auzouvillesurry.fr\/wordpress\/wp-content\/uploads\/2021\/02\/image-3-1024x142.png\" alt=\"\" class=\"wp-image-10435\" srcset=\"https:\/\/www.auzouvillesurry.fr\/wordpress\/wp-content\/uploads\/2021\/02\/image-3-1024x142.png 1024w, https:\/\/www.auzouvillesurry.fr\/wordpress\/wp-content\/uploads\/2021\/02\/image-3-300x42.png 300w, https:\/\/www.auzouvillesurry.fr\/wordpress\/wp-content\/uploads\/2021\/02\/image-3-768x107.png 768w, https:\/\/www.auzouvillesurry.fr\/wordpress\/wp-content\/uploads\/2021\/02\/image-3-600x83.png 600w, https:\/\/www.auzouvillesurry.fr\/wordpress\/wp-content\/uploads\/2021\/02\/image-3.png 1381w\" sizes=\"auto, (max-width: 1024px) 100vw, 1024px\" \/><\/figure>\n\n\n\n<p><\/p><p><\/p><p><\/p><p> <strong>Marneur<\/strong> ouvrier qui r\u00e9pand la marne sur les terres \u00e0 labourer; ouvrier qui travaille dans une marni\u00e8re.<br \/> <strong><a href=\"https:\/\/www.auzouvillesurry.fr\/wordpress\/wp-content\/uploads\/2022\/10\/tailleur-de-limes.pdf\" target=\"_blank\" rel=\"noreferrer noopener\" aria-label=\" (s\u2019ouvre dans un nouvel onglet)\">Tailleur de limes,<\/a><\/strong> autrefois les limes \u00e9taient enti\u00e8rement taill\u00e9es \u00e0 la main, dent par dent, dans des ateliers.<br \/> <strong>Piqueur<\/strong> ouvrier taillait les limes ou piquait les r\u00e2pes.<br \/> <strong>Desservant<\/strong> personne qui assure le service de la paroisse.<br \/> <strong>Bourrelier<\/strong> travaille la bourre et le cuir afin de r\u00e9aliser des pi\u00e8ces d&rsquo;attelage pour le travail des chevaux.<br \/> <strong>Taillandier<\/strong> fabrique des outils tranchants, on parlait jadis du \u00ab taillant \u00bb d&rsquo;un outil, tels que ciseaux, cisailles, haches, serpes.<br \/> <strong>Taupier<\/strong> preneur de taupes employ\u00e9 \u00e0 chasser, d\u00e9truire les taupes dans les terrains envahis par les taupini\u00e8res.<br \/> <strong>Couvreur en paille<\/strong> r\u00e9alisait des couvertures en paille de bl\u00e9, de seigle ou de roseaux.<br \/> <strong>Charron<\/strong> artisan sp\u00e9cialiste du bois et du m\u00e9tal. Il concevait, fabriquait, entretenait ou adaptait, r\u00e9parait les v\u00e9hicules avant la motorisation.<br \/> <strong>Modiste<\/strong> cr\u00e9ateur de&nbsp;chapeaux.<br \/> <strong>R\u00e9mouleur<\/strong> personne qui pratique l&rsquo;aff\u00fbtage des ustensiles coupants et tranchants du m\u00e9nage, des jardiniers, des agriculteurs sur une petite meule ambulante.<br \/> <strong>Matelassier<\/strong> qui fait ou r\u00e9pare des matelas.<br \/> <strong>Palefrenier<\/strong> employ\u00e9 charg\u00e9 de s&rsquo;occuper des chevaux.<br \/> <strong>Colporteur<\/strong> vendeur ambulant transportant avec lui ses marchandises par les villes et villages.<br \/> <strong>Mar\u00e9chal ferrant<\/strong> artisan dont le m\u00e9tier consiste \u00e0 ferrer les pieds des chevaux et autres \u00e9quid\u00e9s et \u00e0 s&rsquo;occuper de leur parage.<\/p><br \/>\n\n\n<p><\/p>\n","protected":false},"excerpt":{"rendered":"<p>Les donn\u00e9es de cet article sont tir\u00e9es des recensements de la population entre 1841 et 1936 disponibles sur le site des archives d\u00e9partementales. Ces d\u00e9nombrements de la population, comme ils \u00e9taient nomm\u00e9s avaient lieu tous les cinq ans, ce qui fait pour la p\u00e9riode consid\u00e9r\u00e9 treize documents analys\u00e9s (il n\u2019y a pas de recensement pour [&hellip;]<\/p>\n","protected":false},"author":1,"featured_media":0,"parent":5520,"menu_order":0,"comment_status":"closed","ping_status":"closed","template":"","meta":{"ngg_post_thumbnail":0,"footnotes":""},"class_list":["post-10431","page","type-page","status-publish","hentry"],"_links":{"self":[{"href":"https:\/\/www.auzouvillesurry.fr\/wordpress\/wp-json\/wp\/v2\/pages\/10431","targetHints":{"allow":["GET"]}}],"collection":[{"href":"https:\/\/www.auzouvillesurry.fr\/wordpress\/wp-json\/wp\/v2\/pages"}],"about":[{"href":"https:\/\/www.auzouvillesurry.fr\/wordpress\/wp-json\/wp\/v2\/types\/page"}],"author":[{"embeddable":true,"href":"https:\/\/www.auzouvillesurry.fr\/wordpress\/wp-json\/wp\/v2\/users\/1"}],"replies":[{"embeddable":true,"href":"https:\/\/www.auzouvillesurry.fr\/wordpress\/wp-json\/wp\/v2\/comments?post=10431"}],"version-history":[{"count":8,"href":"https:\/\/www.auzouvillesurry.fr\/wordpress\/wp-json\/wp\/v2\/pages\/10431\/revisions"}],"predecessor-version":[{"id":11264,"href":"https:\/\/www.auzouvillesurry.fr\/wordpress\/wp-json\/wp\/v2\/pages\/10431\/revisions\/11264"}],"up":[{"embeddable":true,"href":"https:\/\/www.auzouvillesurry.fr\/wordpress\/wp-json\/wp\/v2\/pages\/5520"}],"wp:attachment":[{"href":"https:\/\/www.auzouvillesurry.fr\/wordpress\/wp-json\/wp\/v2\/media?parent=10431"}],"curies":[{"name":"wp","href":"https:\/\/api.w.org\/{rel}","templated":true}]}}