{"id":10392,"date":"2021-01-08T10:56:24","date_gmt":"2021-01-08T09:56:24","guid":{"rendered":"http:\/\/www.auzouvillesurry.fr\/wordpress\/?page_id=10392"},"modified":"2021-01-08T11:03:48","modified_gmt":"2021-01-08T10:03:48","slug":"1906-la-fin-des-chantepleuriers","status":"publish","type":"page","link":"https:\/\/www.auzouvillesurry.fr\/wordpress\/histoire-et-patrimoine\/les-chantepleuriers\/1906-la-fin-des-chantepleuriers\/","title":{"rendered":"1906 la fin des chantepleuriers"},"content":{"rendered":"\n<p class=\"has-small-font-size\">Les\ndonn\u00e9es qui servent \u00e0 la r\u00e9daction de cet article sont tir\u00e9es des\nrecensements\nde la population entre\n1841 et 1936 disponibles\nsur le site des <a href=\"http:\/\/recherche.archivesdepartementales76.net\/?id=recherche_guidee_recensement_detail&amp;doc=accounts%2Fmnesys_ad76%2Fdatas%2Fir%2Fserie_M_administration_generale_economie%2FFRAD076_IR_M_recensements_population.xml&amp;page_ref=21318&amp;unittitle=%20%20%20%20%20%20%20%20%20%20%20%20%20%20%20%20%20%20%20%20%20%20%20%20%20Auzouville-sur-Ry\" class=\"external external_icon\" rel=\"nofollow\" target=\"_blank\">archives\nd\u00e9partementales<\/a>.<\/p>\n\n\n\n<p>Les chantepleuriers ne sont identifi\u00e9s comme tel qu\u2019en 1841 ensuite ils seront rep\u00e9r\u00e9s en tant que fondeur de cuivre. Ils sont r\u00e9partis que toute la commune exception faite de la grange du Chemin. Le d\u00e9clin de cette profession intervient partir de 1861, \u00e9poque \u00e0 laquelle apparaissent les premiers emplois dans les filatures de la vall\u00e9e de l\u2019Andelle. C\u2019est en 1906 que sont recens\u00e9s les derniers chantepleuriers, il en sera d\u00e9nombr\u00e9 8 : Paulin Edeline 42 ans (le centre), Georges Edeline 51 ans (rue Morel), Albert Vigneux 13 ans (le Thil), Dieudonn\u00e9 Delesques 64 ans (le Thil), tous quatre travaillant pour Louis Joulin 28 ans (rue Morel). William Edeline 56 ans (les Lesques) travaillant pour Arcade Caron 70 ans (rue Morel). Florentin Lefebvre 66 ans (les Lesques). <\/p>\n\n\n\n<p><\/p>\n\n\n\n<div class=\"wp-block-image\"><figure class=\"aligncenter is-resized\"><img loading=\"lazy\" decoding=\"async\" src=\"https:\/\/www.auzouvillesurry.fr\/wordpress\/wp-content\/uploads\/2021\/01\/les-derniers.png\" alt=\"Montage d'extrait du recensement de 1906\" class=\"wp-image-10395\" width=\"678\" height=\"620\" srcset=\"https:\/\/www.auzouvillesurry.fr\/wordpress\/wp-content\/uploads\/2021\/01\/les-derniers.png 653w, https:\/\/www.auzouvillesurry.fr\/wordpress\/wp-content\/uploads\/2021\/01\/les-derniers-300x274.png 300w, https:\/\/www.auzouvillesurry.fr\/wordpress\/wp-content\/uploads\/2021\/01\/les-derniers-600x549.png 600w\" sizes=\"auto, (max-width: 678px) 100vw, 678px\" \/><figcaption>Extrait du recensement de 1906<\/figcaption><\/figure><\/div>\n\n\n\n<p>Comme on peut le constater il n\u2019y a pas de limite d\u2019age \u00e0 l\u2019\u00e9poque ni pour commencer, ni pour arr\u00eater. <\/p>\n\n\n\n<div class=\"wp-block-image\"><figure class=\"aligncenter is-resized\"><img loading=\"lazy\" decoding=\"async\" src=\"https:\/\/www.auzouvillesurry.fr\/wordpress\/wp-content\/uploads\/2021\/01\/image-1.png\" alt=\"Graphique montrant l'\u00e9volution de la profession de chantepleurier\" class=\"wp-image-10394\" width=\"539\" height=\"304\" srcset=\"https:\/\/www.auzouvillesurry.fr\/wordpress\/wp-content\/uploads\/2021\/01\/image-1.png 435w, https:\/\/www.auzouvillesurry.fr\/wordpress\/wp-content\/uploads\/2021\/01\/image-1-300x169.png 300w\" sizes=\"auto, (max-width: 539px) 100vw, 539px\" \/><\/figure><\/div>\n\n\n\n<p><\/p>\n\n\n\n<p> On parle souvent des chantepleuriers mais on oublie souvent une profession compl\u00e9mentaire&nbsp;: mouleur ou plus exactement mouleuse, cette fonction est souvent ex\u00e9cut\u00e9e par des femmes et bien souvent par la femme du chantepleurier. Lors des recensements elle est bien souvent ignor\u00e9e. La derni\u00e8re mouleuse recens\u00e9e fut Victorine Vigneux 67 ans (le Thil) qui travaillait pour Louis Joulin.<\/p>\n\n\n\n<div class=\"wp-block-image\"><figure class=\"aligncenter is-resized\"><img loading=\"lazy\" decoding=\"async\" src=\"https:\/\/www.auzouvillesurry.fr\/wordpress\/wp-content\/uploads\/2021\/01\/image.png\" alt=\"Une chantepleure\" class=\"wp-image-10393\" width=\"244\" height=\"184\" srcset=\"https:\/\/www.auzouvillesurry.fr\/wordpress\/wp-content\/uploads\/2021\/01\/image.png 506w, https:\/\/www.auzouvillesurry.fr\/wordpress\/wp-content\/uploads\/2021\/01\/image-300x226.png 300w\" sizes=\"auto, (max-width: 244px) 100vw, 244px\" \/><\/figure><\/div>\n\n\n\n<p><a href=\"https:\/\/www.auzouvillesurry.fr\/wordpress\/?page_id=92\" target=\"_blank\" rel=\"noreferrer noopener\" aria-label=\"Un autre article sur les chantepleuriers (s\u2019ouvre dans un nouvel onglet)\">Un autre article sur les chantepleuriers<\/a><\/p>\n","protected":false},"excerpt":{"rendered":"<p>Les donn\u00e9es qui servent \u00e0 la r\u00e9daction de cet article sont tir\u00e9es des recensements de la population entre 1841 et 1936 disponibles sur le site des archives d\u00e9partementales. Les chantepleuriers ne sont identifi\u00e9s comme tel qu\u2019en 1841 ensuite ils seront rep\u00e9r\u00e9s en tant que fondeur de cuivre. Ils sont r\u00e9partis que toute la commune exception [&hellip;]<\/p>\n","protected":false},"author":1,"featured_media":0,"parent":92,"menu_order":1,"comment_status":"closed","ping_status":"closed","template":"","meta":{"ngg_post_thumbnail":0,"footnotes":""},"class_list":["post-10392","page","type-page","status-publish","hentry"],"_links":{"self":[{"href":"https:\/\/www.auzouvillesurry.fr\/wordpress\/wp-json\/wp\/v2\/pages\/10392","targetHints":{"allow":["GET"]}}],"collection":[{"href":"https:\/\/www.auzouvillesurry.fr\/wordpress\/wp-json\/wp\/v2\/pages"}],"about":[{"href":"https:\/\/www.auzouvillesurry.fr\/wordpress\/wp-json\/wp\/v2\/types\/page"}],"author":[{"embeddable":true,"href":"https:\/\/www.auzouvillesurry.fr\/wordpress\/wp-json\/wp\/v2\/users\/1"}],"replies":[{"embeddable":true,"href":"https:\/\/www.auzouvillesurry.fr\/wordpress\/wp-json\/wp\/v2\/comments?post=10392"}],"version-history":[{"count":4,"href":"https:\/\/www.auzouvillesurry.fr\/wordpress\/wp-json\/wp\/v2\/pages\/10392\/revisions"}],"predecessor-version":[{"id":10399,"href":"https:\/\/www.auzouvillesurry.fr\/wordpress\/wp-json\/wp\/v2\/pages\/10392\/revisions\/10399"}],"up":[{"embeddable":true,"href":"https:\/\/www.auzouvillesurry.fr\/wordpress\/wp-json\/wp\/v2\/pages\/92"}],"wp:attachment":[{"href":"https:\/\/www.auzouvillesurry.fr\/wordpress\/wp-json\/wp\/v2\/media?parent=10392"}],"curies":[{"name":"wp","href":"https:\/\/api.w.org\/{rel}","templated":true}]}}