{"id":10345,"date":"2020-12-20T21:28:28","date_gmt":"2020-12-20T20:28:28","guid":{"rendered":"http:\/\/www.auzouvillesurry.fr\/wordpress\/?page_id=10345"},"modified":"2020-12-21T08:36:45","modified_gmt":"2020-12-21T07:36:45","slug":"decorations-noel-2020","status":"publish","type":"page","link":"https:\/\/www.auzouvillesurry.fr\/wordpress\/decorations-noel-2020\/","title":{"rendered":"D\u00e9corations No\u00ebl 2020"},"content":{"rendered":"\n<p>Arr\u00eats de bus, carrefours, place du village ont \u00e9t\u00e9 d\u00e9cor\u00e9 avec beaucoup d&rsquo;imagination et de talent par les membres des associations et des habitants. Un grand bravo pour ce rayon de soleil dans le ciel d&rsquo;un No\u00ebl pas comme les autres.<\/p>ngg_shortcode_0_placeholder","protected":false},"excerpt":{"rendered":"<p>Arr\u00eats de bus, carrefours, place du village ont \u00e9t\u00e9 d\u00e9cor\u00e9 avec beaucoup d&rsquo;imagination et de talent par les membres des associations et des habitants. Un grand bravo pour ce rayon de soleil dans le ciel d&rsquo;un No\u00ebl pas comme les autres.<\/p>\n","protected":false},"author":1,"featured_media":0,"parent":0,"menu_order":0,"comment_status":"closed","ping_status":"closed","template":"","meta":{"ngg_post_thumbnail":0,"footnotes":""},"class_list":["post-10345","page","type-page","status-publish","hentry"],"_links":{"self":[{"href":"https:\/\/www.auzouvillesurry.fr\/wordpress\/wp-json\/wp\/v2\/pages\/10345","targetHints":{"allow":["GET"]}}],"collection":[{"href":"https:\/\/www.auzouvillesurry.fr\/wordpress\/wp-json\/wp\/v2\/pages"}],"about":[{"href":"https:\/\/www.auzouvillesurry.fr\/wordpress\/wp-json\/wp\/v2\/types\/page"}],"author":[{"embeddable":true,"href":"https:\/\/www.auzouvillesurry.fr\/wordpress\/wp-json\/wp\/v2\/users\/1"}],"replies":[{"embeddable":true,"href":"https:\/\/www.auzouvillesurry.fr\/wordpress\/wp-json\/wp\/v2\/comments?post=10345"}],"version-history":[{"count":5,"href":"https:\/\/www.auzouvillesurry.fr\/wordpress\/wp-json\/wp\/v2\/pages\/10345\/revisions"}],"predecessor-version":[{"id":10372,"href":"https:\/\/www.auzouvillesurry.fr\/wordpress\/wp-json\/wp\/v2\/pages\/10345\/revisions\/10372"}],"wp:attachment":[{"href":"https:\/\/www.auzouvillesurry.fr\/wordpress\/wp-json\/wp\/v2\/media?parent=10345"}],"curies":[{"name":"wp","href":"https:\/\/api.w.org\/{rel}","templated":true}]}}