{"id":10278,"date":"2020-12-08T20:32:07","date_gmt":"2020-12-08T19:32:07","guid":{"rendered":"http:\/\/www.auzouvillesurry.fr\/wordpress\/?page_id=10278"},"modified":"2021-05-02T14:13:44","modified_gmt":"2021-05-02T13:13:44","slug":"la-disparition-des-pierres-tumulaires","status":"publish","type":"page","link":"https:\/\/www.auzouvillesurry.fr\/wordpress\/la-disparition-des-pierres-tumulaires\/","title":{"rendered":"La disparition des pierres tumulaires"},"content":{"rendered":"\n<p>Sous la r\u00e9volution Louis-Thomas Quesnel (1743-1800), mari de Marie-Th\u00e9r\u00e8se fille de Jean-Charles Delavigne, propri\u00e9taire du ch\u00e2teau des Lesques, ach\u00e8te des biens nationaux et en particulier l\u2019abbaye de l\u2019Isle-Dieu.<br \/>  En 1830 \u00c9douard Quesnel alors Maire d\u2019Auzouville, petit fils de Jean-Charles Delavigne, a r\u00e9cup\u00e9r\u00e9 six pierres tombales grav\u00e9es qu\u2019il a mises \u00e0 l\u2019abri dans l\u2019\u00e9glise d\u2019Auzouville, les deux plus belles ont \u00e9t\u00e9 achet\u00e9es par le mus\u00e9e des antiquit\u00e9s de Rouen, stock\u00e9es dans des r\u00e9serves elles n\u2019ont pas \u00e9t\u00e9 retrouv\u00e9es. Les quatre rest\u00e9es \u00e0 Auzouville ont aussi disparu lors de la pose du carrelage de l\u2019\u00e9glise.<\/p>\n\n\n\n<p><a href=\"http:\/\/www.vascoeuil.fr\/index.php\/historique\/125-abbaye-isle-dieu\" class=\"external external_icon\" rel=\"nofollow\" target=\"_blank\">http:\/\/www.vascoeuil.fr\/index.php\/historique\/125-abbaye-isle-dieu<\/a><\/p>\n\n\n\n<ul class=\"wp-block-gallery columns-3 is-cropped wp-block-gallery-1 is-layout-flex wp-block-gallery-is-layout-flex\"><li class=\"blocks-gallery-item\"><figure><img loading=\"lazy\" decoding=\"async\" width=\"280\" height=\"210\" src=\"https:\/\/www.auzouvillesurry.fr\/wordpress\/wp-content\/uploads\/2020\/12\/ile-dieu-1.jpg\" alt=\"\" data-id=\"10279\" class=\"wp-image-10279\"\/><\/figure><\/li><li class=\"blocks-gallery-item\"><figure><img loading=\"lazy\" decoding=\"async\" width=\"1024\" height=\"768\" src=\"https:\/\/www.auzouvillesurry.fr\/wordpress\/wp-content\/uploads\/2020\/12\/ile-dieu-2-1024x768.jpg\" alt=\"\" data-id=\"10280\" data-link=\"https:\/\/www.auzouvillesurry.fr\/wordpress\/?attachment_id=10280\" class=\"wp-image-10280\" srcset=\"https:\/\/www.auzouvillesurry.fr\/wordpress\/wp-content\/uploads\/2020\/12\/ile-dieu-2.jpg 1024w, https:\/\/www.auzouvillesurry.fr\/wordpress\/wp-content\/uploads\/2020\/12\/ile-dieu-2-300x225.jpg 300w, https:\/\/www.auzouvillesurry.fr\/wordpress\/wp-content\/uploads\/2020\/12\/ile-dieu-2-768x576.jpg 768w, https:\/\/www.auzouvillesurry.fr\/wordpress\/wp-content\/uploads\/2020\/12\/ile-dieu-2-600x450.jpg 600w\" sizes=\"auto, (max-width: 1024px) 100vw, 1024px\" \/><\/figure><\/li><li class=\"blocks-gallery-item\"><figure><img loading=\"lazy\" decoding=\"async\" width=\"281\" height=\"376\" src=\"https:\/\/www.auzouvillesurry.fr\/wordpress\/wp-content\/uploads\/2020\/12\/edouard-quesnel.png\" alt=\"\" data-id=\"10282\" data-link=\"https:\/\/www.auzouvillesurry.fr\/wordpress\/?attachment_id=10282\" class=\"wp-image-10282\" srcset=\"https:\/\/www.auzouvillesurry.fr\/wordpress\/wp-content\/uploads\/2020\/12\/edouard-quesnel.png 281w, https:\/\/www.auzouvillesurry.fr\/wordpress\/wp-content\/uploads\/2020\/12\/edouard-quesnel-224x300.png 224w\" sizes=\"auto, (max-width: 281px) 100vw, 281px\" \/><\/figure><\/li><\/ul>\n\n\n\n<p><strong>Quelques articles relatifs au parcours des dalles tombales<\/strong><\/p>\n\n\n\n<div class=\"wp-block-image\"><figure class=\"aligncenter\"><img loading=\"lazy\" decoding=\"async\" width=\"474\" height=\"271\" src=\"https:\/\/www.auzouvillesurry.fr\/wordpress\/wp-content\/uploads\/2020\/12\/tum2.png\" alt=\"\" class=\"wp-image-10286\" srcset=\"https:\/\/www.auzouvillesurry.fr\/wordpress\/wp-content\/uploads\/2020\/12\/tum2.png 474w, https:\/\/www.auzouvillesurry.fr\/wordpress\/wp-content\/uploads\/2020\/12\/tum2-300x172.png 300w\" sizes=\"auto, (max-width: 474px) 100vw, 474px\" \/><figcaption>S\u00e9ance du 17 octobre 1857<br \/><br \/><\/figcaption><\/figure><\/div>\n\n\n\n<figure class=\"wp-block-image\"><img loading=\"lazy\" decoding=\"async\" width=\"799\" height=\"365\" src=\"https:\/\/www.auzouvillesurry.fr\/wordpress\/wp-content\/uploads\/2021\/05\/4novenbre1858.png\" alt=\"\" class=\"wp-image-10565\" srcset=\"https:\/\/www.auzouvillesurry.fr\/wordpress\/wp-content\/uploads\/2021\/05\/4novenbre1858.png 799w, https:\/\/www.auzouvillesurry.fr\/wordpress\/wp-content\/uploads\/2021\/05\/4novenbre1858-300x137.png 300w, https:\/\/www.auzouvillesurry.fr\/wordpress\/wp-content\/uploads\/2021\/05\/4novenbre1858-768x351.png 768w, https:\/\/www.auzouvillesurry.fr\/wordpress\/wp-content\/uploads\/2021\/05\/4novenbre1858-600x274.png 600w\" sizes=\"auto, (max-width: 799px) 100vw, 799px\" \/><figcaption>Commission des antiquit\u00e9s de la Seine Inf\u00e9rieurs s\u00e9ance du 4 novembre 1858<br \/><br \/><\/figcaption><\/figure>\n\n\n\n<figure class=\"wp-block-image\"><img loading=\"lazy\" decoding=\"async\" width=\"839\" height=\"207\" src=\"https:\/\/www.auzouvillesurry.fr\/wordpress\/wp-content\/uploads\/2021\/05\/16aout1859.png\" alt=\"\" class=\"wp-image-10566\" srcset=\"https:\/\/www.auzouvillesurry.fr\/wordpress\/wp-content\/uploads\/2021\/05\/16aout1859.png 839w, https:\/\/www.auzouvillesurry.fr\/wordpress\/wp-content\/uploads\/2021\/05\/16aout1859-300x74.png 300w, https:\/\/www.auzouvillesurry.fr\/wordpress\/wp-content\/uploads\/2021\/05\/16aout1859-768x189.png 768w, https:\/\/www.auzouvillesurry.fr\/wordpress\/wp-content\/uploads\/2021\/05\/16aout1859-600x148.png 600w\" sizes=\"auto, (max-width: 839px) 100vw, 839px\" \/><figcaption>Commission des antiquit\u00e9s de la Seine Inf\u00e9rieure s\u00e9ance du 16 ao\u00fbt 1859<\/figcaption><\/figure>\n\n\n\n<div class=\"wp-block-image\"><figure class=\"aligncenter\"><img loading=\"lazy\" decoding=\"async\" width=\"445\" height=\"648\" src=\"https:\/\/www.auzouvillesurry.fr\/wordpress\/wp-content\/uploads\/2020\/12\/tum1.png\" alt=\"\" class=\"wp-image-10285\" srcset=\"https:\/\/www.auzouvillesurry.fr\/wordpress\/wp-content\/uploads\/2020\/12\/tum1.png 445w, https:\/\/www.auzouvillesurry.fr\/wordpress\/wp-content\/uploads\/2020\/12\/tum1-206x300.png 206w\" sizes=\"auto, (max-width: 445px) 100vw, 445px\" \/><\/figure><\/div>\n\n\n\n<div class=\"wp-block-image\"><figure class=\"aligncenter\"><img loading=\"lazy\" decoding=\"async\" width=\"344\" height=\"173\" src=\"https:\/\/www.auzouvillesurry.fr\/wordpress\/wp-content\/uploads\/2020\/12\/tum3.png\" alt=\"\" class=\"wp-image-10287\" srcset=\"https:\/\/www.auzouvillesurry.fr\/wordpress\/wp-content\/uploads\/2020\/12\/tum3.png 344w, https:\/\/www.auzouvillesurry.fr\/wordpress\/wp-content\/uploads\/2020\/12\/tum3-300x151.png 300w\" sizes=\"auto, (max-width: 344px) 100vw, 344px\" \/><\/figure><\/div>\n\n\n\n<div class=\"wp-block-image\"><figure class=\"aligncenter\"><img loading=\"lazy\" decoding=\"async\" width=\"564\" height=\"320\" src=\"https:\/\/www.auzouvillesurry.fr\/wordpress\/wp-content\/uploads\/2020\/12\/tum4.png\" alt=\"\" class=\"wp-image-10288\" srcset=\"https:\/\/www.auzouvillesurry.fr\/wordpress\/wp-content\/uploads\/2020\/12\/tum4.png 564w, https:\/\/www.auzouvillesurry.fr\/wordpress\/wp-content\/uploads\/2020\/12\/tum4-300x170.png 300w\" sizes=\"auto, (max-width: 564px) 100vw, 564px\" \/><\/figure><\/div>\n\n\n\n<div class=\"wp-block-image\"><figure class=\"aligncenter\"><img loading=\"lazy\" decoding=\"async\" width=\"416\" height=\"392\" src=\"https:\/\/www.auzouvillesurry.fr\/wordpress\/wp-content\/uploads\/2020\/12\/tum5.png\" alt=\"\" class=\"wp-image-10294\" srcset=\"https:\/\/www.auzouvillesurry.fr\/wordpress\/wp-content\/uploads\/2020\/12\/tum5.png 416w, https:\/\/www.auzouvillesurry.fr\/wordpress\/wp-content\/uploads\/2020\/12\/tum5-300x283.png 300w\" sizes=\"auto, (max-width: 416px) 100vw, 416px\" \/><\/figure><\/div>\n\n\n\n<div class=\"wp-block-image\"><figure class=\"aligncenter\"><img loading=\"lazy\" decoding=\"async\" width=\"458\" height=\"385\" src=\"https:\/\/www.auzouvillesurry.fr\/wordpress\/wp-content\/uploads\/2020\/12\/tum7.png\" alt=\"\" class=\"wp-image-10290\" srcset=\"https:\/\/www.auzouvillesurry.fr\/wordpress\/wp-content\/uploads\/2020\/12\/tum7.png 458w, https:\/\/www.auzouvillesurry.fr\/wordpress\/wp-content\/uploads\/2020\/12\/tum7-300x252.png 300w\" sizes=\"auto, (max-width: 458px) 100vw, 458px\" \/><\/figure><\/div>\n\n\n\n<div class=\"wp-block-image\"><figure class=\"aligncenter\"><img loading=\"lazy\" decoding=\"async\" width=\"508\" height=\"258\" src=\"https:\/\/www.auzouvillesurry.fr\/wordpress\/wp-content\/uploads\/2020\/12\/tum6.png\" alt=\"\" class=\"wp-image-10289\" srcset=\"https:\/\/www.auzouvillesurry.fr\/wordpress\/wp-content\/uploads\/2020\/12\/tum6.png 508w, https:\/\/www.auzouvillesurry.fr\/wordpress\/wp-content\/uploads\/2020\/12\/tum6-300x152.png 300w\" sizes=\"auto, (max-width: 508px) 100vw, 508px\" \/><\/figure><\/div>\n\n\n\n<div class=\"wp-block-image\"><figure class=\"aligncenter\"><img loading=\"lazy\" decoding=\"async\" width=\"426\" height=\"673\" src=\"https:\/\/www.auzouvillesurry.fr\/wordpress\/wp-content\/uploads\/2020\/12\/tum8.png\" alt=\"\" class=\"wp-image-10291\" srcset=\"https:\/\/www.auzouvillesurry.fr\/wordpress\/wp-content\/uploads\/2020\/12\/tum8.png 426w, https:\/\/www.auzouvillesurry.fr\/wordpress\/wp-content\/uploads\/2020\/12\/tum8-190x300.png 190w\" sizes=\"auto, (max-width: 426px) 100vw, 426px\" \/><\/figure><\/div>\n\n\n\n<div class=\"wp-block-image\"><figure class=\"aligncenter\"><img loading=\"lazy\" decoding=\"async\" width=\"436\" height=\"688\" src=\"https:\/\/www.auzouvillesurry.fr\/wordpress\/wp-content\/uploads\/2020\/12\/tum9.png\" alt=\"\" class=\"wp-image-10292\" srcset=\"https:\/\/www.auzouvillesurry.fr\/wordpress\/wp-content\/uploads\/2020\/12\/tum9.png 436w, https:\/\/www.auzouvillesurry.fr\/wordpress\/wp-content\/uploads\/2020\/12\/tum9-190x300.png 190w\" sizes=\"auto, (max-width: 436px) 100vw, 436px\" \/><\/figure><\/div>\n","protected":false},"excerpt":{"rendered":"<p>Sous la r\u00e9volution Louis-Thomas Quesnel (1743-1800), mari de Marie-Th\u00e9r\u00e8se fille de Jean-Charles Delavigne, propri\u00e9taire du ch\u00e2teau des Lesques, ach\u00e8te des biens nationaux et en particulier l\u2019abbaye de l\u2019Isle-Dieu. En 1830 \u00c9douard Quesnel alors Maire d\u2019Auzouville, petit fils de Jean-Charles Delavigne, a r\u00e9cup\u00e9r\u00e9 six pierres tombales grav\u00e9es qu\u2019il a mises \u00e0 l\u2019abri dans l\u2019\u00e9glise d\u2019Auzouville, les [&hellip;]<\/p>\n","protected":false},"author":1,"featured_media":0,"parent":0,"menu_order":0,"comment_status":"closed","ping_status":"closed","template":"","meta":{"ngg_post_thumbnail":0,"footnotes":""},"class_list":["post-10278","page","type-page","status-publish","hentry"],"_links":{"self":[{"href":"https:\/\/www.auzouvillesurry.fr\/wordpress\/wp-json\/wp\/v2\/pages\/10278","targetHints":{"allow":["GET"]}}],"collection":[{"href":"https:\/\/www.auzouvillesurry.fr\/wordpress\/wp-json\/wp\/v2\/pages"}],"about":[{"href":"https:\/\/www.auzouvillesurry.fr\/wordpress\/wp-json\/wp\/v2\/types\/page"}],"author":[{"embeddable":true,"href":"https:\/\/www.auzouvillesurry.fr\/wordpress\/wp-json\/wp\/v2\/users\/1"}],"replies":[{"embeddable":true,"href":"https:\/\/www.auzouvillesurry.fr\/wordpress\/wp-json\/wp\/v2\/comments?post=10278"}],"version-history":[{"count":6,"href":"https:\/\/www.auzouvillesurry.fr\/wordpress\/wp-json\/wp\/v2\/pages\/10278\/revisions"}],"predecessor-version":[{"id":10567,"href":"https:\/\/www.auzouvillesurry.fr\/wordpress\/wp-json\/wp\/v2\/pages\/10278\/revisions\/10567"}],"wp:attachment":[{"href":"https:\/\/www.auzouvillesurry.fr\/wordpress\/wp-json\/wp\/v2\/media?parent=10278"}],"curies":[{"name":"wp","href":"https:\/\/api.w.org\/{rel}","templated":true}]}}