{"id":101,"date":"2014-12-18T10:10:18","date_gmt":"2014-12-18T09:10:18","guid":{"rendered":"http:\/\/www.auzouvillesurry.fr\/wordpress\/?page_id=101"},"modified":"2025-12-24T09:45:05","modified_gmt":"2025-12-24T08:45:05","slug":"vie-pratique","status":"publish","type":"page","link":"https:\/\/www.auzouvillesurry.fr\/wordpress\/vie-pratique\/","title":{"rendered":"Vie pratique"},"content":{"rendered":"<div id=\"hautpage\"><a href=\"#Bruitjardinage\">Bruits de jardinage de bricolage: horaires autoris\u00e9s<\/a><br \/>\n<a href=\"#animaux\">Animaux domestiques: aboiement, divagation, chiens dangereux<\/a><br \/>\n<a href=\"#abeilles\">Destructions d&rsquo;essaims d&rsquo;abeilles<\/a>&nbsp;<br \/>\n<a href=\"https:\/\/www.auzouvillesurry.fr\/wordpress\/wp-content\/uploads\/2015\/03\/Guide-secheresse.pdf\" target=\"_blank\" rel=\"noopener\">Les bons gestes en cas de s\u00e9cheresse<\/a><br \/>\n<a href=\"#feux\">Interdiction des feux de d\u00e9chets verts<\/a><br \/>\n<a href=\"#dechetteries\">D\u00e9chetteries de BOOS et DARNETAL<\/a><br \/>\n<a href=\"#decharge\">D\u00e9charge du THIL<\/a><br \/>\n<a href=\"#orduresmenageres\">Ramassage des ordures m\u00e9nag\u00e8res et du tri selectif<\/a><br \/>\n<a href=\"#apportsvolontaires\">Point d&rsquo;apport volontaires (verres)<\/a><br \/>\n<a href=\"#ligne73\">Horaires de la ligne de bus 522 Rouen Gournay en Bray<\/a><br \/>\n<a href=\"#locationsalle\">Location de salles<\/a>&nbsp;<br \/>\n<a href=\"http:\/\/ccmartainville.fr\/index.php\/enfance-jeunesse\/ram\" target=\"_blank\" rel=\"noopener nofollow\" class=\"external external_icon\">Le relais d&rsquo;assistant(e) maternel(le) PyRAMide<\/a><br \/>\n<a href=\"https:\/\/www.auzouvillesurry.fr\/wordpress\/wp-content\/uploads\/plan2015.pdf\" target=\"_blank\" rel=\"noopener\">plan de la commune<\/a><br \/>\n<!------------------------- bruits jardinage bricolage ---------------->&nbsp;&nbsp;&nbsp;&nbsp;&nbsp;&nbsp;&nbsp;&nbsp;&nbsp;&nbsp;<\/p>\n<div id=\"Bruitjardinage\">&nbsp;<\/div>\n<p><span style=\"text-decoration: underline; color: #ff6600;\"><strong>Jardinage, Bricolage<\/strong><\/span><\/p>\n<p>Les travaux de bricolage et de jardinage utilisant des appareils susceptibles de causer une g\u00eane pour le voisinage en raison de leur&nbsp; intensit\u00e9 sonore tels que tondeuse \u00e0 gazon, motoculteur, raboteuse, scie m\u00e9canique etc&#8230;, ne sont autoris\u00e9s qu&rsquo;aux horaires suivants :<\/p>\n<p>&#8211; les jours <a href=\"https:\/\/www.auzouvillesurry.fr\/wordpress\/wp-content\/uploads\/clipart\/tondeuse-gazon.jpg\"><img loading=\"lazy\" decoding=\"async\" class=\" alignleft wp-image-108\" src=\"https:\/\/www.auzouvillesurry.fr\/wordpress\/wp-content\/uploads\/clipart\/tondeuse-gazon-300x300.jpg\" alt=\"tondeuse-gazon\" width=\"124\" height=\"124\" srcset=\"https:\/\/www.auzouvillesurry.fr\/wordpress\/wp-content\/uploads\/clipart\/tondeuse-gazon-300x300.jpg 300w, https:\/\/www.auzouvillesurry.fr\/wordpress\/wp-content\/uploads\/clipart\/tondeuse-gazon-150x150.jpg 150w, https:\/\/www.auzouvillesurry.fr\/wordpress\/wp-content\/uploads\/clipart\/tondeuse-gazon.jpg 700w\" sizes=\"auto, (max-width: 124px) 100vw, 124px\" \/><\/a>ouvrables de 8h30 \u00e0 12h et de 14h \u00e0 20h<a href=\"https:\/\/www.auzouvillesurry.fr\/wordpress\/wp-content\/uploads\/clipart\/troconneuse.jpg\"><img loading=\"lazy\" decoding=\"async\" class=\" wp-image-109 alignright\" src=\"https:\/\/www.auzouvillesurry.fr\/wordpress\/wp-content\/uploads\/clipart\/troconneuse.jpg\" alt=\"troconneuse\" width=\"90\" height=\"90\" srcset=\"https:\/\/www.auzouvillesurry.fr\/wordpress\/wp-content\/uploads\/clipart\/troconneuse.jpg 225w, https:\/\/www.auzouvillesurry.fr\/wordpress\/wp-content\/uploads\/clipart\/troconneuse-150x150.jpg 150w\" sizes=\"auto, (max-width: 90px) 100vw, 90px\" \/><\/a><\/p>\n<p>&#8211; les samedis de 9h \u00e0 12h et de 14h30 \u00e0 19h<\/p>\n<p>&#8211; les dimanches et jours f\u00e9ri\u00e9s de 10h \u00e0 12h<br \/>\n<a href=\"https:\/\/www.auzouvillesurry.fr\/wordpress\/wp-content\/uploads\/2017\/12\/09-06-ARRETE-BRUIT-du-16-octobre-2017.pdf\" target=\"_blank\" rel=\"noopener\">ARRETE BRUIT du 16 octobre 2017<\/a><br \/>\n<!----------------------- animaux domestiques--------------------------- --><\/p>\n<div id=\"animaux\">&nbsp;<\/div>\n<p><a href=\"#hautpage\">Retour haut de page<\/a><\/p>\n<p><span style=\"color: #ff6600;\"><strong><span style=\"text-decoration: underline;\">Animaux domestiques<br \/>\n<\/span><\/strong><\/span><br \/>\n<span style=\"text-decoration: underline;\"><em>Bruits<\/em><\/span> Les propri\u00e9taires d&rsquo;animaux&nbsp; et ceux qui en ont la garde sont tenus de prendre toutes les mesures propres \u00e0 pr\u00e9server la tranquillit\u00e9 des habitants des immeubles con<a href=\"https:\/\/www.auzouvillesurry.fr\/wordpress\/wp-content\/uploads\/clipart\/1108-dessin-chien-aboie.jpg\"><img loading=\"lazy\" decoding=\"async\" class=\" wp-image-104 alignleft\" src=\"https:\/\/www.auzouvillesurry.fr\/wordpress\/wp-content\/uploads\/clipart\/1108-dessin-chien-aboie-300x168.jpg\" alt=\"1108 dessin chien aboie\" width=\"173\" height=\"97\" srcset=\"https:\/\/www.auzouvillesurry.fr\/wordpress\/wp-content\/uploads\/clipart\/1108-dessin-chien-aboie-300x168.jpg 300w, https:\/\/www.auzouvillesurry.fr\/wordpress\/wp-content\/uploads\/clipart\/1108-dessin-chien-aboie.jpg 480w\" sizes=\"auto, (max-width: 173px) 100vw, 173px\" \/><\/a>cern\u00e9s et du voisinage, ceci de jour comme de nuit, y compris par l&rsquo;usage de tout dispositif dissuadant les animaux de faire du bruit de mani\u00e8re r\u00e9p\u00e9t\u00e9e et intempestive.<br \/>\n<span style=\"text-decoration: underline;\"><em>Divagation<\/em><\/span> II est interdit de laisser divaguer les animaux domestiques dans les espaces ext\u00e9rieurs : les rues, les places et autres lieux publics,<a href=\"https:\/\/www.auzouvillesurry.fr\/wordpress\/wp-content\/uploads\/2014\/11\/chien-divague.jpg\"><img loading=\"lazy\" decoding=\"async\" class=\" wp-image-105 alignright\" src=\"https:\/\/www.auzouvillesurry.fr\/wordpress\/wp-content\/uploads\/2014\/11\/chien-divague-300x158.jpg\" alt=\"chien divague\" width=\"150\" height=\"79\" srcset=\"https:\/\/www.auzouvillesurry.fr\/wordpress\/wp-content\/uploads\/2014\/11\/chien-divague-300x158.jpg 300w, https:\/\/www.auzouvillesurry.fr\/wordpress\/wp-content\/uploads\/2014\/11\/chien-divague.jpg 850w\" sizes=\"auto, (max-width: 150px) 100vw, 150px\" \/><\/a> Une recommandation qui rel\u00e8ve d&rsquo;un simple savoir vivre: on ne laisse pas son chien faire ses besoins sur la voie publique, les trottoirs, les entr\u00e9es et, d&rsquo;une mani\u00e8re g\u00e9n\u00e9rale, tout endroit public.<\/p>\n<p><span style=\"text-decoration: underline;\"><em>Chiens dangereux<\/em><\/span> La d\u00e9tention d&rsquo;un chien susceptible d&rsquo;\u00eatre dangereux (chiens d&rsquo;attaque, de garde ou de d\u00e9fense) n\u00e9cessite un permis. La d\u00e9livrance de ce permis s&rsquo;effectue \u00e0 l&rsquo;issue notamment d&rsquo;une formation d&rsquo;aptitude \u00e0 la d\u00e9tention d&rsquo;un animal susceptible d&rsquo;\u00eatre dangereux et d&rsquo;une \u00e9valuation comportementale de cet animal. D\u00e9tenir un animal susceptible d&rsquo;\u00eatre dangereux sans permis fait l&rsquo;objet de sanctions. Conditions de d\u00e9tention d&rsquo;un chien dangereux.<\/p>\n<p><!-----------------essaims d'abeilles-------------------------------><\/p>\n<div id=\"abeilles\">&nbsp;<\/div>\n<p><a href=\"#hautpage\">Retour haut de page<\/a><\/p>\n<p style=\"text-align: left;\"><span style=\"color: #ff6600;\"><strong><span style=\"text-decoration: underline;\">Essaims d&rsquo;abeilles<\/span><\/strong><\/span><\/p>\n<p style=\"text-align: left;\"><span style=\"font-family: Liberation Serif,serif;\"><span style=\"font-size: medium;\">Le <strong>S<\/strong>yndicat <strong>A<\/strong>picole de <strong>H<\/strong>aute-<strong>N<\/strong>ormandie (SAHN76) a pour but le d\u00e9veloppement et la sauvegarde des abeilles. Il met \u00e0 votre disposition <a href=\"https:\/\/www.auzouvillesurry.fr\/wordpress\/wp-content\/uploads\/2014\/12\/Liste-des-apiculteurs.pdf\" target=\"_blank\" rel=\"noopener\">une liste (cliquez ici) <\/a> des apiculteurs volontaires acceptant de recueillir gracieusement ces essaims.<a href=\"https:\/\/www.auzouvillesurry.fr\/wordpress\/wp-content\/uploads\/2015\/03\/abeille.jpg\"><img loading=\"lazy\" decoding=\"async\" class=\" wp-image-4597 alignleft\" src=\"https:\/\/www.auzouvillesurry.fr\/wordpress\/wp-content\/uploads\/2015\/03\/abeille-300x200.jpg\" alt=\"\" width=\"179\" height=\"119\" srcset=\"https:\/\/www.auzouvillesurry.fr\/wordpress\/wp-content\/uploads\/2015\/03\/abeille-300x200.jpg 300w, https:\/\/www.auzouvillesurry.fr\/wordpress\/wp-content\/uploads\/2015\/03\/abeille.jpg 625w\" sizes=\"auto, (max-width: 179px) 100vw, 179px\" \/><\/a><br \/>\n2 apiculteurs d&rsquo;Auzouville recueillent \u00e9galement les essaims (CLATOT Benoit t\u00e9l 06.26.18.45.93 et <span style=\"font-family: Liberation Serif,serif;\">GAMBU Pascal t\u00e9l : 06.15.88.92.84)<span style=\"font-size: medium;\"><br \/>\n<\/span><\/span>Si vous trouvez un essaim d\u2019abeilles su<\/span><\/span><span style=\"font-family: Liberation Serif,serif;\"><span style=\"font-size: medium;\"> v<\/span><\/span><span style=\"font-family: Liberation Serif,serif;\"><span style=\"font-size: medium;\">otre<\/span><\/span><span style=\"font-family: Liberation Serif,serif;\"><span style=\"font-size: medium;\"> propri\u00e9t\u00e9, n&rsquo;h\u00e9sitez pas \u00e0 prendre contact avec un de <\/span><\/span><span style=\"font-family: Liberation Serif,serif;\"><span style=\"font-size: medium;\">ce<\/span><\/span><span style=\"font-family: Liberation Serif,serif;\"><span style=\"font-size: medium;\">s ap<\/span><\/span><span style=\"font-family: Liberation Serif,serif;\"><span style=\"font-size: medium;\">iculteurs.<\/span><\/span><br \/>\n<span style=\"font-family: Liberation Serif,serif;\"><span style=\"font-size: medium;\">Pr\u00e9cisons que la p\u00e9riode des essaimages d\u2019abeilles se situe entre la mi-avril et le 15\/20 juillet. En dehors de ces dates, \u00e0 l\u2019exception des maisons ouvertes occasionnellement, les nids trouv\u00e9s seront de gu\u00eapes .<br \/>\n<\/span><\/span><\/p>\n<p><!---------------- feux de dechets verts------------------------ --><\/p>\n<div id=\"feux\">\n<div><a href=\"#hautpage\">Retour haut de page<\/a><\/div>\n<div>\n<p><span style=\"text-decoration: underline;\"><span style=\"text-decoration: underline;\"><strong><span style=\"color: #ff6600; text-decoration: underline;\"><br \/>\nInterdiction des feux de d\u00e9chets verts. Une pratique polluante interdite<\/span><\/strong><\/span><\/span><\/p>\n<\/div>\n<div><img loading=\"lazy\" decoding=\"async\" class=\"wp-image-5499 alignright\" src=\"https:\/\/www.auzouvillesurry.fr\/wordpress\/wp-content\/uploads\/2015\/03\/Sans-titre-213x300.jpg\" alt=\"\" width=\"119\" height=\"168\"\/>Conform\u00e9ment \u00e0 la circulaire du 18 novembre 2011 le br\u00fblage des d\u00e9chets verts et autres mat\u00e9riaux est interdit. Les d\u00e9chets v\u00e9g\u00e9taux peuvent \u00eatre valoris\u00e9s par compostage individuel ou en d\u00e9chetterie.&nbsp;<br \/>\n<a href=\"http:\/\/www.normandie.developpement-durable.gouv.fr\/le-brulage-des-dechets-verts-a-l-air-libre-c-est-a503.html\" class=\"external external_icon\" rel=\"nofollow\" target=\"_blank\">Plaquette de la Direction r\u00e9gionale de l\u2019Environnement, de l\u2019Am\u00e9nagement et du Logement Haute-Normandie<\/a><br \/>\n<!---------------- Dechetteries------------------------------------>&nbsp;&nbsp;&nbsp;<a href=\"#hautpage\">Retour haut de page<\/a>&nbsp;&nbsp;&nbsp;&nbsp;&nbsp;&nbsp;<span style=\"text-decoration: underline; color: #ff6600;\"><strong>Les d\u00e9chetteries de Boos et Darn\u00e9tal<\/strong><\/span>Horaires d\u2019ouverture :<br \/>\n<strong>Pour Darn\u00e9tal :<\/strong> Lundi, mercredi, jeudi et samedi de 9h \u00e0 12h et de 14h \u00e0 17h30 Vendredi de 14h45 \u00e0 17h30. Mardi ferm\u00e9.<br \/>\n<strong>Pour Boos :<\/strong> Lundi &#8211; mercredi &#8211; vendredi &#8211; samedi de 9h00 \u00e0 11h55 et de 14h \u00e0 18h30, Mardi et jeudi de 9h \u00e0 11h55. Se munir d\u2019un justificatif de domicile.Toutes les d\u00e9chetteries sont ferm\u00e9es les jours f\u00e9ri\u00e9s. Exceptionnellement la d\u00e9chetterie de Rouen est ouverte le 8 mai, le jeudi de l&rsquo;ascension et le 1er novembre. Pour les professionnels, la d\u00e9chetterie quai du Pr\u00e9 aux Loups \u00e0 Rouen est ouverte 7 jours \/ 7 jours de 8 h \u00e0 19 h.<\/p>\n<p>Avant de vous y rendre, contacter l&rsquo;Agglo. Renseignements : P\u00f4le des d\u00e9chets de la M\u00e9tropole Rouen Normandie T\u00e9l. 0 800 021 021<br \/>\n<!---------------- Decharge du thil------------------------------------><\/p>\n<div id=\"decharge\">&nbsp;<\/div>\n<p><a href=\"#hautpage\">Retour haut de page<\/a><\/p>\n<p><span style=\"text-decoration: underline; color: #ff6600;\"><strong>D\u00e9charge du Thil<\/strong> <\/span>(pour le d\u00e9p\u00f4t de terre et de v\u00e9g\u00e9taux uniquement).<\/p>\n<p>De D\u00c9CEMBRE \u00e0 F\u00c9VRIER: Le 3\u00e8me samedi du mois de 9 heures \u00e0 17 heures&nbsp;<br \/>\nMARS Le 1er et 3\u00e8me samedi du mois de 9 heures \u00e0 17 heures&nbsp;<br \/>\nDe AVRIL \u00e0 NOVEMBRE tous les samedis de 9 heures \u00e0 18 heures.<br \/>\n<!---------------- Ramassage des OM------------------------------------><\/p>\n<p>En dehors des dates et heures ci-dessus, les d\u00e9p\u00f4ts doivent \u00eatre fait en d\u00e9chetteries.<br \/>\n<strong>La communaut\u00e9 de commune ne distribue plus de sac pour le transport des d\u00e9chets verts<\/strong>.<\/p>\n<div id=\"orduresmenageres\">&nbsp;<\/div>\n<p><a href=\"#hautpage\">Retour haut de page<\/a><\/p>\n<p><span style=\"color: #ff6600;\"><span style=\"text-decoration: underline;\"><strong>Ramassage des ordures m\u00e9nag\u00e8res et tri s\u00e9lectif<\/strong><\/span> :<\/span><\/p>\n<p>La collecte des ordures m\u00e9nag\u00e8res et ramassage du tri s\u00e9lectif (papier, carton, plastique&#8230;) ont lieu chaque jeudi, sauf si c&rsquo;est&nbsp; un jour f\u00e9ri\u00e9<a href=\"https:\/\/www.auzouvillesurry.fr\/wordpress\/wp-content\/uploads\/clipart\/poubelle-illustration.jpg\"><img loading=\"lazy\" decoding=\"async\" class=\" wp-image-107 alignright\" src=\"https:\/\/www.auzouvillesurry.fr\/wordpress\/wp-content\/uploads\/clipart\/poubelle-illustration-300x255.jpg\" alt=\"poubelle-illustration\" width=\"118\" height=\"100\" srcset=\"https:\/\/www.auzouvillesurry.fr\/wordpress\/wp-content\/uploads\/clipart\/poubelle-illustration-300x255.jpg 300w, https:\/\/www.auzouvillesurry.fr\/wordpress\/wp-content\/uploads\/clipart\/poubelle-illustration.jpg 376w\" sizes=\"auto, (max-width: 118px) 100vw, 118px\" \/><\/a>&nbsp; (voir calendrier joint).<br \/>\n<strong><br \/>\n<\/strong><\/p>\n<p><!---------------- ligne 73------------------------------------><\/p>\n<p><a href=\"https:\/\/www.auzouvillesurry.fr\/wordpress\/wp-content\/uploads\/2025\/12\/OM1.png\" target=\"_blank\" rel=\"noopener\">Calendrier 1er trimestre 2026<\/a><br \/>\n<a href=\"https:\/\/www.auzouvillesurry.fr\/wordpress\/wp-content\/uploads\/2025\/12\/OM2.png\" target=\"_blank\" rel=\"noopener\">Calendrier 2\u00e8me trimestre 2026<\/a><\/p>\n<p><strong>&nbsp;<\/strong><\/p>\n<div id=\"apportsvolontaires\"><a href=\"#hautpage\">Retour haut de page<\/a><\/div>\n<div>&nbsp;<\/div>\n<div><span style=\"text-decoration: underline; color: #ff6600;\"><strong>Points d&rsquo;apport volontaire<\/strong><\/span>&nbsp;&nbsp;&nbsp;&nbsp;&nbsp;&nbsp;&nbsp;&nbsp;&nbsp;&nbsp;&nbsp;&nbsp;&nbsp;&nbsp;&nbsp;&nbsp;&nbsp;&nbsp;&nbsp;&nbsp;Pour les verres deux points d&rsquo;apport volontaire sont disponibles sur la commune, l&rsquo;un dans la cour de la Mairie, l&rsquo;autre rue des Fondeurs au Thil.<\/p>\n<div id=\"ligne73\">&nbsp;<\/div>\n<p><a href=\"#hautpage\">Retour haut de page<\/a><\/p>\n<p><strong><span style=\"text-decoration: underline;\"><span style=\"color: #ff6600; text-decoration: underline;\">Horaires de la ligne 522 Rouen, Auzouville sur Ry, Gournay en Bray<\/span><\/span><\/strong><\/p>\n<p>Depuis le 1er septembre 2022 la ligne 73 a chang\u00e9e de num\u00e9ro et devient ligne 522<\/p>\n<p><a href=\"https:\/\/nomad.normandie.fr\/lignes-de-cars\/ligne-522\" target=\"_blank\" rel=\"noopener nofollow\" class=\"external external_icon\">ligne_522 Rouen gournay-en-Bray<\/a><br \/>\n<strong><a href=\"https:\/\/www.auzouvillesurry.fr\/wordpress\/wp-content\/uploads\/2014\/11\/dscn0632.jpg\"><img loading=\"lazy\" decoding=\"async\" class=\"wp-image-106 alignright\" src=\"https:\/\/www.auzouvillesurry.fr\/wordpress\/wp-content\/uploads\/2014\/11\/dscn0632-300x225.jpg\" alt=\"dscn0632\" width=\"136\" height=\"102\" srcset=\"https:\/\/www.auzouvillesurry.fr\/wordpress\/wp-content\/uploads\/2014\/11\/dscn0632-300x225.jpg 300w, https:\/\/www.auzouvillesurry.fr\/wordpress\/wp-content\/uploads\/2014\/11\/dscn0632.jpg 800w\" sizes=\"auto, (max-width: 136px) 100vw, 136px\" \/><\/a><\/strong><\/p>\n<p><!---------------- coll\u00e8ge chartier--------------------------------><br \/>\n<!--\n\n\n<div id=\"chartier\"-->&nbsp;<\/p>\n<\/div>\n<p><a href=\"#hautpage\">Retour haut de page<\/a>&gt;<\/p>\n<p><!----<strong><span style=\"text-decoration: underline;\"><span style=\"color: #ff6600; text-decoration: underline;\">Horaires transports scolaire coll\u00e9ge Emile Chartier Darnetal<\/span><\/span>&gt;>\n\n<!--<a href=\"https:\/\/transports-scolaires.normandie.fr\/seinemaritime\/horaires\/index.php\"-- class=\"external\" rel=\"nofollow\" target=\"_blank\">Coll\u00e8ge Emile Chartier&gt;<br \/>\n<strong><img loading=\"lazy\" decoding=\"async\" class=\" wp-image-5375 alignleft\" src=\"https:\/\/www.auzouvillesurry.fr\/wordpress\/wp-content\/uploads\/Logo\/vtni.jpg\" alt=\"\" width=\"119\" height=\"81\"\/><\/strong><\/p>\n<p><\/a><a href=\"#hautpage\">Retour haut de page<\/a><br \/>\n<!---------------- Location de salles------------------------------------><\/p>\n<p>&nbsp;<\/p>\n<p><span style=\"text-decoration: underline; color: #ff6600;\"><strong>Location de salles<\/strong><\/span><span style=\"color: #000000;\"><strong> Tarifs disponible en mairie<\/strong><\/span><\/p>\n<p style=\"text-align: left;\" align=\"CENTER\"><span style=\"color: #000000;\"><span style=\"font-family: Times New Roman,serif;\"><span style=\"font-size: medium;\"><b>Ancienne<\/b> <b>salle<\/b> <b>des<\/b> <b>f\u00eates<\/b> <b>: <\/b><i><b>(Restaurant<\/b><\/i> <i><b>scolaire)<br \/>\n<\/b><\/i><span lang=\"fr-FR\"> <a href=\"https:\/\/www.auzouvillesurry.fr\/wordpress\/wp-content\/uploads\/Photos auzouville\/DSCN2276-site.jpg\"><img loading=\"lazy\" decoding=\"async\" class=\" alignleft wp-image-483\" title=\"Le restaurant scolaire\" src=\"https:\/\/www.auzouvillesurry.fr\/wordpress\/wp-content\/uploads\/Photos auzouville\/DSCN2276-site-300x225.jpg\" alt=\"DSCN2276 [site]\" width=\"187\" height=\"140\" srcset=\"https:\/\/www.auzouvillesurry.fr\/wordpress\/wp-content\/uploads\/Photos%20auzouville\/DSCN2276-site-300x225.jpg 300w, https:\/\/www.auzouvillesurry.fr\/wordpress\/wp-content\/uploads\/Photos%20auzouville\/DSCN2276-site-1024x769.jpg 1024w\" sizes=\"auto, (max-width: 187px) 100vw, 187px\" \/><\/a><\/span><span lang=\"fr-FR\"><b><br \/>\n<\/b><\/span><b><br \/>\n<\/b>Pa<span lang=\"fr-FR\">s de location <\/span>de vaisselle <span lang=\"fr-FR\">par la commune.<\/span><\/span><\/span><\/span><\/p>\n<p>&nbsp;<\/p>\n<p>&nbsp;<\/p>\n<p style=\"text-align: left;\"><b>Salle<\/b> <b>polyvalente<\/b><\/p>\n<p><span style=\"color: #000000;\"><span style=\"font-family: Times New Roman,serif;\"><span style=\"font-size: medium;\"><span lang=\"fr-FR\"><a href=\"https:\/\/www.auzouvillesurry.fr\/wordpress\/wp-content\/uploads\/Photos auzouville\/sallepoly.jpg\"><img loading=\"lazy\" decoding=\"async\" class=\" alignright wp-image-482\" title=\"Int\u00e9rieur de la salle polyvalente\" src=\"https:\/\/www.auzouvillesurry.fr\/wordpress\/wp-content\/uploads\/Photos auzouville\/sallepoly-300x200.jpg\" alt=\"Int\u00e9rieur de la salle polyvalente\" width=\"192\" height=\"128\" srcset=\"https:\/\/www.auzouvillesurry.fr\/wordpress\/wp-content\/uploads\/Photos%20auzouville\/sallepoly-300x200.jpg 300w, https:\/\/www.auzouvillesurry.fr\/wordpress\/wp-content\/uploads\/Photos%20auzouville\/sallepoly.jpg 543w\" sizes=\"auto, (max-width: 192px) 100vw, 192px\" \/><\/a><\/span><\/span><\/span><\/span><br \/>\n<span style=\"color: #000000;\"><span style=\"font-family: Times New Roman,serif;\"><span style=\"font-size: medium;\"><span lang=\"fr-FR\">P<\/span>ossibilit\u00e9 de louer <span lang=\"fr-FR\">de<\/span> la vaisselle pour 150 personnes maximum.<\/span><\/span><\/span><\/p>\n<p>&nbsp;<\/p>\n<p>&nbsp;<\/p>\n<p>&nbsp;<\/p>\n<p lang=\"\" align=\"CENTER\"><span style=\"color: #000000;\"><span style=\"font-family: Times New Roman,serif;\"><span style=\"font-size: medium;\"><span style=\"font-size: small;\"><span lang=\"fr-FR\">&nbsp;<\/span><\/span><\/span><\/span><\/span><\/p>\n<p lang=\"\" align=\"CENTER\"><span style=\"color: #000000;\"><span style=\"font-family: Arial,sans-serif;\"><span style=\"font-size: medium;\"><span style=\"font-size: small;\"><span lang=\"fr-FR\">.<\/span><\/span><\/span><\/span><\/span><\/p>\n<p><a href=\"#hautpage\">Retour haut de page<\/a><\/p>\n<p>&nbsp;<\/p>\n<p>&nbsp;<\/p>\n<p>&nbsp;<\/p>\n<p>&nbsp;<\/p>\n<p>&nbsp;<\/p>\n<p>&nbsp;<\/p>\n<p>&nbsp;<\/p>\n<p>&nbsp;<\/p>\n<p>&nbsp;<\/p>\n<p>&nbsp;<\/p>\n<p>&nbsp;<\/p>\n<p>&nbsp;<\/p>\n<p><\/strong><\/div>\n<\/div>\n<p>&nbsp;<\/p>\n<p>&nbsp;<\/p>\n<p>&nbsp;<\/p>\n<\/div>\n<\/div>\n","protected":false},"excerpt":{"rendered":"<p>Bruits de jardinage de bricolage: horaires autoris\u00e9s Animaux domestiques: aboiement, divagation, chiens dangereux Destructions d&rsquo;essaims d&rsquo;abeilles&nbsp; Les bons gestes en cas de s\u00e9cheresse Interdiction des feux de d\u00e9chets verts D\u00e9chetteries de BOOS et DARNETAL D\u00e9charge du THIL Ramassage des ordures m\u00e9nag\u00e8res et du tri selectif Point d&rsquo;apport volontaires (verres) Horaires de la ligne de bus [&hellip;]<\/p>\n","protected":false},"author":1,"featured_media":0,"parent":0,"menu_order":2,"comment_status":"closed","ping_status":"open","template":"","meta":{"ngg_post_thumbnail":0,"iawp_total_views":24,"footnotes":""},"class_list":["post-101","page","type-page","status-publish","hentry"],"_links":{"self":[{"href":"https:\/\/www.auzouvillesurry.fr\/wordpress\/wp-json\/wp\/v2\/pages\/101","targetHints":{"allow":["GET"]}}],"collection":[{"href":"https:\/\/www.auzouvillesurry.fr\/wordpress\/wp-json\/wp\/v2\/pages"}],"about":[{"href":"https:\/\/www.auzouvillesurry.fr\/wordpress\/wp-json\/wp\/v2\/types\/page"}],"author":[{"embeddable":true,"href":"https:\/\/www.auzouvillesurry.fr\/wordpress\/wp-json\/wp\/v2\/users\/1"}],"replies":[{"embeddable":true,"href":"https:\/\/www.auzouvillesurry.fr\/wordpress\/wp-json\/wp\/v2\/comments?post=101"}],"version-history":[{"count":159,"href":"https:\/\/www.auzouvillesurry.fr\/wordpress\/wp-json\/wp\/v2\/pages\/101\/revisions"}],"predecessor-version":[{"id":13647,"href":"https:\/\/www.auzouvillesurry.fr\/wordpress\/wp-json\/wp\/v2\/pages\/101\/revisions\/13647"}],"wp:attachment":[{"href":"https:\/\/www.auzouvillesurry.fr\/wordpress\/wp-json\/wp\/v2\/media?parent=101"}],"curies":[{"name":"wp","href":"https:\/\/api.w.org\/{rel}","templated":true}]}}