{"id":10066,"date":"2020-07-15T21:30:29","date_gmt":"2020-07-15T20:30:29","guid":{"rendered":"http:\/\/www.auzouvillesurry.fr\/wordpress\/?page_id=10066"},"modified":"2020-07-16T07:37:07","modified_gmt":"2020-07-16T06:37:07","slug":"quand-le-cardinal-prince-de-croy-visitait-son-diocese","status":"publish","type":"page","link":"https:\/\/www.auzouvillesurry.fr\/wordpress\/quand-le-cardinal-prince-de-croy-visitait-son-diocese\/","title":{"rendered":"Quand le Cardinal-Prince de Cro\u00ff visitait son dioc\u00e8se"},"content":{"rendered":"<p>chronique de l\u2019abb\u00e9 Andr\u00e9 Four\u00e9<br \/>\nLe 25 juin 1827 l&rsquo;archev\u00eaque, Son Altesse Eminentissime Gustave, Maximilien, Juste, Cardinal-Prince de Croy, entrepris de visiter son dioc\u00e8se et voici que, proc\u00e9dant au classement d&rsquo;archives rue des Bonnetiers, nous avons d\u00e9couvert cinq cahiers, format \u00e9colier, dont quatre \u00e9crits de la main m\u00eame du Cardinal, notes r\u00e9dig\u00e9es au jour le jour, sans recherche de style, de caract\u00e8re personnel, confi\u00e9es par son auteur \u00e0 l&rsquo;un de ses grands vicaires, \u00ab comme \u00e0 la prunelle de ses yeux, pour en faire l&rsquo;usage que ce doit \u00bb&#8230;&nbsp;:<\/p>\n<p>Nous voyagerons avec lui dans les doyenn\u00e9s de Buchy, Darn\u00e9tal, Envermeu et Eu. Nous partagerons son int\u00e9r\u00eat aux paysages vari\u00e9s, m\u00eame s&rsquo;il nous faut peiner sur des \u00ab chemins montants, cahoteux, malais\u00e9s \u00bb. Nous ferons connaissance des autorit\u00e9s locales et des bonnes gens parfois agenouill\u00e9s sur le bord de la route au passage de leur \u00ab P\u00e8re en Dieu \u00bb. Nous entrerons dans les \u00e9glises, les sacristies, les presbyt\u00e8res et les ch\u00e2teaux. Ici et l\u00e0, nous entendrons Monseigneur et sa suite se lamenter sur des paroisses qui souffrent encore des cons\u00e9quences de la R\u00e9volution.<br \/>\n\u2026\/&nbsp;\u2026.<br \/>\nAujourd&rsquo;hui, en route pour Buchy. D\u00e9part \u00e0 2 heures&#8230; Cinq lieues \u00e0 parcourir&#8230; Vingt minutes d&rsquo;arr\u00eat au Vert-Galant pour faire souffler les chevaux qu&rsquo;on ne d\u00e9telle pas, mais qu&rsquo;on r\u00e9conforte d&rsquo;un peu de pain\u2026<br \/>\n\u2026\/&nbsp;\u2026.<br \/>\nDemain matin, messe entendue et affaires courantes exp\u00e9di\u00e9es, commencera la rituelle visite pastorale.<br \/>\n\u2026\/&nbsp;\u2026.<br \/>\nPr\u00e8s de Longuerue, on passe aupr\u00e8s de l&rsquo;ancien ch\u00e2teau du Besle et, \u00e0 Saint-Denis-le-Thibout, \u00ab on voit deux ruines d&rsquo;un ch\u00e2teau, dit de Charlemagne : on dit qu&rsquo;il y a chass\u00e9 et d\u00e9je\u00fbn\u00e9 \u00bb.<br \/>\n\u2026\/&nbsp;\u2026.<br \/>\n<strong>A Auzouville-sur-Ry, Son Eminence est particuli\u00e8rement flatt\u00e9e de l&rsquo;hospitalit\u00e9 de Mme Quesnel, \u00e9pouse du maire : dans sa belle demeure elle a tout pr\u00e9par\u00e9 avec recherche et convi\u00e9 plusieurs pr\u00eatres du dioc\u00e8se d&rsquo;Evreux pour honorer le Primat de Normandie.<\/strong><br \/>\n\u2026\/&nbsp;\u2026.<br \/>\nUne ombre au tableau : au H\u00e9ron, le ch\u00e2teau est le \u00ab fl\u00e9au de la paroisse \u00bb&#8230; le propri\u00e9taire, pourtant marquis de Pommereu, a fait supprimer au cur\u00e9, en guise de bienvenue \u00e0 l&rsquo;archev\u00eaque, la veille de la visite, le suppl\u00e9ment de traitement que donnait la commune dont il est maire&#8230; il a fait travailler le jeudi de la F\u00eate-Dieu et n&rsquo;a pas h\u00e9sit\u00e9 \u00e0 transformer le presbyt\u00e8re en belles \u00e9curies&#8230; le pauvre cur\u00e9 a \u00e9t\u00e9 relog\u00e9 dans la maison de la S\u0153ur\u2026 c&rsquo;est passable, mais il n&rsquo;y a pas de jardin&#8230; on foule les morts en entrant dans la maison et l&rsquo;odeur incommode pendant l&rsquo;\u00e9t\u00e9\u2026<br \/>\nA Longuerue enfin, Monseigneur fustige sans m\u00e9nagements un riche scandaleux qui exigeait avant tous les paroissiens les honneurs du pain b\u00e9nit. Pour avoir la paix, il en interdit la distribution.<br \/>\n\u2026\/&nbsp;\u2026.<br \/>\nParmi les personnalit\u00e9s pr\u00e9sent\u00e9es au pr\u00e9lat viennent le maire, son Conseil municipal et le Conseil de Fabrique institu\u00e9 par le Concordat. Au yeux du Cardinal, que valent ces gens, au point de vue pastoral ?<\/p>\n<p><em>Les maires<\/em><br \/>\n\u2026\/&nbsp;\u2026.<br \/>\nDoyenn\u00e9 de Darn\u00e9tal : 13 maires. 5 pratiquants. Celui du H\u00e9ron, d\u00e9j\u00e0 rencontr\u00e9, est franchement odieux. Ceux de Ry, Isneauville, Saint-Martin-du-Vivier, bienveillants, quoique indiff\u00e9rents. Celui de St-L\u00e9ger-du-Bourg-Denis est venu pour la premi\u00e8re fois \u00e0 l&rsquo;\u00e9glise \u00e0 l&rsquo;occasion de la visite pastorale. <strong>Quant \u00e0 celui d&rsquo;Auzouville, on ne le voit jamais\u2026<\/strong><br \/>\n\u2026\/&nbsp;\u2026.<br \/>\n<em>Conseillers municipaux<\/em><br \/>\nDans les assembl\u00e9es municipales on trouve ordinairement quelques pratiquants. <strong>Sont indiff\u00e9rents dans leur ensemble les conseillers de la Ville d&rsquo;Eu, de Bois-Roger, Bosc-Bordel, Bois-Guilbert, Pr\u00e9aux, Isneauville, Saint-L\u00e9ger-du-Bourg-Denis, Auzouville-sur-Ry<\/strong>. A Ry on est quand m\u00eame bienveillant&#8230; A Catenay le Conseil vaut le maire : tout ce monde \u00ab n&rsquo;est bon \u00e0 rien \u00bb.<\/p>\n<p><em>Conseillers paroissiaux<\/em><br \/>\nOn devrait avoir le pr\u00e9jug\u00e9 favorable sur la valeur religieuse de ces notables sp\u00e9cialis\u00e9s dans l&rsquo;administration temporelle de la paroisse&#8230; Ils sont souvent \u00e0 l&rsquo;image des conseillers municipaux&#8230;<br \/>\nIci et l\u00e0 on s&rsquo;abstient totalement du devoir pascal, auquel tient tr\u00e8s sp\u00e9cialement le Cardinal&#8230; A Ry, \u00e0 Pr\u00e9aux, un seul fait ses p\u00e2ques&#8230; A Longpaon \u00e9galement et l&rsquo;archev\u00eaque note sur un ton d\u00e9sabus\u00e9 : \u00ab Dans cette paroisse, impossible d&rsquo;en trouver d&rsquo;autres qui les fassent \u00bb\u2026<br \/>\n\u2026\/&nbsp;\u2026.<br \/>\n<em>Ma\u00eetres d\u2019\u00e9coles<\/em><br \/>\nAuxiliaires des cur\u00e9s, ce sont ordinairement de bons chr\u00e9tiens. Les comp\u00e9tences p\u00e9dagogiques laissent souvent \u00e0 d\u00e9sirer et d&rsquo;ailleurs l&rsquo;assiduit\u00e9 des \u00e9l\u00e8ves est loin d&rsquo;\u00eatre parfaite : \u00ab A Saint-Nicolas-d&rsquo;Aliermont, ils sont effroyablement ignorants : d\u00e8s qu&rsquo;ils ont fait leur Premi\u00e8re Communion, ils vont dans les fabriques d&rsquo;horlogerie et n&rsquo;apprennent plus rien \u00bb. F\u00e2cheuses exceptions : \u00ab Incapables ou bons \u00e0 rien les ma\u00eetres de Penly, Rebets, Saint-Aubin-Ie-Cauf, Longuerue et Boissay&#8230; Int\u00e9ress\u00e9 celui de Pr\u00e9aux&#8230; <strong>Mauvais celui d&rsquo;Auzouville&#8230;<\/strong> Tourment de son cur\u00e9 celui de Baromesnil qui fr\u00e9quente les bals&#8230; Ind\u00e9sirable celui de Mesnil-R\u00e9aume qui sera cong\u00e9di\u00e9 ou celui de Bois-Guillaume qui tient cabaret&#8230; Difficile celui de Saint-R\u00e9my-en-Campagne qui va partir \u00e0 cause de son \u00e2ge et surtout de son d\u00e9saccord avec les chantres \u00bb.<br \/>\n\u2026\/&nbsp;\u2026.<br \/>\n<em>Pratique religieuse<\/em><br \/>\n\u2026\/&nbsp;\u2026.<br \/>\nDans bien des localit\u00e9s, on travaille sans n\u00e9cessit\u00e9 ni permission le dimanche, surtout pendant la moisson, encore qu&rsquo;\u00e0 Saint-Denis-le-Thibout, \u00ab on r\u00e9serve l&rsquo;heure de la messe \u00bb. <strong>On danse trop, au gr\u00e9 de Son Eminence : \u00e0 Saint-L\u00e9ger-du-Bourg-Denis, tous les jours ; \u00e0 Auzouville-sur-Ry, avec l&rsquo;appui du maire<\/strong> et \u00e0 Isneauville, pendant les offices, presque \u00e0 la porte de l&rsquo;\u00e9glise.<br \/>\n\u2026\/&nbsp;\u2026.<br \/>\nA Saint-Nicolas-d&rsquo;Aliermont, \u00e0 Douvrend, \u00e0 Eu, o<strong>n est trop port\u00e9 sur l&rsquo;eau-de-vie, tandis qu&rsquo;\u00e0 Auzouville-sur-Ry, \u00e0 Morgny, \u00e0 Bois-Guillaume, il faut veiller sur la loi de l&rsquo;abstinence.<\/strong><br \/>\n\u2026\/&nbsp;\u2026.<br \/>\n<em>Les presbyt\u00e8res<\/em><br \/>\n\u2026\/&nbsp;\u2026.<br \/>\nA Boissay, il tombe en ruines, mais on va en construire un neuf. <strong>A Auzouville-sur-Ry, la commune n&rsquo;assure aucun entretien.<\/strong><\/p>\n<p>&nbsp;<\/p>\n<h2><span style=\"font-size: small;\">Extrait de Pr\u00e9cis analytique des travaux de l&rsquo;Acad\u00e9mie des sciences, belles-lettres et arts de Rouen de 1969<\/span><\/h2>\n","protected":false},"excerpt":{"rendered":"<p>chronique de l\u2019abb\u00e9 Andr\u00e9 Four\u00e9 Le 25 juin 1827 l&rsquo;archev\u00eaque, Son Altesse Eminentissime Gustave, Maximilien, Juste, Cardinal-Prince de Croy, entrepris de visiter son dioc\u00e8se et voici que, proc\u00e9dant au classement d&rsquo;archives rue des Bonnetiers, nous avons d\u00e9couvert cinq cahiers, format \u00e9colier, dont quatre \u00e9crits de la main m\u00eame du Cardinal, notes r\u00e9dig\u00e9es au jour le [&hellip;]<\/p>\n","protected":false},"author":1,"featured_media":0,"parent":0,"menu_order":0,"comment_status":"closed","ping_status":"closed","template":"","meta":{"ngg_post_thumbnail":0,"footnotes":""},"class_list":["post-10066","page","type-page","status-publish","hentry"],"_links":{"self":[{"href":"https:\/\/www.auzouvillesurry.fr\/wordpress\/wp-json\/wp\/v2\/pages\/10066","targetHints":{"allow":["GET"]}}],"collection":[{"href":"https:\/\/www.auzouvillesurry.fr\/wordpress\/wp-json\/wp\/v2\/pages"}],"about":[{"href":"https:\/\/www.auzouvillesurry.fr\/wordpress\/wp-json\/wp\/v2\/types\/page"}],"author":[{"embeddable":true,"href":"https:\/\/www.auzouvillesurry.fr\/wordpress\/wp-json\/wp\/v2\/users\/1"}],"replies":[{"embeddable":true,"href":"https:\/\/www.auzouvillesurry.fr\/wordpress\/wp-json\/wp\/v2\/comments?post=10066"}],"version-history":[{"count":5,"href":"https:\/\/www.auzouvillesurry.fr\/wordpress\/wp-json\/wp\/v2\/pages\/10066\/revisions"}],"predecessor-version":[{"id":10085,"href":"https:\/\/www.auzouvillesurry.fr\/wordpress\/wp-json\/wp\/v2\/pages\/10066\/revisions\/10085"}],"wp:attachment":[{"href":"https:\/\/www.auzouvillesurry.fr\/wordpress\/wp-json\/wp\/v2\/media?parent=10066"}],"curies":[{"name":"wp","href":"https:\/\/api.w.org\/{rel}","templated":true}]}}